{"id":3809,"date":"2024-03-01T11:38:00","date_gmt":"2024-03-01T17:38:00","guid":{"rendered":"https:\/\/ambsanjose.esteri.it\/?page_id=3809"},"modified":"2024-03-14T09:00:55","modified_gmt":"2024-03-14T15:00:55","slug":"oportunidades-de-negocio","status":"publish","type":"page","link":"https:\/\/ambsanjose.esteri.it\/es\/italia-e-costa-rica\/diplomazia-economica\/fare-affari-in-italia\/oportunidades-de-negocio\/","title":{"rendered":"Oportunidades de negocio"},"content":{"rendered":"<p>Adquirir informaci\u00f3n sobre el mercado italiano y las oportunidades de negocio con Italia es el primer paso que deben dar los operadores extranjeros para identificar \u00e1reas y formas de inversi\u00f3n en Italia.<\/p>\n<p>Sugerimos consultar las siguientes p\u00e1ginas web:<\/p>\n<ul>\n<li><a href=\"http:\/\/investinitaly.com\/it\/perche-investire-in-italia\">Por qu\u00e9 invertir en Italia<\/a> (en ingl\u00e9s)<\/li>\n<li><a href=\"http:\/\/italiastartupvisa.mise.gov.it\/\">Italia Startup Visa<\/a> (en ingl\u00e9s)<\/li>\n<\/ul>\n<p>La p\u00e1gina web en ingl\u00e8s de la Agencia ICE <a href=\"https:\/\/www.ice.it\/en\/\">(el Portal Oficial &#8220;Made in Italy&#8221;)<\/a> incluye el Directorio de Empresas Made in Italy para buscar socios comerciales italianos.<\/p>\n<p>El <strong>portal de Infocamere<\/strong>, empresa del sistema de la C\u00e1mara de Comercio que gestiona el Registro Mercantil (<a href=\"http:\/\/www.registroimprese.it\">http:\/\/www.registroimprese.it<\/a>) proporciona acceso por Internet a la informaci\u00f3n contenida en el Registro Mercantil, el Registro de Protestos y la base de datos de Patentes y Marcas, as\u00ed como a los Registros Mercantiles de otros pa\u00edses de la UE.<\/p>\n","protected":false},"excerpt":{"rendered":"Adquirir informaci\u00f3n sobre el mercado italiano y las oportunidades de negocio con Italia es el primer paso que deben dar los operadores extranjeros para identificar \u00e1reas y formas de inversi\u00f3n en Italia. Sugerimos consultar las siguientes p\u00e1ginas web: Por qu\u00e9 invertir en Italia (en ingl\u00e9s) Italia Startup Visa (en ingl\u00e9s) La p\u00e1gina web en ingl\u00e8s [&hellip;]","protected":false},"author":5,"featured_media":0,"parent":159,"menu_order":0,"comment_status":"closed","ping_status":"closed","template":"","meta":{"footnotes":""},"class_list":["post-3809","page","type-page","status-publish","hentry"],"_links":{"self":[{"href":"https:\/\/ambsanjose.esteri.it\/es\/wp-json\/wp\/v2\/pages\/3809","targetHints":{"allow":["GET"]}}],"collection":[{"href":"https:\/\/ambsanjose.esteri.it\/es\/wp-json\/wp\/v2\/pages"}],"about":[{"href":"https:\/\/ambsanjose.esteri.it\/es\/wp-json\/wp\/v2\/types\/page"}],"author":[{"embeddable":true,"href":"https:\/\/ambsanjose.esteri.it\/es\/wp-json\/wp\/v2\/users\/5"}],"replies":[{"embeddable":true,"href":"https:\/\/ambsanjose.esteri.it\/es\/wp-json\/wp\/v2\/comments?post=3809"}],"version-history":[{"count":1,"href":"https:\/\/ambsanjose.esteri.it\/es\/wp-json\/wp\/v2\/pages\/3809\/revisions"}],"predecessor-version":[{"id":3810,"href":"https:\/\/ambsanjose.esteri.it\/es\/wp-json\/wp\/v2\/pages\/3809\/revisions\/3810"}],"up":[{"embeddable":true,"href":"https:\/\/ambsanjose.esteri.it\/es\/wp-json\/wp\/v2\/pages\/159"}],"wp:attachment":[{"href":"https:\/\/ambsanjose.esteri.it\/es\/wp-json\/wp\/v2\/media?parent=3809"}],"curies":[{"name":"wp","href":"https:\/\/api.w.org\/{rel}","templated":true}]}}