{"id":3813,"date":"2024-03-01T11:41:20","date_gmt":"2024-03-01T17:41:20","guid":{"rendered":"https:\/\/ambsanjose.esteri.it\/?page_id=3813"},"modified":"2024-03-14T09:03:04","modified_gmt":"2024-03-14T15:03:04","slug":"marco-macroeconomico","status":"publish","type":"page","link":"https:\/\/ambsanjose.esteri.it\/es\/italia-e-costa-rica\/diplomazia-economica\/fare-affari-in-italia\/marco-macroeconomico\/","title":{"rendered":"Marco macroecon\u00f3mico"},"content":{"rendered":"<p><strong>Los datos actualizados sobre la evoluci\u00f3n de la econom\u00eda italiana pueden consultarse en las fuentes que se indican a continuaci\u00f3n.<\/strong><\/p>\n<p><strong><br \/>\nBanco de Italia<br \/>\n<\/strong><a href=\"https:\/\/www.bancaditalia.it\/homepage\/index.html?com.dotmarketing.htmlpage.language=1\">En la p\u00e1gina web del Banco de Italia<\/a> hay un enlace a la secci\u00f3n de publicaciones por medio del que se pueden consultar los servicios econ\u00f3micos, estad\u00edsticos y de pol\u00edtica monetaria sobre Italia.<br \/>\nDe especial inter\u00e9s para un an\u00e1lisis preciso y actualizado del panorama econ\u00f3mico nacional es el Bolet\u00edn Econ\u00f3mico, que el Instituto actualiza en noviembre y marzo de cada a\u00f1o.<\/p>\n<p><strong>ISTAT<br \/>\n<\/strong><a href=\"https:\/\/www.istat.it\/it\/\">El Instituto Nacional de Estad\u00edstica<\/a> aporta datos actualizados sobre todos los indicadores econ\u00f3micos del pa\u00eds.<\/p>\n<p><strong>Eurostat<br \/>\n<\/strong><a href=\"http:\/\/ec.europa.eu\/eurostat\">El Instituto Europeo de Estad\u00edstica<\/a> proporciona datos actualizados sobre los principales indicadores econ\u00f3micos de los pa\u00edses de la UE.<\/p>\n<p><strong>Pa\u00edses de la OCDE &#8211; Italia<br \/>\n<\/strong><a href=\"http:\/\/www.oecd.org\/italy\/\">La web de la Organizaci\u00f3n para la Cooperaci\u00f3n y el Desarrollo Econ\u00f3mico (OCDE)<\/a>, que tambi\u00e9n cubre Italia, ofrece informes peri\u00f3dicos elaborados por sus propios analistas sobre la evoluci\u00f3n del pa\u00eds.<strong><br \/>\n<\/strong><\/p>\n<p>&nbsp;<\/p>\n","protected":false},"excerpt":{"rendered":"Los datos actualizados sobre la evoluci\u00f3n de la econom\u00eda italiana pueden consultarse en las fuentes que se indican a continuaci\u00f3n. Banco de Italia En la p\u00e1gina web del Banco de Italia hay un enlace a la secci\u00f3n de publicaciones por medio del que se pueden consultar los servicios econ\u00f3micos, estad\u00edsticos y de pol\u00edtica monetaria sobre [&hellip;]","protected":false},"author":5,"featured_media":0,"parent":159,"menu_order":3,"comment_status":"closed","ping_status":"closed","template":"","meta":{"footnotes":""},"class_list":["post-3813","page","type-page","status-publish","hentry"],"_links":{"self":[{"href":"https:\/\/ambsanjose.esteri.it\/es\/wp-json\/wp\/v2\/pages\/3813","targetHints":{"allow":["GET"]}}],"collection":[{"href":"https:\/\/ambsanjose.esteri.it\/es\/wp-json\/wp\/v2\/pages"}],"about":[{"href":"https:\/\/ambsanjose.esteri.it\/es\/wp-json\/wp\/v2\/types\/page"}],"author":[{"embeddable":true,"href":"https:\/\/ambsanjose.esteri.it\/es\/wp-json\/wp\/v2\/users\/5"}],"replies":[{"embeddable":true,"href":"https:\/\/ambsanjose.esteri.it\/es\/wp-json\/wp\/v2\/comments?post=3813"}],"version-history":[{"count":1,"href":"https:\/\/ambsanjose.esteri.it\/es\/wp-json\/wp\/v2\/pages\/3813\/revisions"}],"predecessor-version":[{"id":3816,"href":"https:\/\/ambsanjose.esteri.it\/es\/wp-json\/wp\/v2\/pages\/3813\/revisions\/3816"}],"up":[{"embeddable":true,"href":"https:\/\/ambsanjose.esteri.it\/es\/wp-json\/wp\/v2\/pages\/159"}],"wp:attachment":[{"href":"https:\/\/ambsanjose.esteri.it\/es\/wp-json\/wp\/v2\/media?parent=3813"}],"curies":[{"name":"wp","href":"https:\/\/api.w.org\/{rel}","templated":true}]}}