{"id":3822,"date":"2024-03-01T11:44:08","date_gmt":"2024-03-01T17:44:08","guid":{"rendered":"https:\/\/ambsanjose.esteri.it\/?page_id=3822"},"modified":"2024-03-14T09:13:27","modified_gmt":"2024-03-14T15:13:27","slug":"enlaces-utiles","status":"publish","type":"page","link":"https:\/\/ambsanjose.esteri.it\/es\/italia-e-costa-rica\/diplomazia-economica\/fare-affari-in-italia\/enlaces-utiles\/","title":{"rendered":"Enlaces \u00fatiles"},"content":{"rendered":"<p><a href=\"http:\/\/www.invitalia.it\/site\/new\/home.html\"><strong>Invitalia<\/strong><\/a>, la Agencia Nacional para la Atracci\u00f3n de Inversiones y el Desarrollo Empresarial, act\u00faa en nombre del Gobierno para aumentar la competitividad del pa\u00eds, sobre todo en el sur de Italia, y apoyar sectores estrat\u00e9gicos para el desarrollo. Sus objetivos prioritarios son: favorecer la atracci\u00f3n de inversiones extranjeras, apoyar la innovaci\u00f3n y el crecimiento del sistema productivo, y valorizar el potencial de los territorios.<\/p>\n<p><a href=\"http:\/\/www.unioncamere.gov.it\/\"><strong>Unione delle Camere di Commercio, Industria, Artigianato e Agricoltura<\/strong><\/a>, punto de referencia para los sectores productivos, tanto a nivel local como nacional e internacional. Tambi\u00e9n:<br \/>\n&#8211; promueve, implementa y gestiona, directamente o a trav\u00e9s de sus propias empresas especializadas, servicios y actividades de inter\u00e9s para las C\u00e1maras de Comercio y las categor\u00edas econ\u00f3micas;<br \/>\n&#8211; pretende consolidar y desarrollar la cooperaci\u00f3n con la red CCIE;<br \/>\n&#8211; facilita el acceso, con tecnolog\u00eda avanzada, a iniciativas y programas de la UE, y promueve acuerdos internacionales para promover a Italia en el mundo.<\/p>\n<p><a href=\"http:\/\/www.ice.gov.it\/\"><strong>ICE-Agenzia per la promozione all\u2019estero e l\u2019internazionalizzazione delle imprese italiane<\/strong><\/a>, es el organismo p\u00fablico encargado de desarrollar, facilitar y promover las relaciones econ\u00f3micas y comerciales de Italia con el extranjero, con especial atenci\u00f3n a las necesidades de las peque\u00f1as y medianas empresas, sus consorcios y agrupaciones.<br \/>\nLa red de la Agencia en todo el mundo proporciona asistencia y asesoramiento a las empresas italianas a trav\u00e9s de las actividades de 79 Unidades Operativas.<br \/>\nLas actividades de las unidades operativas de la Agencia ICE en el extranjero tienen como objetivo prestar servicios de asistencia\/consultor\u00eda, desarrollar acciones de promoci\u00f3n a favor de las empresas individuales y del Sistema Italiano, producir informaci\u00f3n sobre el pa\u00eds, sobre las oportunidades de negocio, sobre las competiciones internacionales, sobre las inversiones hacia y desde Italia.<\/p>\n<p><a href=\"https:\/\/www.assocamerestero.it\/\"><strong>Assocamerestero<\/strong><\/a>, es la asociaci\u00f3n de las C\u00e1maras de Comercio italianas en el mundo, creada para reforzar y desarrollar las actividades de las C\u00e1maras, difundiendo el inter\u00e9s y el conocimiento de la red y sus peculiaridades entre las instituciones y organizaciones empresariales italianas e internacionales. La Asociaci\u00f3n:<\/p>\n<p>&#8211; representa las necesidades y el potencial de servicio de las CCTI;<\/p>\n<p>&#8211; busca asociaciones y alianzas estrat\u00e9gicas con entidades y organismos p\u00fablicos y privados para promover el conocimiento y el uso de la red CCIE;<br \/>\n&#8211; sintetiza las experiencias y los conocimientos adquiridos por los distintos &#8220;nodos;<br \/>\n&#8211; promueve y difunde programas y proyectos en l\u00f3gica de red;<br \/>\n&#8211; promueve y difunde una cultura inform\u00e1tica actualizada;<br \/>\n&#8211; lleva a cabo acciones de comunicaci\u00f3n hacia los medios de comunicaci\u00f3n italianos, las instituciones, las empresas;<br \/>\n&#8211; promueve e imparte formaci\u00f3n para directivos;<br \/>\n&#8211; asiste a los promotores de nuevas C\u00e1maras en el extranjero;<br \/>\n&#8211; lleva a cabo actividades en red con otros sistemas camerales binacionales europeos.<\/p>\n<p><a href=\"http:\/\/www.confindustria.it\/\"><strong>Confindustria<\/strong><\/a>, (Organizaci\u00f3n que representa a las empresas manufactureras y de servicios en Italia): Fundada en 1910, Confindustria es la principal organizaci\u00f3n que representa a las empresas manufactureras y de servicios en Italia. Agrupa, de forma voluntaria, a m\u00e1s de 147.000 empresas de todos los tama\u00f1os con un total aproximado de 5.416.777 empleados.<br \/>\nSeg\u00fan su estatuto, Confindustria pretende contribuir, junto con las instituciones pol\u00edticas y las organizaciones econ\u00f3micas, sociales y culturales nacionales e internacionales, al crecimiento econ\u00f3mico y al progreso social del pa\u00eds.<\/p>\n<p><a href=\"http:\/\/www.cdp.it\/\"><strong>Cassa depositi e prestiti<\/strong><\/a>, es una sociedad an\u00f3nima controlada por el Ministerio de Econom\u00eda y Hacienda que gestiona parte de los ahorros del pa\u00eds y los utiliza para apoyar el crecimiento del pa\u00eds. La Cassa Depositi e Prestiti participa con otras importantes instituciones financieras extranjeras en la promoci\u00f3n de iniciativas destinadas a catalizar la inversi\u00f3n en grandes infraestructuras internacionales. Adem\u00e1s, se dedica a promover las relaciones con interlocutores extranjeros interesados en invertir en Italia y apoya a las empresas nacionales, fomentando su expansi\u00f3n transfronteriza.<\/p>\n<p><a href=\"http:\/\/www.formez.it\/\">FORMEZ PA \u2013 Centro di Formazione e Studi<\/a><strong>, proporciona asistencia t\u00e9cnica y servicios de formaci\u00f3n e informaci\u00f3n principalmente a las administraciones locales; participa en iniciativas de asistencia t\u00e9cnica y formaci\u00f3n a escala nacional e internacional en colaboraci\u00f3n con organismos p\u00fablicos y privados. El servicio Sportello Impresa de Formez lleva a cabo actividades continuas de formaci\u00f3n, asistencia y consultor\u00eda.<\/strong><\/p>\n<p><a href=\"http:\/\/www.informest.it\/\"><strong>INFORMEST<\/strong><\/a>, Centro di Servizi e Documentazione per la Cooperazione Economica Internazionale: estructura p\u00fablica sin \u00e1nimo de lucro creada para ofrecer a los operadores del mercado servicios de informaci\u00f3n, documentaci\u00f3n, formaci\u00f3n, asistencia y asesoramiento sobre los pa\u00edses de Europa Central y Sudoriental, los pa\u00edses de la antigua Uni\u00f3n Sovi\u00e9tica, China y Asia. Los servicios de Informest para el uso de instrumentos de ayuda p\u00fablica a la internacionalizaci\u00f3n incluyen la asistencia a las empresas en la solicitud de financiaci\u00f3n o contribuciones hasta la finalizaci\u00f3n del procedimiento correspondiente.<\/p>\n<p><a href=\"http:\/\/www.sace.it\/\"><strong>SACE \u2013 Servizi Assicurativi del Commercio Estero<\/strong><\/a><strong>, <\/strong>Compa\u00f1\u00eda de seguros de cr\u00e9ditos a la exportaci\u00f3n con capital social suscrito por el Ministerio de Econom\u00eda y Hacienda. Asegura y reasegura los riesgos pol\u00edticos, econ\u00f3micos y comerciales a los que se exponen los operadores italianos en sus transacciones internacionales; apoya las exportaciones de las peque\u00f1as y medianas empresas italianas facilitando el acceso a garant\u00edas de seguro.<\/p>\n<p><strong><a href=\"http:\/\/www.simest.it\/\">SIMEST \u2013 Finanziaria di sviluppo e promozione delle imprese italiane all\u2019estero<\/a>,<\/strong> Filial del Gobierno italiano, que posee el 76% de las acciones, es accionariado de bancos, empresas y asociaciones empresariales y comerciales.<br \/>\nLas principales funciones de SIMEST son:<br \/>\n&#8211; promover y apoyar las actividades en el extranjero de todas las empresas italianas, especialmente las peque\u00f1as y medianas, incluidas las empresas de comercio, artesan\u00eda y turismo, as\u00ed como las cooperativas, consorcios y otros organismos econ\u00f3micos, a trav\u00e9s de dos canales principales de actividad: apoyo al comercio y apoyo a las inversiones en el extranjero;<br \/>\n&#8211; prestar servicios de asistencia y consultor\u00eda en todas las fases de la puesta en marcha y ejecuci\u00f3n de inversiones en el extranjero;<br \/>\n&#8211; prestar apoyo financiero a las inversiones de empresas italianas en el extranjero mediante la gesti\u00f3n de incentivos y facilidades directas;<br \/>\n&#8211; la participaci\u00f3n de SIMEST en el capital de empresas extranjeras le permite compartir el riesgo potencial de la nueva iniciativa con un socio institucional que inyecta su propio capital, y pone a su disposici\u00f3n sus muchos a\u00f1os de experiencia en mercados extranjeros basada en la participaci\u00f3n en cientos de proyectos en todo el mundo;<br \/>\n&#8211; gestionar los fondos de capital riesgo del Ministerio de Actividades Productivas;<br \/>\n&#8211; bonificar los intereses de los pr\u00e9stamos concedidos a los exportadores italianos;<br \/>\n&#8211; financiar los gastos de construcci\u00f3n de estructuras comerciales<br \/>\npermanentes;<br \/>\n&#8211; proporcionar financiaci\u00f3n para estudios de viabilidad y asistencia t\u00e9cnica<br \/>\n&#8211; financiar los costes de las licitaciones internacionales;<br \/>\n&#8211; realizar operaciones de prospecci\u00f3n empresarial.<\/p>\n<p>&nbsp;<\/p>\n<p><strong>Regiones:<\/strong><\/p>\n<ul>\n<li><a href=\"http:\/\/www.regione.abruzzo.it\/\">ABRUZZO<\/a><\/li>\n<li><a href=\"http:\/\/www.regione.basilicata.it\/giunta\/site\/giunta\/home.jsp\">BASILICATA<\/a><\/li>\n<li><a href=\"http:\/\/www.regione.calabria.it\/\">CALABRIA<\/a><\/li>\n<li><a href=\"http:\/\/www.regione.campania.it\/\">CAMPANIA<\/a><\/li>\n<li><a href=\"http:\/\/www.regione.emilia-romagna.it\/\">EMILIA-ROMAGNA<\/a><\/li>\n<li><a href=\"http:\/\/www.regione.fvg.it\/rafvg\/cms\/RAFVG\/\">FRIULI VENEZIA GIULIA<\/a><\/li>\n<li><a href=\"https:\/\/www.regione.lazio.it\/\">LAZIO<\/a><\/li>\n<li><a href=\"http:\/\/www.regione.liguria.it\/\">LIGURIA<\/a><\/li>\n<li><a href=\"http:\/\/www.regione.lombardia.it\/cs\/Satellite?c=Page&amp;childpagename=HomeSPRL\/HomePageLayout&amp;cid=1194454760265&amp;pagename=HMSPRLWrapper&amp;rendermode=live\">LOMBARDIA<\/a><\/li>\n<li><a href=\"http:\/\/www.regione.marche.it\/\">MARCHE<\/a><\/li>\n<li><a href=\"http:\/\/www3.regione.molise.it\/flex\/cm\/pages\/ServeBLOB.php\/L\/IT\/IDPagina\/1\">MOLISE<\/a><\/li>\n<li><a href=\"http:\/\/www.regione.piemonte.it\/\">PIEMONTE<\/a><\/li>\n<li><a href=\"http:\/\/www.regione.puglia.it\/\">PUGLIA<\/a><\/li>\n<li><a href=\"http:\/\/www.regione.sardegna.it\/\">SARDEGNA<\/a><\/li>\n<li><a href=\"https:\/\/www.regione.sicilia.it\/\">SICILIA<\/a><\/li>\n<li><a href=\"http:\/\/www.regione.toscana.it\/\">TOSCANA<\/a><\/li>\n<li><a href=\"http:\/\/www.regione.taa.it\/\">TRENTINO-ALTO ADIGE<\/a><\/li>\n<li><a href=\"http:\/\/www.regione.umbria.it\/home\">UMBRIA<\/a><\/li>\n<li><a href=\"http:\/\/www.regione.vda.it\/\">VALLE D\u2019AOSTA<\/a><\/li>\n<li><a href=\"http:\/\/www.regione.veneto.it\/web\/guest\">VENETO<\/a><\/li>\n<\/ul>\n<h1><\/h1>\n","protected":false},"excerpt":{"rendered":"Invitalia, la Agencia Nacional para la Atracci\u00f3n de Inversiones y el Desarrollo Empresarial, act\u00faa en nombre del Gobierno para aumentar la competitividad del pa\u00eds, sobre todo en el sur de Italia, y apoyar sectores estrat\u00e9gicos para el desarrollo. Sus objetivos prioritarios son: favorecer la atracci\u00f3n de inversiones extranjeras, apoyar la innovaci\u00f3n y el crecimiento del [&hellip;]","protected":false},"author":5,"featured_media":0,"parent":159,"menu_order":5,"comment_status":"closed","ping_status":"closed","template":"","meta":{"footnotes":""},"class_list":["post-3822","page","type-page","status-publish","hentry"],"_links":{"self":[{"href":"https:\/\/ambsanjose.esteri.it\/es\/wp-json\/wp\/v2\/pages\/3822","targetHints":{"allow":["GET"]}}],"collection":[{"href":"https:\/\/ambsanjose.esteri.it\/es\/wp-json\/wp\/v2\/pages"}],"about":[{"href":"https:\/\/ambsanjose.esteri.it\/es\/wp-json\/wp\/v2\/types\/page"}],"author":[{"embeddable":true,"href":"https:\/\/ambsanjose.esteri.it\/es\/wp-json\/wp\/v2\/users\/5"}],"replies":[{"embeddable":true,"href":"https:\/\/ambsanjose.esteri.it\/es\/wp-json\/wp\/v2\/comments?post=3822"}],"version-history":[{"count":1,"href":"https:\/\/ambsanjose.esteri.it\/es\/wp-json\/wp\/v2\/pages\/3822\/revisions"}],"predecessor-version":[{"id":3824,"href":"https:\/\/ambsanjose.esteri.it\/es\/wp-json\/wp\/v2\/pages\/3822\/revisions\/3824"}],"up":[{"embeddable":true,"href":"https:\/\/ambsanjose.esteri.it\/es\/wp-json\/wp\/v2\/pages\/159"}],"wp:attachment":[{"href":"https:\/\/ambsanjose.esteri.it\/es\/wp-json\/wp\/v2\/media?parent=3822"}],"curies":[{"name":"wp","href":"https:\/\/api.w.org\/{rel}","templated":true}]}}