{"id":3833,"date":"2024-01-15T11:32:55","date_gmt":"2024-01-15T17:32:55","guid":{"rendered":"https:\/\/ambsanjose.esteri.it\/?page_id=3833"},"modified":"2024-03-14T14:55:47","modified_gmt":"2024-03-14T20:55:47","slug":"cesare-dondoli","status":"publish","type":"page","link":"https:\/\/ambsanjose.esteri.it\/es\/italia-e-costa-rica\/diplomazia-culturale\/643-2\/cesare-dondoli\/","title":{"rendered":"Cesare Dondoli"},"content":{"rendered":"<p>Cesare Dondoli es considerado el fundador de los estudios de ciencias geol\u00f3gicas en Costa Rica.<\/p>\n<p>Dondoli naci\u00f3 en Castell&#8217;Arquato (Piacenza, Italia) el 3 de junio de 1913 y falleci\u00f3 en Costa Rica en 1994.<br \/>\nTras licenciarse en Ciencias Naturales en la Universidad de M\u00f3dena en junio de 1936, fue asistente en el Instituto de Geolog\u00eda de la misma universidad durante dos a\u00f1os y trabaj\u00f3 como ge\u00f3logo en AGIP petroli.<\/p>\n<p>En 1939 fue contratado en Costa Rica para ocupar la plaza vacante que hab\u00eda dejado otro ge\u00f3logo pionero, el suizo Pablo Schaufelberger, jefe de la Secci\u00f3n de Geolog\u00eda y Mineralog\u00eda del Centro Nacional de Agricultura. En 1940, esta secci\u00f3n se incorpor\u00f3 a la Facultad de Agronom\u00eda de la Universidad de Costa Rica &#8211; UCR.<\/p>\n<p>El Profesor Dondoli se dedic\u00f3 a la prospecci\u00f3n geol\u00f3gica con fines mineros y al estudio de suelos, aguas subterr\u00e1neas y an\u00e1lisis qu\u00edmicos de rocas, suelos y minerales. Sus responsabilidades inclu\u00edan el monitoreo de los sism\u00f3grafos del antiguo Instituto F\u00edsico-Geogr\u00e1fico, dirigido por el cient\u00edfico suizo Henry Pittier, instalado en el Centro Agr\u00edcola Nacional en San Pedro de Montes de Oca.<\/p>\n<p>En el Centro imparti\u00f3 sus primeras clases de Geolog\u00eda y llev\u00f3 a cabo las primeras investigaciones geol\u00f3gicas aplicadas al sector de la agronom\u00eda. Entre ellas destacan las que denomin\u00f3 investigaciones &#8220;geoagron\u00f3micas&#8221;, que permitieron a muchos de sus alumnos graduarse en ingenier\u00eda agron\u00f3mica a principios de los a\u00f1os cuarenta. Los primeros graduados fueron Gabriel Dengo Obreg\u00f3n (ge\u00f3logo), Gil Chaverri Rodr\u00edguez (qu\u00edmico) y Herbert Nanne Michaud (agr\u00f3nomo).<\/p>\n<p>Al estallar la Segunda Guerra Mundial en 1943, el Prof. Dondoli, debido a su nacionalidad italiana, fue internado en un campo de concentraci\u00f3n en Estados Unidos y en 1945, al finalizar el periodo b\u00e9lico, regres\u00f3 a su patria, donde trabaj\u00f3 en investigaciones relacionadas con la perforaci\u00f3n y explotaci\u00f3n de hidrocarburos.<\/p>\n<p>En 1949 regres\u00f3 a Costa Rica para asumir la jefatura de la Secci\u00f3n de Geolog\u00eda y Mineralog\u00eda. Trabaj\u00f3 como acad\u00e9mico en los Departamentos de Agronom\u00eda e Ingenier\u00eda de la UCR y en el Ministerio de Agricultura en la preparaci\u00f3n del C\u00f3digo de la miner\u00eda, aprobado en 1953, y del contrato petrolero con Union Oil. En este a\u00f1o se cre\u00f3 el Departamento de Geolog\u00eda, Minas y Petr\u00f3leo del Ministerio de Agricultura.<\/p>\n<p>Al crearse el Departamento, el Prof. Dondoli prepar\u00f3 un personal profesional y t\u00e9cnico para apoyar las diversas actividades geol\u00f3gicas y de desarrollo, como la extracci\u00f3n minera y petrolera, la investigaci\u00f3n tect\u00f3nica, las actividades agropecuarias, la infraestructura, la energ\u00eda, los recursos h\u00eddricos, as\u00ed como las actividades sismol\u00f3gicas, vulcanol\u00f3gicas y de monitoreo e impacto de desastres naturales, que posteriormente sirvieron para conformar la Red Sismol\u00f3gica Nacional (RSN).<\/p>\n<p><img loading=\"lazy\" decoding=\"async\" class=\"alignleft size-medium wp-image-3092 img-fluid\" src=\"https:\/\/ambsanjose.esteri.it\/wp-content\/uploads\/2024\/01\/WhatsApp-Image-2024-01-15-at-06.58.20-225x300.jpeg\" alt=\"\" width=\"225\" height=\"300\" srcset=\"https:\/\/ambsanjose.esteri.it\/wp-content\/uploads\/2024\/01\/WhatsApp-Image-2024-01-15-at-06.58.20-225x300.jpeg 225w, https:\/\/ambsanjose.esteri.it\/wp-content\/uploads\/2024\/01\/WhatsApp-Image-2024-01-15-at-06.58.20-768x1024.jpeg 768w, https:\/\/ambsanjose.esteri.it\/wp-content\/uploads\/2024\/01\/WhatsApp-Image-2024-01-15-at-06.58.20.jpeg 1200w\" sizes=\"auto, (max-width: 225px) 100vw, 225px\" \/><\/p>\n<p>En 1960, se organiz\u00f3 la Primera Reuni\u00f3n de Ge\u00f3logos Centroamericanos, celebrada en la UCR. Este fue un hito hist\u00f3rico importante en la historia nacional de Costa Rica, ya que fue all\u00ed donde el Prof. Dondoli present\u00f3 el proyecto para la creaci\u00f3n de la Escuela Centroamericana de Geolog\u00eda, que posteriormente se concret\u00f3 en la Universidad de Costa Rica en 1970.<\/p>\n<p>As\u00ed comenz\u00f3 el trabajo fruct\u00edfero del Prof. Dondoli en Costa Rica en favor de las ciencias geol\u00f3gicas, que culmin\u00f3 con la creaci\u00f3n de la Escuela Centroamericana de Geolog\u00eda, de la que fue director durante varios a\u00f1os.<\/p>\n<p>Dej\u00f3 el cargo de Director del Departamento de Geolog\u00eda, Miner\u00eda y Petr\u00f3leo en 1971, para continuar como primer Director de la Escuela hasta su jubilaci\u00f3n en 1979.<\/p>\n<p>Su vida como profesor e investigador fue larga y fruct\u00edfera.<\/p>\n<p>Falleci\u00f3 el 7 de julio de 1994 y sus restos descansan en su querida Italia.<\/p>\n","protected":false},"excerpt":{"rendered":"Cesare Dondoli es considerado el fundador de los estudios de ciencias geol\u00f3gicas en Costa Rica. Dondoli naci\u00f3 en Castell&#8217;Arquato (Piacenza, Italia) el 3 de junio de 1913 y falleci\u00f3 en Costa Rica en 1994. Tras licenciarse en Ciencias Naturales en la Universidad de M\u00f3dena en junio de 1936, fue asistente en el Instituto de Geolog\u00eda [&hellip;]","protected":false},"author":5,"featured_media":0,"parent":643,"menu_order":0,"comment_status":"closed","ping_status":"closed","template":"","meta":{"footnotes":""},"class_list":["post-3833","page","type-page","status-publish","hentry"],"_links":{"self":[{"href":"https:\/\/ambsanjose.esteri.it\/es\/wp-json\/wp\/v2\/pages\/3833","targetHints":{"allow":["GET"]}}],"collection":[{"href":"https:\/\/ambsanjose.esteri.it\/es\/wp-json\/wp\/v2\/pages"}],"about":[{"href":"https:\/\/ambsanjose.esteri.it\/es\/wp-json\/wp\/v2\/types\/page"}],"author":[{"embeddable":true,"href":"https:\/\/ambsanjose.esteri.it\/es\/wp-json\/wp\/v2\/users\/5"}],"replies":[{"embeddable":true,"href":"https:\/\/ambsanjose.esteri.it\/es\/wp-json\/wp\/v2\/comments?post=3833"}],"version-history":[{"count":1,"href":"https:\/\/ambsanjose.esteri.it\/es\/wp-json\/wp\/v2\/pages\/3833\/revisions"}],"predecessor-version":[{"id":3836,"href":"https:\/\/ambsanjose.esteri.it\/es\/wp-json\/wp\/v2\/pages\/3833\/revisions\/3836"}],"up":[{"embeddable":true,"href":"https:\/\/ambsanjose.esteri.it\/es\/wp-json\/wp\/v2\/pages\/643"}],"wp:attachment":[{"href":"https:\/\/ambsanjose.esteri.it\/es\/wp-json\/wp\/v2\/media?parent=3833"}],"curies":[{"name":"wp","href":"https:\/\/api.w.org\/{rel}","templated":true}]}}