{"id":394,"date":"2023-10-12T10:37:32","date_gmt":"2023-10-12T16:37:32","guid":{"rendered":"https:\/\/ambsanjose.esteri.it\/?page_id=394"},"modified":"2023-10-12T10:38:19","modified_gmt":"2023-10-12T16:38:19","slug":"las-escuelas-en-italia","status":"publish","type":"page","link":"https:\/\/ambsanjose.esteri.it\/es\/italia-e-costa-rica\/diplomazia-culturale\/studiare-in-italia\/las-escuelas-en-italia\/","title":{"rendered":"Las escuelas en Italia"},"content":{"rendered":"<p>Una lista completa de las\u00a0<strong><a href=\"http:\/\/www.istruzione.it\/anagrafica_scuole\/statali.shtml\">Escuelas Primarias, Secundarias y Bachilleratos<\/a><\/strong>\u00a0p\u00fablicos Italianos es constantemente actualizada por el Ministerio de Educaci\u00f3n, Universidad e Investigaci\u00f3n.<\/p>\n<p>Una lista completa de las\u00a0<strong><a href=\"http:\/\/www.istruzione.it\/anagrafica_scuole\/nonstatali.shtml\">Escuelas Primarias, Secundarias y Bachilleratos italianos no estatales<\/a><\/strong>\u00a0se encuentra en el sitio web oficial del MIUR.<\/p>\n<p>Para una investigaci\u00f3n exhaustiva, tambi\u00e9n est\u00e1 disponible el motor de b\u00fasqueda\u00a0<a href=\"http:\/\/www.alboscuole.it\/albo.asp\"><strong>AlboScuole<\/strong><\/a>.<\/p>\n","protected":false},"excerpt":{"rendered":"Una lista completa de las\u00a0Escuelas Primarias, Secundarias y Bachilleratos\u00a0p\u00fablicos Italianos es constantemente actualizada por el Ministerio de Educaci\u00f3n, Universidad e Investigaci\u00f3n. Una lista completa de las\u00a0Escuelas Primarias, Secundarias y Bachilleratos italianos no estatales\u00a0se encuentra en el sitio web oficial del MIUR. Para una investigaci\u00f3n exhaustiva, tambi\u00e9n est\u00e1 disponible el motor de b\u00fasqueda\u00a0AlboScuole.","protected":false},"author":5,"featured_media":0,"parent":164,"menu_order":0,"comment_status":"closed","ping_status":"closed","template":"","meta":{"footnotes":""},"class_list":["post-394","page","type-page","status-publish","hentry"],"_links":{"self":[{"href":"https:\/\/ambsanjose.esteri.it\/es\/wp-json\/wp\/v2\/pages\/394","targetHints":{"allow":["GET"]}}],"collection":[{"href":"https:\/\/ambsanjose.esteri.it\/es\/wp-json\/wp\/v2\/pages"}],"about":[{"href":"https:\/\/ambsanjose.esteri.it\/es\/wp-json\/wp\/v2\/types\/page"}],"author":[{"embeddable":true,"href":"https:\/\/ambsanjose.esteri.it\/es\/wp-json\/wp\/v2\/users\/5"}],"replies":[{"embeddable":true,"href":"https:\/\/ambsanjose.esteri.it\/es\/wp-json\/wp\/v2\/comments?post=394"}],"version-history":[{"count":1,"href":"https:\/\/ambsanjose.esteri.it\/es\/wp-json\/wp\/v2\/pages\/394\/revisions"}],"predecessor-version":[{"id":395,"href":"https:\/\/ambsanjose.esteri.it\/es\/wp-json\/wp\/v2\/pages\/394\/revisions\/395"}],"up":[{"embeddable":true,"href":"https:\/\/ambsanjose.esteri.it\/es\/wp-json\/wp\/v2\/pages\/164"}],"wp:attachment":[{"href":"https:\/\/ambsanjose.esteri.it\/es\/wp-json\/wp\/v2\/media?parent=394"}],"curies":[{"name":"wp","href":"https:\/\/api.w.org\/{rel}","templated":true}]}}