{"id":398,"date":"2023-10-12T10:42:57","date_gmt":"2023-10-12T16:42:57","guid":{"rendered":"https:\/\/ambsanjose.esteri.it\/?page_id=398"},"modified":"2024-04-16T11:42:57","modified_gmt":"2024-04-16T17:42:57","slug":"universidad","status":"publish","type":"page","link":"https:\/\/ambsanjose.esteri.it\/es\/italia-e-costa-rica\/diplomazia-culturale\/studiare-in-italia\/universidad\/","title":{"rendered":"Universidad"},"content":{"rendered":"<div class=\"row\">\n<div class=\"col-md-17 col-sm-12 col-xs-24 share\">\n<div class=\"moduletable\">\n<div><\/div>\n<\/div>\n<\/div>\n<\/div>\n<div class=\"sr-only\">El sistema italiano de ense\u00f1anza superior es muy variado y diverso y consta de unas 800 instituciones. Se divide en:<\/div>\n<div>\n<ul>\n<li><strong>Universidades<\/strong>: se dividen principalmente en p\u00fablicas y privadas;<\/li>\n<li><strong>Centros Nacionales de Investigaci\u00f3n<\/strong>;<\/li>\n<li>Los <strong>Institutos AFAM<\/strong> se dividen en los sectores de artes visuales, m\u00fasica, coreograf\u00eda y teatro;<\/li>\n<li><strong>Escuelas Superiores de Mediadores Ling\u00fc\u00edsticos<\/strong> (SSML): otorgan t\u00edtulos equivalentes a los universitarios en Ciencias de la Mediaci\u00f3n Ling\u00fc\u00edstica;<\/li>\n<li>Istituti di specializzazione in psicoterapia (Institutos de especializaci\u00f3n en psicoterapia): expiden t\u00edtulos de tercer ciclo equivalentes a los diplomas de especializaci\u00f3n expedidos por las universidades;<\/li>\n<li><strong>Istituti Tecnici Superiori (ITS):<\/strong> son institutos de formaci\u00f3n terciaria NO universitarios. Estos institutos surgieron de la conciencia de crear un v\u00ednculo m\u00e1s fuerte entre el mundo de la educaci\u00f3n y el mundo industrial. ITS trabaja en \u00e1mbitos de alta tecnolog\u00eda como: Eficiencia energ\u00e9tica, Movilidad sostenible, Nuevas tecnolog\u00edas para la vida, Nuevas tecnolog\u00edas para el Made in Italy, Tecnolog\u00edas innovadoras para el patrimonio y las actividades culturales &#8211; Turismo, Tecnolog\u00edas de la informaci\u00f3n y la comunicaci\u00f3n<\/li>\n<li>otros institutos, como la Scuola di alta formazione dell&#8217;Istituto superiore per la conservazione e il restauro, la Scuola di alta formazione dell&#8217;Opificio delle pietre dure, la Scuola di alta formazione dell&#8217;Istituto centrale per la patologia del libro.<\/li>\n<\/ul>\n<h1><\/h1>\n<h1><strong>Las Universidades<\/strong><\/h1>\n<p><strong>Las universidades italianas<\/strong> ofrecen una preparaci\u00f3n te\u00f3rica y acad\u00e9mica de alto nivel en un amplio abanico de disciplinas. Algunas universidades se especializan en materias espec\u00edficas, como las Polit\u00e9cnicas.<\/p>\n<p>El sistema universitario italiano est\u00e1 organizado en tres ciclos, de acuerdo con los principios del Espacio Europeo de Educaci\u00f3n Superior (EEES).<\/p>\n<p>A cada ciclo corresponden titulaciones espec\u00edficas que permiten a los estudiantes avanzar en sus estudios, participar en concursos p\u00fablicos, participar en programas europeos de movilidad, acceder al mercado laboral y desarrollar carreras profesionales.<\/p>\n<p>A cada ciclo le corresponde un n\u00famero de CFU (cr\u00e9ditos universitarios) con los que se mide el trabajo exigido a los estudiantes (dividido en clases te\u00f3ricas, tutor\u00edas, talleres, pr\u00e1cticas, etc.).<\/p>\n<p>Un cr\u00e9dito corresponde normalmente a 25 horas de estudio total.<\/p>\n<h3><strong>PRIMER CICLO (GRADO)<\/strong><br \/>\n<strong><br \/>\n-BACHILLER UNIVERSITARIO <\/strong>\u00a0(Laurea triennale en italiano)<\/h3>\n<p>Objetivo: Proporcionar al alumno un dominio adecuado de los m\u00e9todos y contenidos cient\u00edficos generales.<\/p>\n<p>Duraci\u00f3n: 3 a\u00f1os<\/p>\n<p>Corresponde a: Licenciatura del sistema universitario europeo de\ufb01nido en Bolonia en 1999.<\/p>\n<p>CFU (cr\u00e9ditos de formaci\u00f3n universitaria): 180 CFU<\/p>\n<p>Requisitos generales de acceso: T\u00edtulo de bachillerato u otro t\u00edtulo obtenido en el extranjero y reconocido como apto.<\/p>\n<p>El acceso a los cursos de primer nivel puede ser abierto, reservado a un n\u00famero limitado de estudiantes (cursos de &#8220;n\u00famero cerrado&#8221;), o estar condicionado a una prueba de acceso o de motivaci\u00f3n.<\/p>\n<p>&nbsp;<\/p>\n<h2><strong>SEGUNDO CICLO (POSTGRADO)<\/strong><\/h2>\n<h3><strong>-MAESTRIA <\/strong>(Laurea magistrale en italiano)<\/h3>\n<p>Objetivo: proporcionar al estudiante una formaci\u00f3n avanzada para el ejercicio de actividades de alta cuali\ufb01caci\u00f3n en campos especializados.<\/p>\n<p>Duraci\u00f3n: 2 a\u00f1os<\/p>\n<p>Corresponde a: M\u00e1ster del Sistema Universitario Europeo de\ufb01nido en Bolonia en 1999.<\/p>\n<p>CFU (Cr\u00e9ditos de Formaci\u00f3n Universitaria): 120 CFU<\/p>\n<p>Requisitos generales de acceso: T\u00edtulo universitario u otro t\u00edtulo extranjero reconocido.<\/p>\n<p><strong>-MAESTRIA DE CICLO \u00daNICO <\/strong>(Laurea magistrale a ciclo \u00fanico en italiano)<\/p>\n<p>Algunas disciplinas (por ejemplo, Medicina y Cirug\u00eda, Farmacia y Derecho) est\u00e1n estructuradas en m\u00e1steres de ciclo \u00fanico a los que se puede acceder directamente con el t\u00edtulo de bachillerato o un t\u00edtulo extranjero equivalente, sin interrupci\u00f3n entre un primer y un segundo ciclo.<\/p>\n<p>Duraci\u00f3n: 5 \u00f3 6 a\u00f1os<\/p>\n<p>CFU (Cr\u00e9ditos de Formaci\u00f3n Universitaria): 300 \u00f3 360 CFU.<\/p>\n<p>Requisitos generales de acceso:<\/p>\n<p>T\u00edtulo de bachillerato u otro t\u00edtulo obtenido en el extranjero y reconocido como apto.<\/p>\n<p>Se prev\u00e9n ex\u00e1menes de admisi\u00f3n.<\/p>\n<p><strong>-MAESTRIA UNIVERSITARIA DE I NIVEL <\/strong>(Master di primo livello en italiano)<\/p>\n<p>Objetivo: curso de especializaci\u00f3n que tiene como objetivo mejorar la formaci\u00f3n profesional del estudiante.<\/p>\n<p>Duraci\u00f3n: m\u00ednimo 1 a\u00f1o<\/p>\n<p>CFU: m\u00ednimo 60 ECTS<\/p>\n<p>Este tipo de curso est\u00e1 disponible en algunas universidades pero no forma parte del sistema universitario europeo de\ufb01nido en Bolonia en 1999 y no permite el acceso a cursos de doctorado.<\/p>\n<p>&nbsp;<\/p>\n<h2><strong>TERCER CICLO<\/strong><\/h2>\n<h3><strong>-DOCTORADO <\/strong>(Dottorato di Ricerca en italiano)<\/h3>\n<p>Objetivo: proporcionar las competencias necesarias para llevar a cabo una investigaci\u00f3n altamente cualificada.<\/p>\n<p>Duraci\u00f3n: m\u00ednimo 3 a\u00f1os<\/p>\n<p>Requisitos generales de acceso: T\u00edtulo de M\u00e1ster\/Maestr\u00eda italiano o extranjero y superaci\u00f3n de un concurso p\u00fablico.<\/p>\n<p><strong><br \/>\n-DIPLOMA DE ESPECIALIZACI\u00d3N<\/strong><\/p>\n<p>Objetivo: proporcionar conocimientos y cualificaci\u00f3n para las funciones requeridas en el ejercicio de determinadas actividades profesionales, en particular en el \u00e1mbito de las especialidades m\u00e9dicas, cl\u00ednicas y quir\u00fargicas.<\/p>\n<p>Duraci\u00f3n: 2 &#8211; 6 a\u00f1os<\/p>\n<p>UFC: 120 -360<\/p>\n<p>Requisitos generales de acceso:\u00a0T\u00edtulo de M\u00e1ster\/Maestr\u00eda italiano o extranjero y superaci\u00f3n de una oposici\u00f3n.<\/p>\n<p><strong><br \/>\n-M\u00c1STER UNIVERSITARIO DE SEGUNDO NIVEL <\/strong>(Master di secondo livello en italiano)<\/p>\n<p>Objetivo: formaci\u00f3n universitaria superior a la que se accede tras la obtenci\u00f3n de un t\u00edtulo de m\u00e1ster\/m\u00e1ster.<\/p>\n<p>Duraci\u00f3n: 1 a\u00f1o como m\u00ednimo<\/p>\n<p>CFU (cr\u00e9ditos de formaci\u00f3n universitaria) adquiridos: 60 CFU (&#8220;cr\u00e9ditos de formaci\u00f3n universitaria&#8221;) como m\u00ednimo.<\/p>\n<p>&nbsp;<\/p>\n<p>Para m\u00e1s informaciones y detalles consultar las siguientes p\u00e1ginas:<br \/>\n<a href=\"https:\/\/studyinitaly.esteri.it\/\"><strong>https:\/\/studyinitaly.esteri.it\/<\/strong><\/a><br \/>\n<a href=\"https:\/\/uni-italia.it\/studenti\/sistema-universitario\/\"><strong>https:\/\/uni-italia.it\/studenti\/sistema-universitario\/<\/strong><\/a><\/p>\n<p>&nbsp;<\/p>\n<p><img loading=\"lazy\" decoding=\"async\" class=\"alignleft wp-image-4191 img-fluid\" src=\"https:\/\/ambsanjose.esteri.it\/wp-content\/uploads\/2024\/04\/sistema-formativo-it-DEF-1024x576-1-300x169.jpg\" alt=\"\" width=\"538\" height=\"303\" srcset=\"https:\/\/ambsanjose.esteri.it\/wp-content\/uploads\/2024\/04\/sistema-formativo-it-DEF-1024x576-1-300x169.jpg 300w, https:\/\/ambsanjose.esteri.it\/wp-content\/uploads\/2024\/04\/sistema-formativo-it-DEF-1024x576-1-768x432.jpg 768w, https:\/\/ambsanjose.esteri.it\/wp-content\/uploads\/2024\/04\/sistema-formativo-it-DEF-1024x576-1.jpg 1024w\" sizes=\"auto, (max-width: 538px) 100vw, 538px\" \/><\/p>\n<p>&nbsp;<\/p>\n<\/div>\n","protected":false},"excerpt":{"rendered":"El sistema italiano de ense\u00f1anza superior es muy variado y diverso y consta de unas 800 instituciones. Se divide en: Universidades: se dividen principalmente en p\u00fablicas y privadas; Centros Nacionales de Investigaci\u00f3n; Los Institutos AFAM se dividen en los sectores de artes visuales, m\u00fasica, coreograf\u00eda y teatro; Escuelas Superiores de Mediadores Ling\u00fc\u00edsticos (SSML): otorgan t\u00edtulos [&hellip;]","protected":false},"author":5,"featured_media":0,"parent":164,"menu_order":1,"comment_status":"closed","ping_status":"closed","template":"","meta":{"footnotes":""},"class_list":["post-398","page","type-page","status-publish","hentry"],"_links":{"self":[{"href":"https:\/\/ambsanjose.esteri.it\/es\/wp-json\/wp\/v2\/pages\/398","targetHints":{"allow":["GET"]}}],"collection":[{"href":"https:\/\/ambsanjose.esteri.it\/es\/wp-json\/wp\/v2\/pages"}],"about":[{"href":"https:\/\/ambsanjose.esteri.it\/es\/wp-json\/wp\/v2\/types\/page"}],"author":[{"embeddable":true,"href":"https:\/\/ambsanjose.esteri.it\/es\/wp-json\/wp\/v2\/users\/5"}],"replies":[{"embeddable":true,"href":"https:\/\/ambsanjose.esteri.it\/es\/wp-json\/wp\/v2\/comments?post=398"}],"version-history":[{"count":3,"href":"https:\/\/ambsanjose.esteri.it\/es\/wp-json\/wp\/v2\/pages\/398\/revisions"}],"predecessor-version":[{"id":4235,"href":"https:\/\/ambsanjose.esteri.it\/es\/wp-json\/wp\/v2\/pages\/398\/revisions\/4235"}],"up":[{"embeddable":true,"href":"https:\/\/ambsanjose.esteri.it\/es\/wp-json\/wp\/v2\/pages\/164"}],"wp:attachment":[{"href":"https:\/\/ambsanjose.esteri.it\/es\/wp-json\/wp\/v2\/media?parent=398"}],"curies":[{"name":"wp","href":"https:\/\/api.w.org\/{rel}","templated":true}]}}