{"id":4044,"date":"2024-03-26T09:47:27","date_gmt":"2024-03-26T15:47:27","guid":{"rendered":"https:\/\/ambsanjose.esteri.it\/?page_id=4044"},"modified":"2024-03-26T09:49:17","modified_gmt":"2024-03-26T15:49:17","slug":"sandro-alviani","status":"publish","type":"page","link":"https:\/\/ambsanjose.esteri.it\/es\/italia-e-costa-rica\/diplomazia-culturale\/643-2\/sandro-alviani\/","title":{"rendered":"Sandro Alviani"},"content":{"rendered":"<p>Herpet\u00f3logo italiano de formaci\u00f3n y cofundador de Jaguar Rescue Center desde 2008, Sandro Alviani ha dedicado su vida al cuidado de los animales, con especial inter\u00e9s por los reptiles y los anfibios.<br \/>\nFue el fundador del Grupo Atrox, una organizaci\u00f3n que se ocupa de serpientes y otros reptiles, con exposiciones itinerantes que muestran a los animales y sensibilizan al p\u00fablico sobre sus necesidades y su importante lugar en el mundo.<\/p>\n<p>Tambi\u00e9n ha realizado investigaciones sobre reproducci\u00f3n y conservaci\u00f3n de anfibios, que le han permitido obtener el reconocimiento CITES para algunas de las ranas m\u00e1s amenazadas del mundo.<br \/>\nEn 1997, tras 10 a\u00f1os recorriendo Costa Rica, donde realizaba sus investigaciones, Sandro decidi\u00f3 trasladarse a la costa caribe\u00f1a del sur del pa\u00eds.<\/p>\n<p>Cuatro a\u00f1os m\u00e1s tarde conoci\u00f3 a Encar Garc\u00eda, una primat\u00f3loga catalana que se fue de vacaciones a Puerto Viejo.\u00a0 Poco despu\u00e9s de mudarse a Costa Rica en 2005, algunos vecinos oyeron hablar de los dos expertos en animales y empezaron a traerles ejemplares heridos. Con el tiempo, el n\u00famero aument\u00f3 y la pareja decidi\u00f3 comprar un terreno adyacente para crear un centro adecuado que hoy cuenta con 22.000 metros cuadrados de terreno y puede albergar a 160 animales.<\/p>\n<p>El Centro de Rescate de Jaguares es un hogar temporal o permanente para animales enfermos, heridos y hu\u00e9rfanos. Alberga monos, perezosos, p\u00e1jaros, r\u00e9ptiles, anfibios y otros mam\u00edferos, a los que proporciona servicios veterinarios y atenci\u00f3n las 24 horas del d\u00eda por parte de cuidadores y un equipo de voluntarios y trabajadores. El principal objetivo del centro es rehabilitar a los animales y reintroducirlos en su h\u00e1bitat nativo.\u00a0 Para algunos, la reintroducci\u00f3n no es posible debido a la gravedad de su enfermedad o lesi\u00f3n, y estos animales encuentran un hogar permanente en el centro. Adem\u00e1s de los servicios de cuidado de animales, el CCI ofrece servicios educativos a residentes y visitantes, as\u00ed como oportunidades de pr\u00e1cticas e investigaci\u00f3n para bi\u00f3logos, veterinarios e investigadores de todo el mundo.<\/p>\n<p>El JRC pretende seguir creciendo como centro de bienestar animal y como centro de investigaci\u00f3n y estudio cient\u00edfico, atrayendo a cient\u00edficos interesados en el estudio de los animales y los ecosistemas \u00fanicos de la costa caribe\u00f1a de Costa Rica.<\/p>\n<p>&nbsp;<\/p>\n<figure id=\"attachment_4040\" aria-describedby=\"caption-attachment-4040\" style=\"width: 247px\" class=\"wp-caption alignleft\"><img loading=\"lazy\" decoding=\"async\" class=\"size-medium wp-image-4040 img-fluid\" src=\"https:\/\/ambsanjose.esteri.it\/wp-content\/uploads\/2024\/03\/Alviani-247x300.jpeg\" alt=\"\" width=\"247\" height=\"300\" srcset=\"https:\/\/ambsanjose.esteri.it\/wp-content\/uploads\/2024\/03\/Alviani-247x300.jpeg 247w, https:\/\/ambsanjose.esteri.it\/wp-content\/uploads\/2024\/03\/Alviani.jpeg 370w\" sizes=\"auto, (max-width: 247px) 100vw, 247px\" \/><figcaption id=\"caption-attachment-4040\" class=\"wp-caption-text\">Sandro Alviani<\/figcaption><\/figure>\n","protected":false},"excerpt":{"rendered":"Herpet\u00f3logo italiano de formaci\u00f3n y cofundador de Jaguar Rescue Center desde 2008, Sandro Alviani ha dedicado su vida al cuidado de los animales, con especial inter\u00e9s por los reptiles y los anfibios. Fue el fundador del Grupo Atrox, una organizaci\u00f3n que se ocupa de serpientes y otros reptiles, con exposiciones itinerantes que muestran a los [&hellip;]","protected":false},"author":5,"featured_media":0,"parent":643,"menu_order":0,"comment_status":"closed","ping_status":"closed","template":"","meta":{"footnotes":""},"class_list":["post-4044","page","type-page","status-publish","hentry"],"_links":{"self":[{"href":"https:\/\/ambsanjose.esteri.it\/es\/wp-json\/wp\/v2\/pages\/4044","targetHints":{"allow":["GET"]}}],"collection":[{"href":"https:\/\/ambsanjose.esteri.it\/es\/wp-json\/wp\/v2\/pages"}],"about":[{"href":"https:\/\/ambsanjose.esteri.it\/es\/wp-json\/wp\/v2\/types\/page"}],"author":[{"embeddable":true,"href":"https:\/\/ambsanjose.esteri.it\/es\/wp-json\/wp\/v2\/users\/5"}],"replies":[{"embeddable":true,"href":"https:\/\/ambsanjose.esteri.it\/es\/wp-json\/wp\/v2\/comments?post=4044"}],"version-history":[{"count":1,"href":"https:\/\/ambsanjose.esteri.it\/es\/wp-json\/wp\/v2\/pages\/4044\/revisions"}],"predecessor-version":[{"id":4046,"href":"https:\/\/ambsanjose.esteri.it\/es\/wp-json\/wp\/v2\/pages\/4044\/revisions\/4046"}],"up":[{"embeddable":true,"href":"https:\/\/ambsanjose.esteri.it\/es\/wp-json\/wp\/v2\/pages\/643"}],"wp:attachment":[{"href":"https:\/\/ambsanjose.esteri.it\/es\/wp-json\/wp\/v2\/media?parent=4044"}],"curies":[{"name":"wp","href":"https:\/\/api.w.org\/{rel}","templated":true}]}}