{"id":405,"date":"2023-10-12T10:51:41","date_gmt":"2023-10-12T16:51:41","guid":{"rendered":"https:\/\/ambsanjose.esteri.it\/?page_id=405"},"modified":"2025-10-28T12:11:36","modified_gmt":"2025-10-28T18:11:36","slug":"declaracion-de-valor","status":"publish","type":"page","link":"https:\/\/ambsanjose.esteri.it\/es\/italia-e-costa-rica\/diplomazia-culturale\/studiare-in-italia\/declaracion-de-valor\/","title":{"rendered":"Declaraci\u00f3n de valor"},"content":{"rendered":"<p>Las \u201cdeclaraciones de valor\u201d (Dichiarazioni di Valore) otorgadas por las autoridades diplom\u00e1ticas o consulares certifican el valor de un t\u00edtulo acad\u00e9mico oficial obtenido en el extranjero.<\/p>\n<p>La declaraci\u00f3n de valor es un documento escrito en italiano que indica el valor de un t\u00edtulo acad\u00e9mico conseguido en un sistema educativo diferente al italiano (en este caso el costarricense).<\/p>\n<p>Es de naturaleza informativa, por ende, no otorga ning\u00fan reconocimiento escolar, acad\u00e9mico o profesional. Dicho reconocimiento depende exclusivamente de las autoridades italianas competentes.<\/p>\n<p><strong>Los requisitos para obtener la declaraci\u00f3n de valor son los siguientes:<\/strong><\/p>\n<p><strong><br \/>\nT\u00edtulo Universitario:<\/strong><\/p>\n<ol>\n<li>T\u00edtulo traducido y apostillado.<\/li>\n<li>Lista de ex\u00e1menes traducida y apostillada.<\/li>\n<li>Carta de la universidad que indique por cuantos a\u00f1os el interesado\/a estuvo estudiando en la instituci\u00f3n y con qu\u00e9 promedio obtuvo el t\u00edtulo (esta carta no requiere traducci\u00f3n ni apostilla).<\/li>\n<li>Fotocopia de un documento de identidad del interesado\/a.<\/li>\n<\/ol>\n<p><strong><br \/>\nDiploma de Secundaria:<\/strong><\/p>\n<ol>\n<li>Diploma traducido y apostillado.<\/li>\n<li>Notas de los \u00faltimos dos a\u00f1os traducidas y apostilladas.<\/li>\n<li>Carta del colegio que indique por cuantos a\u00f1os el interesado\/a estuvo estudiando en la instituci\u00f3n y con qu\u00e9 promedio obtuvo el t\u00edtulo (esta carta no requiere traducci\u00f3n ni apostilla).<\/li>\n<li>Fotocopia de un documento de identidad del interesado\/a.<\/li>\n<\/ol>\n<p><strong><br \/>\nT\u00edtulo de Noveno A\u00f1o:<\/strong><\/p>\n<ol>\n<li>Diploma traducido y apostillado.<\/li>\n<li>Notas de todos los a\u00f1os, traducidas y apostilladas.<\/li>\n<li>Carta de la escuela que indique por cuantos a\u00f1os el interesado\/a estuvo estudiando en la instituci\u00f3n y con qu\u00e9 promedio obtuvo el t\u00edtulo (esta carta no requiere traducci\u00f3n ni apostilla).<\/li>\n<li>Fotocopia de un documento de identidad del interesado\/a.<\/li>\n<\/ol>\n<p><strong>NOTA:<\/strong>\u00a0toda la documentaci\u00f3n debe presentarse en original y fotocopia.<\/p>\n","protected":false},"excerpt":{"rendered":"Las \u201cdeclaraciones de valor\u201d (Dichiarazioni di Valore) otorgadas por las autoridades diplom\u00e1ticas o consulares certifican el valor de un t\u00edtulo acad\u00e9mico oficial obtenido en el extranjero. La declaraci\u00f3n de valor es un documento escrito en italiano que indica el valor de un t\u00edtulo acad\u00e9mico conseguido en un sistema educativo diferente al italiano (en este caso [&hellip;]","protected":false},"author":5,"featured_media":0,"parent":164,"menu_order":3,"comment_status":"closed","ping_status":"closed","template":"","meta":{"footnotes":""},"class_list":["post-405","page","type-page","status-publish","hentry"],"_links":{"self":[{"href":"https:\/\/ambsanjose.esteri.it\/es\/wp-json\/wp\/v2\/pages\/405","targetHints":{"allow":["GET"]}}],"collection":[{"href":"https:\/\/ambsanjose.esteri.it\/es\/wp-json\/wp\/v2\/pages"}],"about":[{"href":"https:\/\/ambsanjose.esteri.it\/es\/wp-json\/wp\/v2\/types\/page"}],"author":[{"embeddable":true,"href":"https:\/\/ambsanjose.esteri.it\/es\/wp-json\/wp\/v2\/users\/5"}],"replies":[{"embeddable":true,"href":"https:\/\/ambsanjose.esteri.it\/es\/wp-json\/wp\/v2\/comments?post=405"}],"version-history":[{"count":1,"href":"https:\/\/ambsanjose.esteri.it\/es\/wp-json\/wp\/v2\/pages\/405\/revisions"}],"predecessor-version":[{"id":406,"href":"https:\/\/ambsanjose.esteri.it\/es\/wp-json\/wp\/v2\/pages\/405\/revisions\/406"}],"up":[{"embeddable":true,"href":"https:\/\/ambsanjose.esteri.it\/es\/wp-json\/wp\/v2\/pages\/164"}],"wp:attachment":[{"href":"https:\/\/ambsanjose.esteri.it\/es\/wp-json\/wp\/v2\/media?parent=405"}],"curies":[{"name":"wp","href":"https:\/\/api.w.org\/{rel}","templated":true}]}}