{"id":407,"date":"2023-10-12T10:59:07","date_gmt":"2023-10-12T16:59:07","guid":{"rendered":"https:\/\/ambsanjose.esteri.it\/?page_id=407"},"modified":"2025-06-27T11:33:39","modified_gmt":"2025-06-27T17:33:39","slug":"becas","status":"publish","type":"page","link":"https:\/\/ambsanjose.esteri.it\/es\/italia-e-costa-rica\/diplomazia-culturale\/studiare-in-italia\/becas\/","title":{"rendered":"Becas"},"content":{"rendered":"<p>El sistema de becas est\u00e1 muy descentralizado en Italia. Adem\u00e1s de las becas ofrecidas a los estudiantes extranjeros por el gobierno italiano, <strong>cada una de las universidades italianas ofrece becas para estudiantes internacionales.<\/strong><br \/>\nPara obtener una <strong>lista de becas ofrecidas por las Universidades<\/strong> para el a\u00f1o en curso, y para informaci\u00f3n general, visite el sitio web<br \/>\n<a href=\"https:\/\/www.esteri.it\/it\/opportunita\/borse-di-studio\/per-cittadini-stranieri\/borse-di-studioofferte-dalle-universita\/\">https:\/\/www.esteri.it\/it\/opportunita\/borse-di-studio\/per-cittadini-stranieri\/borse-di-studioofferte-dalle-universita\/<\/a> y el sitio\u00a0 <a href=\"https:\/\/www.universitaly.it\/borse-studio\">STUDY IN ITALY &#8211; BORSE DI STUDIO<\/a>.<\/p>\n<p>Cada a\u00f1o, tambi\u00e9n, el Ministerio de Asuntos Exteriores italiano ofrece a los estudiantes de Costa Rica un n\u00famero determinado de becas para la realizaci\u00f3n de cursos superiores (licenciatura, maestr\u00eda y especializaci\u00f3n) en Italia.<\/p>\n<p>Toda la informaci\u00f3n sobre estas becas se publica en esta p\u00e1gina web y en los perfiles de redes sociales de la Embajada de Italia.<\/p>\n","protected":false},"excerpt":{"rendered":"El sistema de becas est\u00e1 muy descentralizado en Italia. Adem\u00e1s de las becas ofrecidas a los estudiantes extranjeros por el gobierno italiano, cada una de las universidades italianas ofrece becas para estudiantes internacionales. Para obtener una lista de becas ofrecidas por las Universidades para el a\u00f1o en curso, y para informaci\u00f3n general, visite el sitio [&hellip;]","protected":false},"author":5,"featured_media":0,"parent":164,"menu_order":4,"comment_status":"closed","ping_status":"closed","template":"","meta":{"footnotes":""},"class_list":["post-407","page","type-page","status-publish","hentry"],"_links":{"self":[{"href":"https:\/\/ambsanjose.esteri.it\/es\/wp-json\/wp\/v2\/pages\/407","targetHints":{"allow":["GET"]}}],"collection":[{"href":"https:\/\/ambsanjose.esteri.it\/es\/wp-json\/wp\/v2\/pages"}],"about":[{"href":"https:\/\/ambsanjose.esteri.it\/es\/wp-json\/wp\/v2\/types\/page"}],"author":[{"embeddable":true,"href":"https:\/\/ambsanjose.esteri.it\/es\/wp-json\/wp\/v2\/users\/5"}],"replies":[{"embeddable":true,"href":"https:\/\/ambsanjose.esteri.it\/es\/wp-json\/wp\/v2\/comments?post=407"}],"version-history":[{"count":5,"href":"https:\/\/ambsanjose.esteri.it\/es\/wp-json\/wp\/v2\/pages\/407\/revisions"}],"predecessor-version":[{"id":9212,"href":"https:\/\/ambsanjose.esteri.it\/es\/wp-json\/wp\/v2\/pages\/407\/revisions\/9212"}],"up":[{"embeddable":true,"href":"https:\/\/ambsanjose.esteri.it\/es\/wp-json\/wp\/v2\/pages\/164"}],"wp:attachment":[{"href":"https:\/\/ambsanjose.esteri.it\/es\/wp-json\/wp\/v2\/media?parent=407"}],"curies":[{"name":"wp","href":"https:\/\/api.w.org\/{rel}","templated":true}]}}