{"id":4135,"date":"2024-04-08T12:23:18","date_gmt":"2024-04-08T18:23:18","guid":{"rendered":"https:\/\/ambsanjose.esteri.it\/?page_id=4135"},"modified":"2024-04-08T12:25:53","modified_gmt":"2024-04-08T18:25:53","slug":"infomercatiesteri","status":"publish","type":"page","link":"https:\/\/ambsanjose.esteri.it\/es\/italia-e-costa-rica\/diplomazia-economica\/fare-affari-in-costa-rica\/infomercatiesteri\/","title":{"rendered":"InfoMercatiEsteri"},"content":{"rendered":"<p><a href=\"https:\/\/www.infomercatiesteri.it\/paese.php?id_paesi=42\"><strong>InfoMercatiEsteri<\/strong> <\/a>es una plataforma innovadora y completamente gratuita, en italiano, para satisfacer la demanda de informaci\u00f3n sobre los mercados extranjeros por parte de los operadores econ\u00f3micos nacionales.<\/p>\n<p>Gracias al trabajo anal\u00edtico de la Embajada en Costa Rica, con la colaboraci\u00f3n de la Agencia ICE y las contribuciones del ENIT y de las C\u00e1maras de Comercio italianas en el extranjero, infoMercatiEsteri pone a disposici\u00f3n del sistema productivo italiano una herramienta llena de informaci\u00f3n actualizada y \u00fatil para las decisiones de internacionalizaci\u00f3n.<\/p>\n<p>Eligiendo la v\u00eda de acceso geogr\u00e1fica, para Costa Rica es posible obtener informaci\u00f3n sobre:<br \/>\n&#8211; perspectivas econ\u00f3micas y pol\u00edticas<br \/>\n&#8211; oportunidades de mercado y posibilidades de asociaci\u00f3n con empresas costarricenses y\/o italianas<br \/>\n&#8211; pr\u00f3ximas iniciativas de promoci\u00f3n<br \/>\n&#8211; obst\u00e1culos al comercio, aspectos cr\u00edticos de la inversi\u00f3n y posibles riesgos<br \/>\n&#8211; acceso al cr\u00e9dito;<br \/>\n&#8211; marco de la presencia italiana y relaciones bilaterales.<\/p>\n<p>Alternativamente, eligiendo la modalidad de acceso sectorial, es posible adquirir informaci\u00f3n sobre el sector elegido, as\u00ed como sugerencias sobre los pa\u00edses de inter\u00e9s prioritario en ese sector seg\u00fan criterios personalizables relativos al comercio, la inversi\u00f3n y las caracter\u00edsticas del mercado.<\/p>\n<p>&nbsp;<\/p>\n<p><img loading=\"lazy\" decoding=\"async\" class=\"alignleft size-medium wp-image-4130 img-fluid\" src=\"https:\/\/ambsanjose.esteri.it\/wp-content\/uploads\/2024\/04\/schede-sintesi-aree-geografiche-300x110.jpg\" alt=\"\" width=\"300\" height=\"110\" srcset=\"https:\/\/ambsanjose.esteri.it\/wp-content\/uploads\/2024\/04\/schede-sintesi-aree-geografiche-300x110.jpg 300w, https:\/\/ambsanjose.esteri.it\/wp-content\/uploads\/2024\/04\/schede-sintesi-aree-geografiche-768x283.jpg 768w, https:\/\/ambsanjose.esteri.it\/wp-content\/uploads\/2024\/04\/schede-sintesi-aree-geografiche.jpg 815w\" sizes=\"auto, (max-width: 300px) 100vw, 300px\" \/> <img loading=\"lazy\" decoding=\"async\" class=\"alignleft size-medium wp-image-4127 img-fluid\" src=\"https:\/\/ambsanjose.esteri.it\/wp-content\/uploads\/2024\/04\/infomercati-300x43.jpg\" alt=\"\" width=\"300\" height=\"43\" srcset=\"https:\/\/ambsanjose.esteri.it\/wp-content\/uploads\/2024\/04\/infomercati-300x43.jpg 300w, https:\/\/ambsanjose.esteri.it\/wp-content\/uploads\/2024\/04\/infomercati.jpg 589w\" sizes=\"auto, (max-width: 300px) 100vw, 300px\" \/><\/p>\n","protected":false},"excerpt":{"rendered":"InfoMercatiEsteri es una plataforma innovadora y completamente gratuita, en italiano, para satisfacer la demanda de informaci\u00f3n sobre los mercados extranjeros por parte de los operadores econ\u00f3micos nacionales. Gracias al trabajo anal\u00edtico de la Embajada en Costa Rica, con la colaboraci\u00f3n de la Agencia ICE y las contribuciones del ENIT y de las C\u00e1maras de Comercio [&hellip;]","protected":false},"author":5,"featured_media":0,"parent":169,"menu_order":25,"comment_status":"closed","ping_status":"closed","template":"","meta":{"footnotes":""},"class_list":["post-4135","page","type-page","status-publish","hentry"],"_links":{"self":[{"href":"https:\/\/ambsanjose.esteri.it\/es\/wp-json\/wp\/v2\/pages\/4135","targetHints":{"allow":["GET"]}}],"collection":[{"href":"https:\/\/ambsanjose.esteri.it\/es\/wp-json\/wp\/v2\/pages"}],"about":[{"href":"https:\/\/ambsanjose.esteri.it\/es\/wp-json\/wp\/v2\/types\/page"}],"author":[{"embeddable":true,"href":"https:\/\/ambsanjose.esteri.it\/es\/wp-json\/wp\/v2\/users\/5"}],"replies":[{"embeddable":true,"href":"https:\/\/ambsanjose.esteri.it\/es\/wp-json\/wp\/v2\/comments?post=4135"}],"version-history":[{"count":1,"href":"https:\/\/ambsanjose.esteri.it\/es\/wp-json\/wp\/v2\/pages\/4135\/revisions"}],"predecessor-version":[{"id":4138,"href":"https:\/\/ambsanjose.esteri.it\/es\/wp-json\/wp\/v2\/pages\/4135\/revisions\/4138"}],"up":[{"embeddable":true,"href":"https:\/\/ambsanjose.esteri.it\/es\/wp-json\/wp\/v2\/pages\/169"}],"wp:attachment":[{"href":"https:\/\/ambsanjose.esteri.it\/es\/wp-json\/wp\/v2\/media?parent=4135"}],"curies":[{"name":"wp","href":"https:\/\/api.w.org\/{rel}","templated":true}]}}