{"id":422,"date":"2023-10-12T12:30:48","date_gmt":"2023-10-12T18:30:48","guid":{"rendered":"https:\/\/ambsanjose.esteri.it\/?page_id=422"},"modified":"2023-12-08T12:44:24","modified_gmt":"2023-12-08T18:44:24","slug":"materiales-sobre-italia-para-escuelas","status":"publish","type":"page","link":"https:\/\/ambsanjose.esteri.it\/es\/italia-e-costa-rica\/diplomazia-culturale\/lingua-e-cultura-italiana\/materiales-sobre-italia-para-escuelas\/","title":{"rendered":"Materiales sobre Italia &#8211; para escuelas"},"content":{"rendered":"<div class=\"sr-only\">Italia es un pa\u00eds de Europa cuya capital es Roma. La poblaci\u00f3n total es de aproximadamente 59 millones de habitantes. Es una pen\u00ednsula: al norte limita con Francia, Suiza, Austria y Eslovenia, mientras que el resto del pa\u00eds est\u00e1 rodeado por el Mar Mediterr\u00e1neo. Italia tambi\u00e9n incluye muchas islas peque\u00f1as y dos m\u00e1s grandes: Sicilia y Cerde\u00f1a.<\/div>\n<div>\n<p>El pa\u00eds est\u00e1 dividido en 20 regiones. Para descubrir las caracter\u00edsticas de cada regi\u00f3n, se puede hacer clic en el siguiente enlace:\u00a0<a href=\"https:\/\/www.bambinopoli.it\/Italia\/Italia.php\">https:\/\/www.bambinopoli.it\/Italia\/Italia.php<\/a><\/p>\n<p><a href=\"https:\/\/ambsanjose.esteri.it\/wp-content\/uploads\/2023\/10\/regioni_italia-1.jpg\"><strong>Mapa de Italia y sus regiones<\/strong><\/a><\/p>\n<p>&nbsp;<\/p>\n<p><strong>LA BANDERA ITALIANA<\/strong><\/p>\n<p>La bandera italiana, conocida tambi\u00e9n como el Tricolore, es el s\u00edmbolo de nuestro pa\u00eds e de la unidad nacional. El tricolor italiano, compuesto de tres bandas verticales de igual dimensi\u00f3n, verde, blanco y rojo.<\/p>\n<p>Las instrucciones para construir la bandera italiana:<\/p>\n<p>&#8211; Hay que descargar el documento e imprimirlo (<a href=\"https:\/\/ambsanjose.esteri.it\/wp-content\/uploads\/2023\/10\/sagoma-bandiera_1.pdf\"><strong>la bandera italiana<\/strong><\/a>)<\/p>\n<p>&#8211; Hay que colorar la bandera: desde izquierda una banda verde, una blanca y una roja<\/p>\n<p>&#8211; Hay que colocar el palito (la varilla) a lo largo del lateral de la bandera, por detr\u00e1s del lado verde, y dobla el borde para pegarlo, con la ayuda del goma<\/p>\n<p>&#8211; \u00a1La bandera est\u00e1 lista!<\/p>\n<p>&nbsp;<\/p>\n<p><strong>HIMNO NACIONAL<\/strong><\/p>\n<p>Para escuchar el himno nacional, hay que hacer clic en el siguiente enlace:\u00a0<a href=\"https:\/\/youtu.be\/TkOzj4uxeUI\">https:\/\/youtu.be\/TkOzj4uxeUI<\/a><\/p>\n<p>&nbsp;<\/p>\n<p><strong>Geronimo Stilton &#8220;Las Mil Maravillas&#8221;<br \/>\n<\/strong>Acompa\u00f1ado de toda su familia, Geronimo Stilton viaja por Italia para descubrir ciudades, pueblos, historias y paisajes.<br \/>\nDe Roma a Venecia, de los Apeninos a los Alpes, el simp\u00e1tico reportero visita los monumentos y lugares m\u00e1s famosos (incluidos muchos de los sitios italianos incluidos en las listas del Patrimonio Mundial de la UNESCO) sin olvidar las joyas escondidas: tesoros menos conocidos, especialidades gastron\u00f3micas, lugares de investigaci\u00f3n cient\u00edfica, productos artesanales e industriales.<br \/>\nUna aventura imaginada como una aut\u00e9ntica b\u00fasqueda del tesoro, llena de juegos, curiosidades y sorpresas.<strong><br \/>\n<\/strong><\/p>\n<p><img loading=\"lazy\" decoding=\"async\" class=\"alignnone size-medium wp-image-2753 img-fluid\" src=\"https:\/\/ambsanjose.esteri.it\/wp-content\/uploads\/2023\/12\/Mil-maravillas-azules-210x300.jpg\" alt=\"\" width=\"210\" height=\"300\" srcset=\"https:\/\/ambsanjose.esteri.it\/wp-content\/uploads\/2023\/12\/Mil-maravillas-azules-210x300.jpg 210w, https:\/\/ambsanjose.esteri.it\/wp-content\/uploads\/2023\/12\/Mil-maravillas-azules.jpg 492w\" sizes=\"auto, (max-width: 210px) 100vw, 210px\" \/>\u00a0 \u00a0 \u00a0<a href=\"https:\/\/issuu.com\/italianaesteri\/docs\/geronimo_stilton_las_mil_maravilla\"><img loading=\"lazy\" decoding=\"async\" class=\"alignnone size-medium wp-image-2771 img-fluid\" src=\"https:\/\/ambsanjose.esteri.it\/wp-content\/uploads\/2023\/12\/las-mil-maravillas-SPA-215x300.jpg\" alt=\"\" width=\"215\" height=\"300\" srcset=\"https:\/\/ambsanjose.esteri.it\/wp-content\/uploads\/2023\/12\/las-mil-maravillas-SPA-215x300.jpg 215w, https:\/\/ambsanjose.esteri.it\/wp-content\/uploads\/2023\/12\/las-mil-maravillas-SPA.jpg 276w\" sizes=\"auto, (max-width: 215px) 100vw, 215px\" \/><\/a><\/p>\n<p>&nbsp;<\/p>\n<p><strong><a href=\"https:\/\/online.fliphtml5.com\/jxpdo\/hdef\/#p=6\">La fascinante historia de la cocina italiana en c\u00f3mics<\/a>.<\/strong><\/p>\n<p>De los tagliatelle etruscos al tiramis\u00fa, un recorrido por los platos m\u00e1s representativos de la cocina italiana.<\/p>\n<p><a href=\"https:\/\/online.fliphtml5.com\/jxpdo\/hdef\/#p=1\"><img loading=\"lazy\" decoding=\"async\" class=\"alignnone size-medium wp-image-2761 img-fluid\" src=\"https:\/\/ambsanjose.esteri.it\/wp-content\/uploads\/2023\/12\/WhatsApp-Image-2023-12-04-at-22.22.45-218x300.jpeg\" alt=\"\" width=\"218\" height=\"300\" srcset=\"https:\/\/ambsanjose.esteri.it\/wp-content\/uploads\/2023\/12\/WhatsApp-Image-2023-12-04-at-22.22.45-218x300.jpeg 218w, https:\/\/ambsanjose.esteri.it\/wp-content\/uploads\/2023\/12\/WhatsApp-Image-2023-12-04-at-22.22.45-744x1024.jpeg 744w, https:\/\/ambsanjose.esteri.it\/wp-content\/uploads\/2023\/12\/WhatsApp-Image-2023-12-04-at-22.22.45-768x1058.jpeg 768w, https:\/\/ambsanjose.esteri.it\/wp-content\/uploads\/2023\/12\/WhatsApp-Image-2023-12-04-at-22.22.45.jpeg 1161w\" sizes=\"auto, (max-width: 218px) 100vw, 218px\" \/><\/a><\/p>\n<p>&nbsp;<\/p>\n<p><strong>CANCIONES<\/strong><\/p>\n<p>Aqu\u00ed abajo encontrar\u00e1n unas canciones en rima, una manera divertida para ense\u00f1ar a los ni\u00f1os los d\u00edas de la semana y los colores<\/p>\n<p><strong>La canci\u00f3n de los colores<\/strong><\/p>\n<p>Erase una vez en un pa\u00eds lejos<br \/>\ncolores se daban la mano.<br \/>\nEntre todos el rojo era el m\u00e1s peque\u00f1o<br \/>\ny el naranjo le estaba vecino.<\/p>\n<p>El amarillo brillante re\u00eda fuerte<br \/>\ny el verde, all\u00ed cerca, hablaba con las plantas.<br \/>\nAltos en el cielo, el azul y el azul claro,<br \/>\nmiraban la Tierra y estaban all\u00e1 arriba.<\/p>\n<p>El m\u00e1s grande y el m\u00e1s oscuro de los dem\u00e1s era el violeta,<br \/>\npero los siete parec\u00edan una cosa sola<br \/>\ny quien los miraba en el cielo sereno<br \/>\ndec\u00eda: \u201cMiren, est\u00e1 el arco\u00edris!\u201d<\/p>\n<p><strong><br \/>\nLa canci\u00f3n de la semana<\/strong><\/p>\n<p>El lunes cerrado cerrado<br \/>\nEl martes pinch\u00f3 el huevo<br \/>\nSali\u00f3 afuera el mi\u00e9rcoles<br \/>\nPio, pio, pio el jueves,<\/p>\n<p>El viernes un vuelito<br \/>\nEl s\u00e1bado picoteo el grano<br \/>\nEl domingo por la ma\u00f1ana<br \/>\nYa ten\u00eda su crestita<\/p>\n<\/div>\n","protected":false},"excerpt":{"rendered":"Italia es un pa\u00eds de Europa cuya capital es Roma. La poblaci\u00f3n total es de aproximadamente 59 millones de habitantes. Es una pen\u00ednsula: al norte limita con Francia, Suiza, Austria y Eslovenia, mientras que el resto del pa\u00eds est\u00e1 rodeado por el Mar Mediterr\u00e1neo. Italia tambi\u00e9n incluye muchas islas peque\u00f1as y dos m\u00e1s grandes: Sicilia [&hellip;]","protected":false},"author":5,"featured_media":0,"parent":162,"menu_order":6,"comment_status":"closed","ping_status":"closed","template":"","meta":{"footnotes":""},"class_list":["post-422","page","type-page","status-publish","hentry"],"_links":{"self":[{"href":"https:\/\/ambsanjose.esteri.it\/es\/wp-json\/wp\/v2\/pages\/422","targetHints":{"allow":["GET"]}}],"collection":[{"href":"https:\/\/ambsanjose.esteri.it\/es\/wp-json\/wp\/v2\/pages"}],"about":[{"href":"https:\/\/ambsanjose.esteri.it\/es\/wp-json\/wp\/v2\/types\/page"}],"author":[{"embeddable":true,"href":"https:\/\/ambsanjose.esteri.it\/es\/wp-json\/wp\/v2\/users\/5"}],"replies":[{"embeddable":true,"href":"https:\/\/ambsanjose.esteri.it\/es\/wp-json\/wp\/v2\/comments?post=422"}],"version-history":[{"count":6,"href":"https:\/\/ambsanjose.esteri.it\/es\/wp-json\/wp\/v2\/pages\/422\/revisions"}],"predecessor-version":[{"id":2779,"href":"https:\/\/ambsanjose.esteri.it\/es\/wp-json\/wp\/v2\/pages\/422\/revisions\/2779"}],"up":[{"embeddable":true,"href":"https:\/\/ambsanjose.esteri.it\/es\/wp-json\/wp\/v2\/pages\/162"}],"wp:attachment":[{"href":"https:\/\/ambsanjose.esteri.it\/es\/wp-json\/wp\/v2\/media?parent=422"}],"curies":[{"name":"wp","href":"https:\/\/api.w.org\/{rel}","templated":true}]}}