{"id":4240,"date":"2024-04-12T15:07:12","date_gmt":"2024-04-12T21:07:12","guid":{"rendered":"https:\/\/ambsanjose.esteri.it\/?page_id=4240"},"modified":"2024-04-16T11:47:52","modified_gmt":"2024-04-16T17:47:52","slug":"el-sistema-afam","status":"publish","type":"page","link":"https:\/\/ambsanjose.esteri.it\/es\/italia-e-costa-rica\/diplomazia-culturale\/studiare-in-italia\/el-sistema-afam\/","title":{"rendered":"El sistema AFAM"},"content":{"rendered":"<p>Los <strong>Institutos de Altas Ense\u00f1anzas Art\u00edsticas, Musicales y Coreogr\u00e1ficas (AFAM)<\/strong> llevan a cabo actividades de formaci\u00f3n, producci\u00f3n e investigaci\u00f3n en el \u00e1mbito art\u00edstico en los campos de las artes pl\u00e1sticas, la m\u00fasica, la coreograf\u00eda, el teatro y el dise\u00f1o.<\/p>\n<p>El sector de las AFAM incluye:<\/p>\n<ul>\n<li>Academias estatales de bellas artes<\/li>\n<li>Las academias de bellas artes oficialmente reconocidas<\/li>\n<li>La Academia Nacional de Arte Dram\u00e1tico<\/li>\n<li>La Academia Nacional de Danza<\/li>\n<li>Conservatorios de m\u00fasica<\/li>\n<li>Istituti musicali pareggiati<\/li>\n<li>Institutos Superiores de Industrias Art\u00edsticas (ISIA)<\/li>\n<li>Instituciones autorizadas para expedir t\u00edtulos de Ense\u00f1anza Superior de Arte, M\u00fasica y Danza<\/li>\n<\/ul>\n<p>El sistema educativo de la AFAM se divide en tres ciclos:<\/p>\n<p><img loading=\"lazy\" decoding=\"async\" class=\"alignleft wp-image-4198 img-fluid\" src=\"https:\/\/ambsanjose.esteri.it\/wp-content\/uploads\/2024\/04\/sistemaAFAM-It-DEF-1024x576-1-300x169.jpg\" alt=\"\" width=\"479\" height=\"270\" srcset=\"https:\/\/ambsanjose.esteri.it\/wp-content\/uploads\/2024\/04\/sistemaAFAM-It-DEF-1024x576-1-300x169.jpg 300w, https:\/\/ambsanjose.esteri.it\/wp-content\/uploads\/2024\/04\/sistemaAFAM-It-DEF-1024x576-1-768x432.jpg 768w, https:\/\/ambsanjose.esteri.it\/wp-content\/uploads\/2024\/04\/sistemaAFAM-It-DEF-1024x576-1.jpg 1024w\" sizes=\"auto, (max-width: 479px) 100vw, 479px\" \/><\/p>\n<p>&nbsp;<\/p>\n<p>&nbsp;<\/p>\n<p>&nbsp;<\/p>\n<p>&nbsp;<\/p>\n<p>&nbsp;<\/p>\n<p>&nbsp;<\/p>\n<h2><\/h2>\n<h2><strong>PRIMER CICLO<\/strong><\/h2>\n<p><strong>CURSO DE DIPLOMA ACAD\u00c9MICO DE PRIMER NIVEL<\/strong><\/p>\n<p><strong>Objetivo:<\/strong> garantizar un dominio adecuado de los m\u00e9todos y t\u00e9cnicas art\u00edsticas, as\u00ed como la adquisici\u00f3n de competencias disciplinares y profesionales espec\u00edficas.<\/p>\n<p><strong>Duraci\u00f3n: <\/strong>3 a\u00f1os<\/p>\n<p><strong>CFA <\/strong>(cr\u00e9ditos de formaci\u00f3n acad\u00e9mica): 180<\/p>\n<p><strong>Criterios <\/strong><strong>de admisi\u00f3n:<\/strong> mediante prueba de acceso.<\/p>\n<p>&nbsp;<\/p>\n<h2><strong>SEGUNDO CICLO<\/strong><\/h2>\n<p><strong>CURSO DE DIPLOMA ACAD\u00c9MICO DE SEGUNDO NIVEL<\/strong><\/p>\n<p><strong>Objetivo:<\/strong> proporcionar a los estudiantes un nivel avanzado de formaci\u00f3n para el pleno dominio de los m\u00e9todos y t\u00e9cnicas art\u00edsticas y la adquisici\u00f3n de altas competencias profesionales.<\/p>\n<p><strong>Duraci\u00f3n: <\/strong>2 a\u00f1os<\/p>\n<p><strong>CFA <\/strong>(Cr\u00e9ditos de formaci\u00f3n acad\u00e9mica): 120<\/p>\n<p><strong>Criterios <\/strong><strong>de admisi\u00f3n:<\/strong> mediante prueba de acceso.<\/p>\n<p>&nbsp;<\/p>\n<h2><strong>TERCER CICLO<\/strong><\/h2>\n<p><strong>DIPLOMA ACAD\u00c9MICO DE FORMACI\u00d3N EN LA INVESTIGACI\u00d3N<\/strong><\/p>\n<p><strong>Objetivo:<\/strong> proporcionar las competencias necesarias para la planificaci\u00f3n y ejecuci\u00f3n de actividades de investigaci\u00f3n altamente cualificadas.<\/p>\n<p><strong>Duraci\u00f3n: <\/strong>3 a\u00f1os<\/p>\n<p><strong>CFA <\/strong>(Cr\u00e9ditos de Formaci\u00f3n Acad\u00e9mica): no se conceden cr\u00e9ditos<\/p>\n<p><strong>Criterios de admisi\u00f3n: <\/strong>Diploma Acad\u00e9mico de Segundo Ciclo u otro t\u00edtulo extranjero reconocido como id\u00f3neo.<\/p>\n<p>&nbsp;<\/p>\n<h2><strong>OTROS CURSOS<\/strong><\/h2>\n<p>Cursos de Diploma Acad\u00e9mico de Especializaci\u00f3n: proporcionan altas competencias profesionales en campos espec\u00edficos.<\/p>\n<p>Cursos de Diploma de Postgrado o M\u00e1ster: proporcionan un estudio m\u00e1s a fondo en campos espec\u00edficos, readaptaci\u00f3n profesional y educaci\u00f3n permanente, proporcionando la adquisici\u00f3n de al menos 60 CFU.<\/p>\n<p>&nbsp;<\/p>\n","protected":false},"excerpt":{"rendered":"Los Institutos de Altas Ense\u00f1anzas Art\u00edsticas, Musicales y Coreogr\u00e1ficas (AFAM) llevan a cabo actividades de formaci\u00f3n, producci\u00f3n e investigaci\u00f3n en el \u00e1mbito art\u00edstico en los campos de las artes pl\u00e1sticas, la m\u00fasica, la coreograf\u00eda, el teatro y el dise\u00f1o. El sector de las AFAM incluye: Academias estatales de bellas artes Las academias de bellas artes [&hellip;]","protected":false},"author":5,"featured_media":0,"parent":164,"menu_order":2,"comment_status":"closed","ping_status":"closed","template":"","meta":{"footnotes":""},"class_list":["post-4240","page","type-page","status-publish","hentry"],"_links":{"self":[{"href":"https:\/\/ambsanjose.esteri.it\/es\/wp-json\/wp\/v2\/pages\/4240","targetHints":{"allow":["GET"]}}],"collection":[{"href":"https:\/\/ambsanjose.esteri.it\/es\/wp-json\/wp\/v2\/pages"}],"about":[{"href":"https:\/\/ambsanjose.esteri.it\/es\/wp-json\/wp\/v2\/types\/page"}],"author":[{"embeddable":true,"href":"https:\/\/ambsanjose.esteri.it\/es\/wp-json\/wp\/v2\/users\/5"}],"replies":[{"embeddable":true,"href":"https:\/\/ambsanjose.esteri.it\/es\/wp-json\/wp\/v2\/comments?post=4240"}],"version-history":[{"count":3,"href":"https:\/\/ambsanjose.esteri.it\/es\/wp-json\/wp\/v2\/pages\/4240\/revisions"}],"predecessor-version":[{"id":4244,"href":"https:\/\/ambsanjose.esteri.it\/es\/wp-json\/wp\/v2\/pages\/4240\/revisions\/4244"}],"up":[{"embeddable":true,"href":"https:\/\/ambsanjose.esteri.it\/es\/wp-json\/wp\/v2\/pages\/164"}],"wp:attachment":[{"href":"https:\/\/ambsanjose.esteri.it\/es\/wp-json\/wp\/v2\/media?parent=4240"}],"curies":[{"name":"wp","href":"https:\/\/api.w.org\/{rel}","templated":true}]}}