{"id":4581,"date":"2024-05-28T11:11:28","date_gmt":"2024-05-28T17:11:28","guid":{"rendered":"https:\/\/ambsanjose.esteri.it\/?page_id=4581"},"modified":"2024-05-28T11:29:21","modified_gmt":"2024-05-28T17:29:21","slug":"devolucion-del-impuesto-sobre-el-valor-anadido-iva","status":"publish","type":"page","link":"https:\/\/ambsanjose.esteri.it\/es\/italia-e-costa-rica\/diplomazia-economica\/fare-affari-in-italia\/devolucion-del-impuesto-sobre-el-valor-anadido-iva\/","title":{"rendered":"Devoluci\u00f3n del Impuesto sobre el Valor A\u00f1adido (IVA)"},"content":{"rendered":"<p><strong>Devoluci\u00f3n del Impuesto sobre el Valor A\u00f1adido (IVA) para compras realizadas en Italia por sujetos no residentes\/domiciliados en la Uni\u00f3n Europea.<\/strong><\/p>\n<p>Este beneficio podr\u00e1 otorgarse siempre que:<\/p>\n<ul>\n<li>el valor de los bienes adquiridos, por cada factura, sea superior a 70 euros;<\/li>\n<li>los bienes est\u00e9n destinados a uso personal o familiar y se transporten en equipaje personal;<\/li>\n<li>la factura contiene la descripci\u00f3n de las mercanc\u00edas, los datos personales del viajero, los datos del pasaporte u otro documento equivalente que acredite que el viajero reside o est\u00e1 domiciliado fuera de la UE;<\/li>\n<li>la salida de las mercanc\u00edas del territorio de la UE se produce dentro del tercer mes siguiente a la fecha de emisi\u00f3n de la factura y se acredita mediante el &#8220;visado aduanero&#8221;;<\/li>\n<li>la factura as\u00ed validada se devuelve al vendedor italiano dentro de los cuatro meses siguientes al mes de la compra.<\/li>\n<\/ul>\n<p>En los puntos de salida nacionales est\u00e1 activo <strong>el servicio<a href=\"https:\/\/www.adm.gov.it\/portale\/progetti-aida-otello\"> OTELLO<\/a><\/strong>, procedimiento que digitaliza el sello que se coloca a las facturas libres de impuestos. <strong>Desde 2018 es obligatorio emitir facturas libres de impuestos de forma electr\u00f3nica y el visado aduanero se coloca a estas facturas, en los puntos de salida nacionales, exclusivamente de forma digital a trav\u00e9s de OTELLO.<\/strong><\/p>\n<p>Para obtener el beneficio de la desgravaci\u00f3n o reembolso del IVA incluido en el precio de venta de las mercanc\u00edas adquiridas, la aduana de salida podr\u00e1 solicitar la presentaci\u00f3n de las mercanc\u00edas adquiridas.<\/p>\n<p>Los viajeros con un billete de avi\u00f3n \u00fanico y en posesi\u00f3n de una doble tarjeta de embarque, una para el primer vuelo nacional o comunitario y otra para el posterior destino final fuera de la UE, pueden obtener el visado aduanero, necesario para la exenci\u00f3n o devoluci\u00f3n del IVA, en la aduana nacional ubicada en el aeropuerto de salida.<\/p>\n<p><strong>Para obtener informaci\u00f3n relacionada con el reembolso, el contacto principal es el proveedor\/agente de reembolso del IVA mencionado en los documentos de reembolso del IVA.<\/strong><\/p>\n<p><strong>Salir de la UE en tren<\/strong><\/p>\n<p>Se pueden aplicar diferentes m\u00e9todos: sellado de los documentos de devoluci\u00f3n del IVA en algunas estaciones de tren de salida; necesidad de bajarse del tren en la \u00faltima estaci\u00f3n dentro de la UE; un funcionario de aduanas podr\u00eda subir al tren, etc. El m\u00e9todo aplicado depende del recorrido de los trenes y de las disposiciones internas de cada pa\u00eds de la UE. <strong>Es recomendable preguntar con antelaci\u00f3n.<\/strong><\/p>\n<p>&nbsp;<\/p>\n","protected":false},"excerpt":{"rendered":"Devoluci\u00f3n del Impuesto sobre el Valor A\u00f1adido (IVA) para compras realizadas en Italia por sujetos no residentes\/domiciliados en la Uni\u00f3n Europea. Este beneficio podr\u00e1 otorgarse siempre que: el valor de los bienes adquiridos, por cada factura, sea superior a 70 euros; los bienes est\u00e9n destinados a uso personal o familiar y se transporten en equipaje [&hellip;]","protected":false},"author":5,"featured_media":0,"parent":159,"menu_order":100,"comment_status":"closed","ping_status":"closed","template":"","meta":{"footnotes":""},"class_list":["post-4581","page","type-page","status-publish","hentry"],"_links":{"self":[{"href":"https:\/\/ambsanjose.esteri.it\/es\/wp-json\/wp\/v2\/pages\/4581","targetHints":{"allow":["GET"]}}],"collection":[{"href":"https:\/\/ambsanjose.esteri.it\/es\/wp-json\/wp\/v2\/pages"}],"about":[{"href":"https:\/\/ambsanjose.esteri.it\/es\/wp-json\/wp\/v2\/types\/page"}],"author":[{"embeddable":true,"href":"https:\/\/ambsanjose.esteri.it\/es\/wp-json\/wp\/v2\/users\/5"}],"replies":[{"embeddable":true,"href":"https:\/\/ambsanjose.esteri.it\/es\/wp-json\/wp\/v2\/comments?post=4581"}],"version-history":[{"count":3,"href":"https:\/\/ambsanjose.esteri.it\/es\/wp-json\/wp\/v2\/pages\/4581\/revisions"}],"predecessor-version":[{"id":4587,"href":"https:\/\/ambsanjose.esteri.it\/es\/wp-json\/wp\/v2\/pages\/4581\/revisions\/4587"}],"up":[{"embeddable":true,"href":"https:\/\/ambsanjose.esteri.it\/es\/wp-json\/wp\/v2\/pages\/159"}],"wp:attachment":[{"href":"https:\/\/ambsanjose.esteri.it\/es\/wp-json\/wp\/v2\/media?parent=4581"}],"curies":[{"name":"wp","href":"https:\/\/api.w.org\/{rel}","templated":true}]}}