{"id":470,"date":"2023-10-17T11:32:54","date_gmt":"2023-10-17T17:32:54","guid":{"rendered":"https:\/\/ambsanjose.esteri.it\/?page_id=470"},"modified":"2024-01-29T14:39:12","modified_gmt":"2024-01-29T20:39:12","slug":"documento-de-identidad-electronico","status":"publish","type":"page","link":"https:\/\/ambsanjose.esteri.it\/es\/servizi-consolari-e-visti\/servizi-per-il-cittadino-italiano\/documento-de-identidad-electronico\/","title":{"rendered":"Documento de identidad"},"content":{"rendered":"<p><strong><img loading=\"lazy\" decoding=\"async\" class=\"size-medium wp-image-2716 img-fluid alignleft\" src=\"https:\/\/ambsanjose.esteri.it\/wp-content\/uploads\/2023\/11\/utente-felice-con-carta-didentita-300x300.jpg\" alt=\"\" width=\"300\" height=\"300\" srcset=\"https:\/\/ambsanjose.esteri.it\/wp-content\/uploads\/2023\/11\/utente-felice-con-carta-didentita-300x300.jpg 300w, https:\/\/ambsanjose.esteri.it\/wp-content\/uploads\/2023\/11\/utente-felice-con-carta-didentita-150x150.jpg 150w, https:\/\/ambsanjose.esteri.it\/wp-content\/uploads\/2023\/11\/utente-felice-con-carta-didentita-768x768.jpg 768w, https:\/\/ambsanjose.esteri.it\/wp-content\/uploads\/2023\/11\/utente-felice-con-carta-didentita.jpg 1024w\" sizes=\"auto, (max-width: 300px) 100vw, 300px\" \/><\/strong><\/p>\n<h3><strong>1) \u00bfQu\u00e9 es el documento de identidad ?<\/strong><\/h3>\n<p>El documento de identidad es un documento de identificaci\u00f3n personal v\u00e1lido para identificarse y circular en la Uni\u00f3n Europea, en algunos Estados Schengen (por ejemplo, Islandia, Noruega y Suiza) y en otros Estados con los que se han alcanzado acuerdos bilaterales.<\/p>\n<p>El documento de identidad electr\u00f3nico (CIE) es el nuevo documento de identidad en formato tarjeta; adem\u00e1s de documento de identidad, permite acceder a los servicios en l\u00ednea de las Administraciones p\u00fablicas italianas.<\/p>\n<h3><strong><br \/>\n2) \u00bfA qui\u00e9n puede expedirse un documento de identidad electr\u00f3nico?<\/strong><\/h3>\n<p>La Embajada de Italia en San Jos\u00e9 s\u00f3lo puede expedir documentos de identidad\u00a0<strong>a los ciudadanos italianos que residan legalmente en su circunscripci\u00f3n consular<\/strong>, que est\u00e9n inscritos en el registro consular<strong>\u00a0y cuyos datos personales ya figuren en el registro A.I.R.E.<\/strong>\u00a0(Anagrafe degli Italiani Residenti all&#8217;Estero) del Ministerio del Interior.<\/p>\n<p><strong>Quienes no est\u00e9n inscritos en A.I.R.E. tendr\u00e1n que regularizar primero su registro civil a trav\u00e9s del portal\u00a0<a href=\"https:\/\/serviziconsolarionline.esteri.it\/ScoFE\/index.sco?cid=82823\">FAST IT<\/a><\/strong>\u00a0y esperar, antes de poder solicitarlo, a ser inscritos en dicho registro por la municipalidad italiana competente.<\/p>\n<p>A efectos de la inscripci\u00f3n en la base de datos A.I.R.E., es indispensable, para los ciudadanos italianos nacidos en el extranjero, que el acto de nacimiento ya haya sido transcrito en los registros del estado civil de la municipalidad de referencia.<\/p>\n<p><strong>Si ha cambiado de direcci\u00f3n de residencia<\/strong>\u00a0(respecto a la comunicada a la oficina consular),\u00a0<strong>deber\u00e1 solicitar el cambio de direcci\u00f3n a trav\u00e9s del portal<a href=\"https:\/\/serviziconsolarionline.esteri.it\/ScoFE\/index.sco?cid=82823\">\u00a0FAST IT<\/a>.<\/strong><\/p>\n<p>Adem\u00e1s, para obtener el CIE es indispensable disponer de un c\u00f3digo fiscal validado por la Agencia Tributaria. Si el compatriota no est\u00e1 en posesi\u00f3n de un c\u00f3digo fiscal o \u00e9ste no ha sido validado, el Consulado General lo solicitar\u00e1 a trav\u00e9s de la Agencia Tributaria.<\/p>\n<h3><strong><br \/>\n<\/strong><strong>3) \u00bfC\u00f3mo solicitar un documento de identidad electr\u00f3nico (CIE)?<\/strong><\/h3>\n<p>En primer lugar, el compatriota debe reservar una cita en el Consulado utilizando\u00a0<strong>\u00fanicamente la plataforma<a href=\"https:\/\/prenotami.esteri.it\/\">\u00a0Prenot@mi<\/a><\/strong>.<br \/>\nEl d\u00eda de la cita, se tomar\u00e1n las huellas dactilares al solicitante, y firmar\u00e1 un formulario de solicitud.<br \/>\nEl documento de identidad podr\u00e1 recogerse en la Embajada el d\u00eda que se notificar\u00e1 por correo electr\u00f3nico.<\/p>\n<h3><strong><br \/>\n4) \u00bfC\u00f3mo concertar una cita en la plataforma<a href=\"https:\/\/prenotami.esteri.it\/\">\u00a0Prenot@mi<\/a>?<\/strong><\/h3>\n<p>Se recomienda acceder al portal con un ordenador normal y no con un tel\u00e9fono m\u00f3vil. La aplicaci\u00f3n es compatible con los siguientes navegadores:<\/p>\n<ul>\n<li>Explorer &#8211; versi\u00f3n 11 y superiores<\/li>\n<li>Google Chrome &#8211; versi\u00f3n 88 y superiores<\/li>\n<li>Microsoft Edge<\/li>\n<\/ul>\n<p>El uso de navegadores no compatibles no garantiza que todos los contenidos puedan utilizarse correctamente.<\/p>\n<p><strong>Registro y acceso<\/strong>:<\/p>\n<p>Al hacer clic en el bot\u00f3n REGISTRARSE de la p\u00e1gina principal de inicio, acceder\u00e1 a la m\u00e1scara de registro donde deber\u00e1 introducir sus datos personales, correo electr\u00f3nico y contrase\u00f1a que se utilizar\u00e1n como credenciales para acceder al portal, datos de contacto como n\u00famero de tel\u00e9fono y direcci\u00f3n, y el consulado de referencia.<\/p>\n<p>Una vez completado el registro, el sistema env\u00eda un correo electr\u00f3nico con un enlace en el que hay que hacer clic para proceder a la activaci\u00f3n del usuario. Al hacer clic en el enlace recibido, el sistema activa al usuario. Si la activaci\u00f3n del usuario se realiza correctamente, es posible acceder al portal.<\/p>\n<p>Introduzca su nombre de usuario y contrase\u00f1a y haga clic en el bot\u00f3n INICIAR SESI\u00d3N para acceder a los servicios ofrecidos por la Oficina Central.<\/p>\n<p>Si el usuario ya est\u00e1 registrado pero en otro Consulado\/Embajada, antes de proceder a la elecci\u00f3n del servicio deber\u00e1 realizar el &#8220;cambio de sede&#8221; accediendo con sus credenciales y seleccionando el comando &#8220;cambiar sede&#8221; en la primera p\u00e1gina.<\/p>\n<p>Haciendo clic en &#8220;reservar&#8221; es posible hacer una reserva para uno de los servicios disponibles. La reserva puede ser<\/p>\n<ul>\n<li>reserva \u00fanica<\/li>\n<li>m\u00faltiple<\/li>\n<li>para otras personas<\/li>\n<\/ul>\n<p>Las reservas individuales se eligen si el propietario del usuario <strong>Prenot@mi<\/strong> solicita el servicio.<\/p>\n<p>Si el usuario solicita el servicio consular para s\u00ed mismo y para otros familiares (hasta un m\u00e1ximo de 5), se elige la opci\u00f3n de reserva m\u00faltiple y al realizar la reserva se deben introducir tambi\u00e9n los datos de todos los dem\u00e1s familiares que solicitan el servicio, especificando para cada familiar el parentesco.<\/p>\n<p>S\u00f3lo es posible solicitar una cita para otros miembros de la familia eligiendo la opci\u00f3n &#8220;reserva para otras personas&#8221;. En este caso, solo es necesario introducir los datos del solicitante o solicitantes.<\/p>\n<p><strong>Para ver un v\u00eddeo tutorial sobre c\u00f3mo utilizar Prenot@mi, consulte el final de esta p\u00e1gina.<\/p>\n<p><\/strong><\/p>\n<h3><strong>5) \u00bfQu\u00e9 documentaci\u00f3n tengo que llevar a la cita para solicitar el CIE?<\/strong><\/h3>\n<p>El d\u00eda de la cita, el solicitante deber\u00e1 presentarse con:<\/p>\n<ul>\n<li><strong>Documento de identidad anterior<\/strong>\u00a0(si no lo tiene, otro documento de reconocimiento o dos testigos que no sean familiares del interesado); si el CIE se requiere para un menor, el progenitor acompa\u00f1ante deber\u00e1 presentar tambi\u00e9n un documento de identidad. El d\u00eda de la cita se recoger\u00e1 el antiguo documento de identidad.<\/li>\n<li><strong>Acto de consentimiento de ambos progenitores para la solicitud del CIE para hijos menores. <a href=\"https:\/\/ambsanjose.esteri.it\/wp-content\/uploads\/2023\/10\/atto_di_assenso_-3.docx\">Rellene\u00a0este formulario<\/a>.<br \/>\n<\/strong><\/li>\n<\/ul>\n<p><em><strong><br \/>\nSi el otro progenitor no es ciudadano de la Uni\u00f3n Europea, su firma en el acto de consentimiento deber\u00e1 ser autenticada<\/strong><\/em>: en la Embajada en el momento de la cita, o en el ayuntamiento\/consulado de su lugar de residencia.<\/p>\n<p>Si el solicitante ya no est\u00e1 en posesi\u00f3n del documento anterior<strong>\u00a0por robo o p\u00e9rdida<\/strong>, deber\u00e1 presentar durante la cita el\u00a0<a href=\"https:\/\/ambsanjose.esteri.it\/wp-content\/uploads\/2023\/10\/denuncia_di_smarrimento_o_furto.pdf\"><strong>formulario de declaraci\u00f3n de robo o p\u00e9rdida robo o p\u00e9rdida<\/strong><\/a>, junto con la denuncia presentada ante las autoridades policiales locales.<\/p>\n<p>El costo del CIE es:<\/p>\n<ul>\n<li>21,95 euros en caso de primera emisi\u00f3n o renovaci\u00f3n;<\/li>\n<li>27,11 euros en caso de duplicado (nueva tarjeta expedida en un plazo de 180 d\u00edas a partir de la fecha de expedici\u00f3n de la anterior).<\/li>\n<\/ul>\n<p>El valor es pago en Colones, en efectivo o con tarjeta\u00a0<a href=\"https:\/\/ambsanjose.esteri.it\/ambasciata_sanjose\/it\/informazioni_e_servizi\/servizi_consolari\/tabella-percezioni-diritti-consolari.html\">(<strong>tabla derechos consular<\/strong>)<\/a>.<\/p>\n<h3><strong>6) \u00bfQu\u00e9 operaciones se realizar\u00e1n el d\u00eda de la cita?<\/strong><\/h3>\n<p>El d\u00eda de la cita, el funcionario consular adquiere la documentaci\u00f3n indicada en el punto anterior, realiza el reconocimiento\u00a0 y toma huellas dactilares y la firma (excepto a menores de 12 a\u00f1os).<\/p>\n<p>Los menores de 12 a\u00f1os tambi\u00e9n deben estar presentes, ya que se requiere su identificaci\u00f3n por el funcionario de la oficina. Los menores deben ir siempre acompa\u00f1ados de uno de sus progenitores o del titular de la patria potestad.<\/p>\n<h3><strong><br \/>\n7) \u00bfC\u00f3mo se recibe el Documento de identidad electr\u00f3nico?<\/strong><\/h3>\n<p>El CIE es expedido por el Ministerio del Interior y elaborado por el Istituto Poligrafico y la Casa de la Moneda, que lo env\u00eda por correo certificado a la Embajada. Salvo en casos especiales, el CIE debe llegar por correo\u00a0<strong>en un plazo de 15 d\u00edas<\/strong>\u00a0a partir del d\u00eda de la cita. La fecha de recogida en esta Embajada se comunicar\u00e1 por correo electr\u00f3nico.<\/p>\n<p>&nbsp;<\/p>\n<h3><strong>8) \u00bfCu\u00e1nto dura el documento de identidad?<\/strong><\/h3>\n<p>La validez del documento de identidad var\u00eda en funci\u00f3n de la edad del titular y es de:<\/p>\n<ul>\n<li>3 a\u00f1os para ni\u00f1os de 0 a 3 a\u00f1os;<\/li>\n<li>5 a\u00f1os para los menores de entre 3 a\u00f1os y la mayor\u00eda de edad (18 a\u00f1os);<\/li>\n<li>10 a\u00f1os a partir de los 18 a\u00f1os.<\/li>\n<\/ul>\n<p>&nbsp;<\/p>\n<h3><strong>9) \u00bfQu\u00e9 es el acto de consentimiento?<\/strong><\/h3>\n<p>El acto de consentimiento es una declaraci\u00f3n personal prevista por la legislaci\u00f3n italiana, que el progenitor puede firmar utilizando\u00a0el formulario de <a href=\"https:\/\/ambsanjose.esteri.it\/wp-content\/uploads\/2023\/10\/atto_di_assenso_-3.docx\">acto de consentimiento<\/a>\u00a0correspondiente; al acto de consentimiento debe adjuntarse una fotocopia de su documento de identidad.<\/p>\n<p>Si el otro progenitor no es ciudadano de la Uni\u00f3n Europea, su firma deber\u00e1 ser autenticada personalmente por la Embajada o por el Ayuntamiento\/Consulado de residencia.<\/p>\n<p>Para verificar la exactitud del documento de consentimiento presentado, es necesario que el menor est\u00e9 inscrito en el registro civil o que se presente el original del certificado de nacimiento, del que se pueden deducir la maternidad y la paternidad del menor.<\/p>\n<p>En caso de fallecimiento de uno de los progenitores, deber\u00e1 presentarse el certificado de defunci\u00f3n.<\/p>\n<h3><strong><br \/>\n10) \u00bfEs posible modificar mi documento de identidad?<\/strong><\/h3>\n<p>No. Es un documento de identidad y no de residencia o estado civil. No es posible actualizar la direcci\u00f3n que figura en la tarjeta.<\/p>\n<h3><strong><br \/>\n11) \u00bfEs posible que las mujeres casadas incluyan el apellido de su marido?<\/strong><\/h3>\n<p>Por analog\u00eda con la situaci\u00f3n nacional,\u00a0<strong>NO<\/strong>\u00a0es posible que las mujeres casadas incluyan el apellido de su marido.<\/p>\n<p>&nbsp;<\/p>\n<h3><strong>12) Casos especiales<\/strong><\/h3>\n<p>Para los<strong>\u00a0menores de 12 a\u00f1os<\/strong>\u00a0y para\u00a0<strong>los compatriotas que, debido a una incapacidad permanente demostrada por un certificado m\u00e9dico<\/strong>, no puedan acudir personalmente al Consulado, no se exige la toma de huellas dactilares, pero el solicitante debe identificarse personalmente.<\/p>\n<p>&nbsp;<\/p>\n","protected":false},"excerpt":{"rendered":"1) \u00bfQu\u00e9 es el documento de identidad ? El documento de identidad es un documento de identificaci\u00f3n personal v\u00e1lido para identificarse y circular en la Uni\u00f3n Europea, en algunos Estados Schengen (por ejemplo, Islandia, Noruega y Suiza) y en otros Estados con los que se han alcanzado acuerdos bilaterales. El documento de identidad electr\u00f3nico (CIE) [&hellip;]","protected":false},"author":5,"featured_media":0,"parent":172,"menu_order":1,"comment_status":"closed","ping_status":"closed","template":"","meta":{"footnotes":""},"class_list":["post-470","page","type-page","status-publish","hentry"],"_links":{"self":[{"href":"https:\/\/ambsanjose.esteri.it\/es\/wp-json\/wp\/v2\/pages\/470","targetHints":{"allow":["GET"]}}],"collection":[{"href":"https:\/\/ambsanjose.esteri.it\/es\/wp-json\/wp\/v2\/pages"}],"about":[{"href":"https:\/\/ambsanjose.esteri.it\/es\/wp-json\/wp\/v2\/types\/page"}],"author":[{"embeddable":true,"href":"https:\/\/ambsanjose.esteri.it\/es\/wp-json\/wp\/v2\/users\/5"}],"replies":[{"embeddable":true,"href":"https:\/\/ambsanjose.esteri.it\/es\/wp-json\/wp\/v2\/comments?post=470"}],"version-history":[{"count":6,"href":"https:\/\/ambsanjose.esteri.it\/es\/wp-json\/wp\/v2\/pages\/470\/revisions"}],"predecessor-version":[{"id":3286,"href":"https:\/\/ambsanjose.esteri.it\/es\/wp-json\/wp\/v2\/pages\/470\/revisions\/3286"}],"up":[{"embeddable":true,"href":"https:\/\/ambsanjose.esteri.it\/es\/wp-json\/wp\/v2\/pages\/172"}],"wp:attachment":[{"href":"https:\/\/ambsanjose.esteri.it\/es\/wp-json\/wp\/v2\/media?parent=470"}],"curies":[{"name":"wp","href":"https:\/\/api.w.org\/{rel}","templated":true}]}}