{"id":507,"date":"2023-10-18T12:58:00","date_gmt":"2023-10-18T18:58:00","guid":{"rendered":"https:\/\/ambsanjose.esteri.it\/?page_id=507"},"modified":"2023-10-18T13:01:00","modified_gmt":"2023-10-18T19:01:00","slug":"507-2","status":"publish","type":"page","link":"https:\/\/ambsanjose.esteri.it\/es\/servizi-consolari-e-visti\/servizi-per-il-cittadino-italiano\/servizi-elettorali\/507-2\/","title":{"rendered":"Elecciones de los Comites de ciudadanos italianos residentes en el extranjero"},"content":{"rendered":"<p class=\"boxLevel03\">Los miembros de los COMITES se eligen sobre la base de listas de candidatos apoyadas por ciudadanos italianos residentes en cada jurisdicci\u00f3n consular.<\/p>\n<p>Los ciudadanos italianos mayores de edad residentes en el extranjero e inscritos en las listas electorales, pueden votar por correo (seg\u00fan el sistema autorizado por la Ley n\u00ba 459\/2001), y ya no necesitan acudir personalmente a las urnas como se exig\u00eda anteriormente.<\/p>\n<p>Para que los ciudadanos puedan hacer uso del voto por correo, la oficina consular debe enviar un sobre, con la debida antelaci\u00f3n seg\u00fan la ley, que contenga toda la correspondencia electoral y una hoja informativa para facilitar el proceso de votaci\u00f3n.<\/p>\n<p>Siguiendo cuidadosamente las instrucciones, el ciudadano cumplimenta la papeleta y la devuelve a su oficina consular por correo, utilizando el sobre previamente franqueado. El sobre debe devolverse lo antes posible.<\/p>\n","protected":false},"excerpt":{"rendered":"Los miembros de los COMITES se eligen sobre la base de listas de candidatos apoyadas por ciudadanos italianos residentes en cada jurisdicci\u00f3n consular. Los ciudadanos italianos mayores de edad residentes en el extranjero e inscritos en las listas electorales, pueden votar por correo (seg\u00fan el sistema autorizado por la Ley n\u00ba 459\/2001), y ya no [&hellip;]","protected":false},"author":5,"featured_media":0,"parent":177,"menu_order":2,"comment_status":"closed","ping_status":"closed","template":"","meta":{"footnotes":""},"class_list":["post-507","page","type-page","status-publish","hentry"],"_links":{"self":[{"href":"https:\/\/ambsanjose.esteri.it\/es\/wp-json\/wp\/v2\/pages\/507","targetHints":{"allow":["GET"]}}],"collection":[{"href":"https:\/\/ambsanjose.esteri.it\/es\/wp-json\/wp\/v2\/pages"}],"about":[{"href":"https:\/\/ambsanjose.esteri.it\/es\/wp-json\/wp\/v2\/types\/page"}],"author":[{"embeddable":true,"href":"https:\/\/ambsanjose.esteri.it\/es\/wp-json\/wp\/v2\/users\/5"}],"replies":[{"embeddable":true,"href":"https:\/\/ambsanjose.esteri.it\/es\/wp-json\/wp\/v2\/comments?post=507"}],"version-history":[{"count":2,"href":"https:\/\/ambsanjose.esteri.it\/es\/wp-json\/wp\/v2\/pages\/507\/revisions"}],"predecessor-version":[{"id":511,"href":"https:\/\/ambsanjose.esteri.it\/es\/wp-json\/wp\/v2\/pages\/507\/revisions\/511"}],"up":[{"embeddable":true,"href":"https:\/\/ambsanjose.esteri.it\/es\/wp-json\/wp\/v2\/pages\/177"}],"wp:attachment":[{"href":"https:\/\/ambsanjose.esteri.it\/es\/wp-json\/wp\/v2\/media?parent=507"}],"curies":[{"name":"wp","href":"https:\/\/api.w.org\/{rel}","templated":true}]}}