{"id":5162,"date":"2024-06-25T12:01:21","date_gmt":"2024-06-25T18:01:21","guid":{"rendered":"https:\/\/ambsanjose.esteri.it\/?page_id=5162"},"modified":"2024-10-11T12:46:05","modified_gmt":"2024-10-11T18:46:05","slug":"registro-de-matricula-de-nacionales-en-costa-rica-1918-1960","status":"publish","type":"page","link":"https:\/\/ambsanjose.esteri.it\/es\/servizi-consolari-e-visti\/servizi-per-il-cittadino-straniero\/registro-de-matricula-de-nacionales-en-costa-rica-1918-1960\/","title":{"rendered":"Registro de Matr\u00edcula de Nacionales en Costa Rica 1918-1960"},"content":{"rendered":"<p>El <strong>Registro de Matr\u00edcula de Nacionales en Costa Rica 1918-1960<\/strong> es un voluminoso registro en el que se anotaron las inscripciones registrales de los italianos emigrados a Costa Rica.<br \/>\nSe trata de un documento de gran valor hist\u00f3rico.<\/p>\n<p>Aqu\u00ed est\u00e1 una versi\u00f3n digital del mismo<\/p>\n<p>&nbsp;<\/p>\n<p>Consulado en San Jos\u00e9:<\/p>\n<p><a href=\"https:\/\/ambsanjose.esteri.it\/es\/servizi-consolari-e-visti\/servizi-per-il-cittadino-straniero\/registro-de-matricula-de-nacionales-en-costa-rica-1918-1960\/registro-de-nacionales-registro-discrizione-dei-nazionali\/\"><img loading=\"lazy\" decoding=\"async\" class=\"alignleft wp-image-5307 img-fluid\" src=\"https:\/\/ambsanjose.esteri.it\/wp-content\/uploads\/2024\/07\/COPERTINA-REGISTRO_page-0001-232x300.jpg\" alt=\"\" width=\"356\" height=\"460\" srcset=\"https:\/\/ambsanjose.esteri.it\/wp-content\/uploads\/2024\/07\/COPERTINA-REGISTRO_page-0001-232x300.jpg 232w, https:\/\/ambsanjose.esteri.it\/wp-content\/uploads\/2024\/07\/COPERTINA-REGISTRO_page-0001-791x1024.jpg 791w, https:\/\/ambsanjose.esteri.it\/wp-content\/uploads\/2024\/07\/COPERTINA-REGISTRO_page-0001-768x994.jpg 768w, https:\/\/ambsanjose.esteri.it\/wp-content\/uploads\/2024\/07\/COPERTINA-REGISTRO_page-0001.jpg 1275w\" sizes=\"auto, (max-width: 356px) 100vw, 356px\" \/><\/a><\/p>\n<p><img loading=\"lazy\" decoding=\"async\" class=\"alignleft wp-image-5157 img-fluid\" src=\"https:\/\/ambsanjose.esteri.it\/wp-content\/uploads\/2024\/06\/registri-231x300.jpg\" alt=\"\" width=\"339\" height=\"441\" srcset=\"https:\/\/ambsanjose.esteri.it\/wp-content\/uploads\/2024\/06\/registri-231x300.jpg 231w, https:\/\/ambsanjose.esteri.it\/wp-content\/uploads\/2024\/06\/registri.jpg 582w\" sizes=\"auto, (max-width: 339px) 100vw, 339px\" \/><br \/>\nAgencia Consular en Lim\u00f3n<\/p>\n<ul>\n<li><a href=\"https:\/\/ambsanjose.esteri.it\/wp-content\/uploads\/2024\/06\/Registro-Discrizione-Dei-Nazioali-Del-CR-Limon-1918-33.pdf\">anos 1918-1933<\/a><\/li>\n<\/ul>\n","protected":false},"excerpt":{"rendered":"El Registro de Matr\u00edcula de Nacionales en Costa Rica 1918-1960 es un voluminoso registro en el que se anotaron las inscripciones registrales de los italianos emigrados a Costa Rica. Se trata de un documento de gran valor hist\u00f3rico. Aqu\u00ed est\u00e1 una versi\u00f3n digital del mismo &nbsp; Consulado en San Jos\u00e9: Agencia Consular en Lim\u00f3n anos [&hellip;]","protected":false},"author":5,"featured_media":0,"parent":185,"menu_order":10,"comment_status":"closed","ping_status":"closed","template":"","meta":{"footnotes":""},"class_list":["post-5162","page","type-page","status-publish","hentry"],"_links":{"self":[{"href":"https:\/\/ambsanjose.esteri.it\/es\/wp-json\/wp\/v2\/pages\/5162","targetHints":{"allow":["GET"]}}],"collection":[{"href":"https:\/\/ambsanjose.esteri.it\/es\/wp-json\/wp\/v2\/pages"}],"about":[{"href":"https:\/\/ambsanjose.esteri.it\/es\/wp-json\/wp\/v2\/types\/page"}],"author":[{"embeddable":true,"href":"https:\/\/ambsanjose.esteri.it\/es\/wp-json\/wp\/v2\/users\/5"}],"replies":[{"embeddable":true,"href":"https:\/\/ambsanjose.esteri.it\/es\/wp-json\/wp\/v2\/comments?post=5162"}],"version-history":[{"count":6,"href":"https:\/\/ambsanjose.esteri.it\/es\/wp-json\/wp\/v2\/pages\/5162\/revisions"}],"predecessor-version":[{"id":6198,"href":"https:\/\/ambsanjose.esteri.it\/es\/wp-json\/wp\/v2\/pages\/5162\/revisions\/6198"}],"up":[{"embeddable":true,"href":"https:\/\/ambsanjose.esteri.it\/es\/wp-json\/wp\/v2\/pages\/185"}],"wp:attachment":[{"href":"https:\/\/ambsanjose.esteri.it\/es\/wp-json\/wp\/v2\/media?parent=5162"}],"curies":[{"name":"wp","href":"https:\/\/api.w.org\/{rel}","templated":true}]}}