{"id":543,"date":"2023-10-23T10:34:04","date_gmt":"2023-10-23T16:34:04","guid":{"rendered":"https:\/\/ambsanjose.esteri.it\/?page_id=543"},"modified":"2023-10-23T10:35:30","modified_gmt":"2023-10-23T16:35:30","slug":"lista-de-abogados-de-referencia","status":"publish","type":"page","link":"https:\/\/ambsanjose.esteri.it\/es\/servizi-consolari-e-visti\/servizi-per-il-cittadino-italiano\/lista-de-abogados-de-referencia\/","title":{"rendered":"Lista de abogados de referencia"},"content":{"rendered":"<p>En seguida los nombres y los contactos de algunos abogados a quienes es posible contactar en caso de necesidad. Es posible, de todos modos, contactar a otros legales de confianza.<\/p>\n<p>La lista fue definida bas\u00e1ndose en las solicitudes de los mismos profesionales, por ende, es de considerarse solo indicativa y no exhaustiva.<\/p>\n<p>La Embajada no se hace responsable por la calidad del servicio de los abogados, por su operado o por sus tarifas. La presencia en esta listo no implica una recomendaci\u00f3n por parte de esta Embajada.<\/p>\n<p>Los abogados listados cumplen con los siguientes requisitos:<\/p>\n<ol>\n<li>Conocimiento del italiano;<\/li>\n<li>Habilitaci\u00f3n legal para ejercer la profesi\u00f3n en Costa Rica e inscripci\u00f3n en su orden profesional.<\/li>\n<li>Conocimiento de la legislaci\u00f3n local e italiana en su especifica \u00e1rea de derecho, o bien acuerdos de asociaci\u00f3n o colaboraci\u00f3n con estudios legales en Italia.<\/li>\n<\/ol>\n<p><strong><br \/>\nAbg. Marco Durante<br \/>\n<\/strong>BDS Asesores Jur\u00eddicos<br \/>\nDerecho laboral<br \/>\nTel. oficina: +506 25453600<br \/>\nCel.: +506 88419080<br \/>\ne-mail: mdurante@bdsasesores.com<\/p>\n<p><strong>Abg. Neftali Garro<br \/>\n<\/strong>BLP Abogados<br \/>\nExperto en contenciosos comerciales<br \/>\nTel.: +506 22053907<br \/>\nCel.: +506 60509428<br \/>\ne-mail:\u00a0<a href=\"mailto:ngarro@blplegal.com\">ngarro@blplegal.com<br \/>\n<\/a>sitio web: https:\/\/www.blplegal.com\/solutions\/<\/p>\n<p><strong>Abg. Cristina Guerrini<br \/>\n<\/strong>Derecho inmobiliario, migratorio, societario, laboral y notarial<br \/>\nTel.: +506 86276886<br \/>\ne-mail: cguerrini@cribo.cr<\/p>\n<p><strong>Abg. Andrea Mora Carli<br \/>\n<\/strong>Derecho comercial, civil y notarial<br \/>\nTel.: +506 83848736<br \/>\ne-mail: juridico@ice.co.cr<\/p>\n","protected":false},"excerpt":{"rendered":"En seguida los nombres y los contactos de algunos abogados a quienes es posible contactar en caso de necesidad. Es posible, de todos modos, contactar a otros legales de confianza. La lista fue definida bas\u00e1ndose en las solicitudes de los mismos profesionales, por ende, es de considerarse solo indicativa y no exhaustiva. La Embajada no [&hellip;]","protected":false},"author":5,"featured_media":0,"parent":172,"menu_order":20,"comment_status":"closed","ping_status":"closed","template":"","meta":{"footnotes":""},"class_list":["post-543","page","type-page","status-publish","hentry"],"_links":{"self":[{"href":"https:\/\/ambsanjose.esteri.it\/es\/wp-json\/wp\/v2\/pages\/543","targetHints":{"allow":["GET"]}}],"collection":[{"href":"https:\/\/ambsanjose.esteri.it\/es\/wp-json\/wp\/v2\/pages"}],"about":[{"href":"https:\/\/ambsanjose.esteri.it\/es\/wp-json\/wp\/v2\/types\/page"}],"author":[{"embeddable":true,"href":"https:\/\/ambsanjose.esteri.it\/es\/wp-json\/wp\/v2\/users\/5"}],"replies":[{"embeddable":true,"href":"https:\/\/ambsanjose.esteri.it\/es\/wp-json\/wp\/v2\/comments?post=543"}],"version-history":[{"count":1,"href":"https:\/\/ambsanjose.esteri.it\/es\/wp-json\/wp\/v2\/pages\/543\/revisions"}],"predecessor-version":[{"id":544,"href":"https:\/\/ambsanjose.esteri.it\/es\/wp-json\/wp\/v2\/pages\/543\/revisions\/544"}],"up":[{"embeddable":true,"href":"https:\/\/ambsanjose.esteri.it\/es\/wp-json\/wp\/v2\/pages\/172"}],"wp:attachment":[{"href":"https:\/\/ambsanjose.esteri.it\/es\/wp-json\/wp\/v2\/media?parent=543"}],"curies":[{"name":"wp","href":"https:\/\/api.w.org\/{rel}","templated":true}]}}