{"id":558,"date":"2023-10-23T10:51:37","date_gmt":"2023-10-23T16:51:37","guid":{"rendered":"https:\/\/ambsanjose.esteri.it\/?page_id=558"},"modified":"2023-10-23T10:52:06","modified_gmt":"2023-10-23T16:52:06","slug":"adquisicion-de-la-nacionalidad-italiana-por-residencia","status":"publish","type":"page","link":"https:\/\/ambsanjose.esteri.it\/es\/servizi-consolari-e-visti\/servizi-per-il-cittadino-straniero\/cittadinanza\/adquisicion-de-la-nacionalidad-italiana-por-residencia\/","title":{"rendered":"Adquisici\u00f3n de la nacionalidad italiana por residencia"},"content":{"rendered":"<p>Un extranjero o ap\u00e1trida, cuyo padre o madre o uno de sus ascendientes directos en segundo grado fuera ciudadano por nacimiento, adquiere la ciudadan\u00eda si, al alcanzar la mayor\u00eda de edad, ha residido legalmente durante al menos dos a\u00f1os en el territorio de la Rep\u00fablica y declara, dentro del a\u00f1o siguiente a la mayor\u00eda de edad, que desea adquirir la nacionalidad italiana (Ley n\u00b0 91\/92, art. 4.1 lett. C).<\/p>\n","protected":false},"excerpt":{"rendered":"Un extranjero o ap\u00e1trida, cuyo padre o madre o uno de sus ascendientes directos en segundo grado fuera ciudadano por nacimiento, adquiere la ciudadan\u00eda si, al alcanzar la mayor\u00eda de edad, ha residido legalmente durante al menos dos a\u00f1os en el territorio de la Rep\u00fablica y declara, dentro del a\u00f1o siguiente a la mayor\u00eda de [&hellip;]","protected":false},"author":5,"featured_media":0,"parent":187,"menu_order":3,"comment_status":"closed","ping_status":"closed","template":"","meta":{"footnotes":""},"class_list":["post-558","page","type-page","status-publish","hentry"],"_links":{"self":[{"href":"https:\/\/ambsanjose.esteri.it\/es\/wp-json\/wp\/v2\/pages\/558","targetHints":{"allow":["GET"]}}],"collection":[{"href":"https:\/\/ambsanjose.esteri.it\/es\/wp-json\/wp\/v2\/pages"}],"about":[{"href":"https:\/\/ambsanjose.esteri.it\/es\/wp-json\/wp\/v2\/types\/page"}],"author":[{"embeddable":true,"href":"https:\/\/ambsanjose.esteri.it\/es\/wp-json\/wp\/v2\/users\/5"}],"replies":[{"embeddable":true,"href":"https:\/\/ambsanjose.esteri.it\/es\/wp-json\/wp\/v2\/comments?post=558"}],"version-history":[{"count":1,"href":"https:\/\/ambsanjose.esteri.it\/es\/wp-json\/wp\/v2\/pages\/558\/revisions"}],"predecessor-version":[{"id":559,"href":"https:\/\/ambsanjose.esteri.it\/es\/wp-json\/wp\/v2\/pages\/558\/revisions\/559"}],"up":[{"embeddable":true,"href":"https:\/\/ambsanjose.esteri.it\/es\/wp-json\/wp\/v2\/pages\/187"}],"wp:attachment":[{"href":"https:\/\/ambsanjose.esteri.it\/es\/wp-json\/wp\/v2\/media?parent=558"}],"curies":[{"name":"wp","href":"https:\/\/api.w.org\/{rel}","templated":true}]}}