{"id":567,"date":"2023-10-23T11:00:52","date_gmt":"2023-10-23T17:00:52","guid":{"rendered":"https:\/\/ambsanjose.esteri.it\/?page_id=567"},"modified":"2023-10-23T11:01:25","modified_gmt":"2023-10-23T17:01:25","slug":"adquisicion-de-la-nacionalidad-durante-la-menor-edad","status":"publish","type":"page","link":"https:\/\/ambsanjose.esteri.it\/es\/servizi-consolari-e-visti\/servizi-per-il-cittadino-straniero\/cittadinanza\/adquisicion-de-la-nacionalidad-durante-la-menor-edad\/","title":{"rendered":"Adquisici\u00f3n de la nacionalidad durante la menor edad"},"content":{"rendered":"<p><strong>a. Ciudadan\u00eda por reconocimiento o declaraci\u00f3n judicial de paternidad o maternidad<\/strong><\/p>\n<p>Es ciudadano italiano el menor reconocido como hijo por un ciudadano italiano o declarado hijo de un ciudadano italiano por un juez.<\/p>\n<p><strong>b. Ciudadan\u00eda por adopci\u00f3n<\/strong><\/p>\n<p>Un ni\u00f1o extranjero adoptado por un ciudadano italiano adquiere la nacionalidad italiana por una orden de la Autoridad Judicial italiana o, en el caso de una adopci\u00f3n pronunciada en el extranjero, por una orden de la autoridad extranjera que se hace efectiva en Italia mediante una orden (emitida por el Tribunal de Menores) de transcripci\u00f3n en los registros del estado civil.<\/p>\n<p>Si el hijo adoptivo es mayor de edad, puede adquirir la nacionalidad italiana por naturalizaci\u00f3n tras cinco a\u00f1os de residencia legal en Italia despu\u00e9s de la adopci\u00f3n.<\/p>\n<p><strong>c. Por naturalizaci\u00f3n de los padres<\/strong><\/p>\n<p>Los hijos menores de edad de una persona que adquiere o readquiere la nacionalidad italiana adquieren a su vez la nacionalidad italiana si viven con sus padres. Pueden renunciar a ella una vez alcanzada la mayor\u00eda de edad y si poseen otra nacionalidad.<\/p>\n","protected":false},"excerpt":{"rendered":"a. Ciudadan\u00eda por reconocimiento o declaraci\u00f3n judicial de paternidad o maternidad Es ciudadano italiano el menor reconocido como hijo por un ciudadano italiano o declarado hijo de un ciudadano italiano por un juez. b. Ciudadan\u00eda por adopci\u00f3n Un ni\u00f1o extranjero adoptado por un ciudadano italiano adquiere la nacionalidad italiana por una orden de la Autoridad [&hellip;]","protected":false},"author":5,"featured_media":0,"parent":187,"menu_order":10,"comment_status":"closed","ping_status":"closed","template":"","meta":{"footnotes":""},"class_list":["post-567","page","type-page","status-publish","hentry"],"_links":{"self":[{"href":"https:\/\/ambsanjose.esteri.it\/es\/wp-json\/wp\/v2\/pages\/567","targetHints":{"allow":["GET"]}}],"collection":[{"href":"https:\/\/ambsanjose.esteri.it\/es\/wp-json\/wp\/v2\/pages"}],"about":[{"href":"https:\/\/ambsanjose.esteri.it\/es\/wp-json\/wp\/v2\/types\/page"}],"author":[{"embeddable":true,"href":"https:\/\/ambsanjose.esteri.it\/es\/wp-json\/wp\/v2\/users\/5"}],"replies":[{"embeddable":true,"href":"https:\/\/ambsanjose.esteri.it\/es\/wp-json\/wp\/v2\/comments?post=567"}],"version-history":[{"count":1,"href":"https:\/\/ambsanjose.esteri.it\/es\/wp-json\/wp\/v2\/pages\/567\/revisions"}],"predecessor-version":[{"id":568,"href":"https:\/\/ambsanjose.esteri.it\/es\/wp-json\/wp\/v2\/pages\/567\/revisions\/568"}],"up":[{"embeddable":true,"href":"https:\/\/ambsanjose.esteri.it\/es\/wp-json\/wp\/v2\/pages\/187"}],"wp:attachment":[{"href":"https:\/\/ambsanjose.esteri.it\/es\/wp-json\/wp\/v2\/media?parent=567"}],"curies":[{"name":"wp","href":"https:\/\/api.w.org\/{rel}","templated":true}]}}