{"id":569,"date":"2023-10-23T11:02:24","date_gmt":"2023-10-23T17:02:24","guid":{"rendered":"https:\/\/ambsanjose.esteri.it\/?page_id=569"},"modified":"2023-10-23T11:02:24","modified_gmt":"2023-10-23T17:02:24","slug":"renuncia-a-la-nacionalidad-italiana","status":"publish","type":"page","link":"https:\/\/ambsanjose.esteri.it\/es\/servizi-consolari-e-visti\/servizi-per-il-cittadino-straniero\/cittadinanza\/renuncia-a-la-nacionalidad-italiana\/","title":{"rendered":"Renuncia a la nacionalidad italiana"},"content":{"rendered":"<p>Los ciudadanos italianos pueden renunciar voluntariamente a su nacionalidad italiana si trasladan o han trasladado su residencia al extranjero y poseen otra(s) nacionalidad(es) (Ley n\u00ba 91\/1992, art. 11). El derecho a renunciar a la nacionalidad italiana en este caso s\u00f3lo puede ser ejercido por ciudadanos mayores de edad.<\/p>\n<p>Quienes hayan obtenido la nacionalidad italiana siendo menores de 18 a\u00f1os, como hijos convivientes con el progenitor que adquiri\u00f3 o readquiri\u00f3 la nacionalidad, tienen la opci\u00f3n de renunciar a ella (sin l\u00edmite de tiempo) una vez alcanzada la mayor\u00eda de edad, siempre que posean otra nacionalidad (art. 14).<\/p>\n<p>Para solicitar la renuncia a la ciudadan\u00eda italiana, es necesario concertar una cita con la oficina de ciudadan\u00eda enviando un correo electr\u00f3nico a\u00a0<a href=\"mailto:sanjose.cittadinanza@esteri.it\">sanjose.cittadinanza@esteri.it<\/a>.<\/p>\n<p>Los documentos necesarios son:<\/p>\n<p>1. Extracto del certificado de nacimiento expedido por la municipalidad italiana en el que tuvo lugar el nacimiento o en el que se inscribi\u00f3.<\/p>\n<p>2. Pasaporte italiano<\/p>\n<p>3. Pasaporte costarricense (o pasaporte de otra nacionalidad)<\/p>\n<p>4. Recibo de pago de 250 EUR al Ministerio del Interior italiano<\/p>\n<p><strong>BENEFICIARIO:<\/strong>\u00a0\u201cMINISTERO DELL\u2019 INTERNO D.L.C.I. &#8211; CITTADINANZA\u201d<br \/>\nPiazzale del Viminale, 00184 ROMA (ITALIA)<\/p>\n<p><strong>C\u00d3DIGO IBAN:<\/strong>\u00a0IT54D0760103200000000809020<\/p>\n<p><strong>C\u00d3DIGO SWIFT:<\/strong>\u00a0BPPIITRRXXX<\/p>\n<p><strong>EUROGIRO:<\/strong>\u00a0PIBPITRA<\/p>\n<p><strong>Motivo del pago<\/strong>: Nombre apellidos rinuncia alla cittadinanza italiana<\/p>\n","protected":false},"excerpt":{"rendered":"Los ciudadanos italianos pueden renunciar voluntariamente a su nacionalidad italiana si trasladan o han trasladado su residencia al extranjero y poseen otra(s) nacionalidad(es) (Ley n\u00ba 91\/1992, art. 11). El derecho a renunciar a la nacionalidad italiana en este caso s\u00f3lo puede ser ejercido por ciudadanos mayores de edad. Quienes hayan obtenido la nacionalidad italiana siendo [&hellip;]","protected":false},"author":5,"featured_media":0,"parent":187,"menu_order":11,"comment_status":"closed","ping_status":"closed","template":"","meta":{"footnotes":""},"class_list":["post-569","page","type-page","status-publish","hentry"],"_links":{"self":[{"href":"https:\/\/ambsanjose.esteri.it\/es\/wp-json\/wp\/v2\/pages\/569","targetHints":{"allow":["GET"]}}],"collection":[{"href":"https:\/\/ambsanjose.esteri.it\/es\/wp-json\/wp\/v2\/pages"}],"about":[{"href":"https:\/\/ambsanjose.esteri.it\/es\/wp-json\/wp\/v2\/types\/page"}],"author":[{"embeddable":true,"href":"https:\/\/ambsanjose.esteri.it\/es\/wp-json\/wp\/v2\/users\/5"}],"replies":[{"embeddable":true,"href":"https:\/\/ambsanjose.esteri.it\/es\/wp-json\/wp\/v2\/comments?post=569"}],"version-history":[{"count":1,"href":"https:\/\/ambsanjose.esteri.it\/es\/wp-json\/wp\/v2\/pages\/569\/revisions"}],"predecessor-version":[{"id":570,"href":"https:\/\/ambsanjose.esteri.it\/es\/wp-json\/wp\/v2\/pages\/569\/revisions\/570"}],"up":[{"embeddable":true,"href":"https:\/\/ambsanjose.esteri.it\/es\/wp-json\/wp\/v2\/pages\/187"}],"wp:attachment":[{"href":"https:\/\/ambsanjose.esteri.it\/es\/wp-json\/wp\/v2\/media?parent=569"}],"curies":[{"name":"wp","href":"https:\/\/api.w.org\/{rel}","templated":true}]}}