{"id":5693,"date":"2024-09-02T11:45:09","date_gmt":"2024-09-02T17:45:09","guid":{"rendered":"https:\/\/ambsanjose.esteri.it\/?page_id=5693"},"modified":"2024-09-13T11:39:04","modified_gmt":"2024-09-13T17:39:04","slug":"huellas-de-italia-en-costa-rica","status":"publish","type":"page","link":"https:\/\/ambsanjose.esteri.it\/es\/italia-e-costa-rica\/diplomazia-culturale\/huellas-de-italia-en-costa-rica\/","title":{"rendered":"Huellas de Italia en Costa Rica"},"content":{"rendered":"<p><img loading=\"lazy\" decoding=\"async\" class=\"alignleft size-medium wp-image-4778 img-fluid\" src=\"https:\/\/ambsanjose.esteri.it\/wp-content\/uploads\/2024\/06\/PICCOLI-PEZZI-DITALIA-COPERTINA-300x230.png\" alt=\"\" width=\"300\" height=\"230\" srcset=\"https:\/\/ambsanjose.esteri.it\/wp-content\/uploads\/2024\/06\/PICCOLI-PEZZI-DITALIA-COPERTINA-300x230.png 300w, https:\/\/ambsanjose.esteri.it\/wp-content\/uploads\/2024\/06\/PICCOLI-PEZZI-DITALIA-COPERTINA-1024x784.png 1024w, https:\/\/ambsanjose.esteri.it\/wp-content\/uploads\/2024\/06\/PICCOLI-PEZZI-DITALIA-COPERTINA-768x588.png 768w, https:\/\/ambsanjose.esteri.it\/wp-content\/uploads\/2024\/06\/PICCOLI-PEZZI-DITALIA-COPERTINA.png 1253w\" sizes=\"auto, (max-width: 300px) 100vw, 300px\" \/><\/p>\n<p>Ya est\u00e1 disponible en l\u00ednea el libro \u00abHuellas de Italia en Costa Rica\u00bb (<strong><em>Piccoli pezzi d\u2019Italia in Costa Rica<\/em><\/strong>), el itinerario que proponemos para \u00abdescubrir\u00bb los lugares italianos y el maravilloso mundo de la presencia italiana en San Jos\u00e9 y Costa Rica.<\/p>\n<p>Se trata de un itinerario fascinante para descubrir los peque\u00f1os tesoros italianos diseminados por todo el pa\u00eds. A trav\u00e9s de lugares, monumentos y obras creadas por italianos o inspiradas en Italia, llevaremos en un apasionante viaje por los testimonios de la presencia italiana en esta tierra lejana, pero en muchos sentidos tan cercana a Italia.<\/p>\n<p>Dos pa\u00edses amigos y hermanos desde hace muchos a\u00f1os: este a\u00f1o celebramos el 160 aniversario de las relaciones diplom\u00e1ticas entre nuestros dos pa\u00edses.<\/p>\n<p>La historia de la presencia italiana en Costa Rica es fascinante y a menudo poco conocida. A lo largo de los siglos, numerosos italianos han llegado aqu\u00ed, trayendo consigo su cultura, su talento y su pasi\u00f3n. A trav\u00e9s de las p\u00e1ginas de este libro, revelamos (al menos en parte) sus contribuciones y las huellas que dejaron en el tejido mismo de la sociedad costarricense.<\/p>\n<p>Para los amigos costarricenses, este peque\u00f1o libro es una invitaci\u00f3n a sumergirse en la riqueza cultural que los v\u00ednculos entre Italia y Costa Rica han creado a lo largo de los siglos. Es una invitaci\u00f3n a descubrir y apreciar esos trocitos de Italia diseminados por el pa\u00eds, a menudo poco conocidos o completamente olvidados.<\/p>\n<p>\u00a1Una puerta de entrada ideal a Italia!<\/p>\n<p>Para acceder al volumen y descargarlo, <a href=\"https:\/\/drive.google.com\/file\/d\/1Nt7gG68fudik_NvcHWLGhRUbdM0qPKWd\/view?usp=sharing\">clique\u00a0<strong>aqu\u00ed<\/strong>.<\/a><\/p>\n","protected":false},"excerpt":{"rendered":"Ya est\u00e1 disponible en l\u00ednea el libro \u00abHuellas de Italia en Costa Rica\u00bb (Piccoli pezzi d\u2019Italia in Costa Rica), el itinerario que proponemos para \u00abdescubrir\u00bb los lugares italianos y el maravilloso mundo de la presencia italiana en San Jos\u00e9 y Costa Rica. Se trata de un itinerario fascinante para descubrir los peque\u00f1os tesoros italianos diseminados [&hellip;]","protected":false},"author":5,"featured_media":4778,"parent":161,"menu_order":50,"comment_status":"closed","ping_status":"closed","template":"","meta":{"footnotes":""},"class_list":["post-5693","page","type-page","status-publish","has-post-thumbnail","hentry"],"_links":{"self":[{"href":"https:\/\/ambsanjose.esteri.it\/es\/wp-json\/wp\/v2\/pages\/5693","targetHints":{"allow":["GET"]}}],"collection":[{"href":"https:\/\/ambsanjose.esteri.it\/es\/wp-json\/wp\/v2\/pages"}],"about":[{"href":"https:\/\/ambsanjose.esteri.it\/es\/wp-json\/wp\/v2\/types\/page"}],"author":[{"embeddable":true,"href":"https:\/\/ambsanjose.esteri.it\/es\/wp-json\/wp\/v2\/users\/5"}],"replies":[{"embeddable":true,"href":"https:\/\/ambsanjose.esteri.it\/es\/wp-json\/wp\/v2\/comments?post=5693"}],"version-history":[{"count":5,"href":"https:\/\/ambsanjose.esteri.it\/es\/wp-json\/wp\/v2\/pages\/5693\/revisions"}],"predecessor-version":[{"id":5895,"href":"https:\/\/ambsanjose.esteri.it\/es\/wp-json\/wp\/v2\/pages\/5693\/revisions\/5895"}],"up":[{"embeddable":true,"href":"https:\/\/ambsanjose.esteri.it\/es\/wp-json\/wp\/v2\/pages\/161"}],"wp:featuredmedia":[{"embeddable":true,"href":"https:\/\/ambsanjose.esteri.it\/es\/wp-json\/wp\/v2\/media\/4778"}],"wp:attachment":[{"href":"https:\/\/ambsanjose.esteri.it\/es\/wp-json\/wp\/v2\/media?parent=5693"}],"curies":[{"name":"wp","href":"https:\/\/api.w.org\/{rel}","templated":true}]}}