{"id":5824,"date":"2024-09-06T11:28:18","date_gmt":"2024-09-06T17:28:18","guid":{"rendered":"https:\/\/ambsanjose.esteri.it\/?page_id=5824"},"modified":"2025-06-24T11:10:55","modified_gmt":"2025-06-24T17:10:55","slug":"estructura-institucional-y-datos-basicos","status":"publish","type":"page","link":"https:\/\/ambsanjose.esteri.it\/es\/italia-e-costa-rica\/diplomazia-economica\/fare-affari-in-costa-rica\/estructura-institucional-y-datos-basicos\/","title":{"rendered":"Estructura institucional y datos b\u00e1sicos"},"content":{"rendered":"<table width=\"603\">\n<tbody>\n<tr>\n<td colspan=\"2\" width=\"603\"><strong>Estructura institucional y datos b\u00e1sicos<\/strong><\/td>\n<\/tr>\n<tr>\n<td width=\"180\">Superficie<\/td>\n<td width=\"423\">51.100 kmq.<\/td>\n<\/tr>\n<tr>\n<td width=\"180\">Capital<\/td>\n<td width=\"423\">San Jos\u00e9 (1,6 millones de habitantes)<\/td>\n<\/tr>\n<tr>\n<td width=\"180\">Ciudades principales<\/td>\n<td width=\"423\">Alajuela (848 mil habitantes), Cartago (490 mil), Heredia (433 mil)<\/td>\n<\/tr>\n<tr>\n<td width=\"180\">Nombre oficial<\/td>\n<td width=\"423\">Rep\u00fablica de Costa Rica<\/td>\n<\/tr>\n<tr>\n<td width=\"180\">Forma de gobierno<\/td>\n<td width=\"423\">Rep\u00fablica Presidencialista<\/td>\n<\/tr>\n<tr>\n<td width=\"180\">Jefe de Estado<\/td>\n<td width=\"423\">Rodrigo Chaves Robles<\/td>\n<\/tr>\n<tr>\n<td width=\"180\">Jefe de Gobierno<\/td>\n<td width=\"423\">Rodrigo Chaves Robles<\/td>\n<\/tr>\n<tr>\n<td width=\"180\">Ministro de Relaciones Exteriores<\/td>\n<td width=\"423\">Arnoldo Andr\u00e9 Tinoco<\/td>\n<\/tr>\n<tr>\n<td width=\"180\">Sistema legislativo<\/td>\n<td width=\"423\">\u00d3rgano legislativo unicameral (Asamblea Legislativa)<\/td>\n<\/tr>\n<tr>\n<td width=\"180\">Sistema jur\u00eddico<\/td>\n<td width=\"423\">Sistema basado en el C\u00f3digo Civil franc\u00e9s (napole\u00f3nico)<\/td>\n<\/tr>\n<tr>\n<td width=\"180\">Sufragio<\/td>\n<td width=\"423\">Universal, 18 a\u00f1os<\/td>\n<\/tr>\n<tr>\n<td width=\"180\">&nbsp;<\/p>\n<p>Participaci\u00f3n en organizaciones internacionales<\/td>\n<td width=\"423\">ONU, UNICEF, FAO, UNCTAD, PNUD, UNESCO, ONUDI, OMS, Organizaci\u00f3n Mar\u00edtima Internacional, OACI, OIT, OIM, UIT, PMA, Organizaci\u00f3n de los Estados Americanos (OEA), Comunidad de Estados Latinoamericanos y Caribe\u00f1os (CELAC), CEPAL, OCDE, OMC, FMI, Organismo Internacional de Energ\u00eda At\u00f3mica (OIEA), INTERPOL, Sistema de la Integraci\u00f3n Centroamericana (SICA), Secretar\u00eda General Iberoamericana (SEGIB), Asociaci\u00f3n de Estados del Caribe.<\/td>\n<\/tr>\n<tr>\n<td width=\"180\">Principales cargos internacionales<\/td>\n<td width=\"423\">\n<ul>\n<li>Carlos Manuel Rodriguez Echandi, Presidente del Global Environmental Facily \u2013 GEF;<\/li>\n<li>Rebeca Grynspan Mayufis, dal 2021 Segretaria Generale dell\u2019UNCTAD;<\/li>\n<li>Jos\u00e9 Manuel Salazar-Xirinachs, Segretario esecutivo dell\u2019ECLAC \u2013 Economic Commission for Latin America and the Caribbean;<\/li>\n<li>Nancy Hernandez, dal 2024 Presidente della Corte Interamericana de Derechos Humanos<\/li>\n<\/ul>\n<\/td>\n<\/tr>\n<tr>\n<td colspan=\"2\" width=\"603\">&nbsp;<\/p>\n<p><strong>Poblaci\u00f3n e indicadores sociales<\/strong><\/td>\n<\/tr>\n<tr>\n<td width=\"180\">Poblaci\u00f3n<\/td>\n<td width=\"423\">5.044.197 (Censo 2022 publicado el 19.7.2023)<\/td>\n<\/tr>\n<tr>\n<td width=\"180\">Tasa de crecimiento<\/td>\n<td width=\"423\">+ 5,7% (2023) (estimaci\u00f3n del Banco Central de Costa Rica)<\/td>\n<\/tr>\n<tr>\n<td width=\"180\">Esperanza de vida al nacer<\/td>\n<td width=\"423\">78,57 (hombres); 83,53 (mujeres) (2025)<\/td>\n<\/tr>\n<tr>\n<td width=\"180\">Grupos \u00e9tnicos<\/td>\n<td width=\"423\">Costarricenses, ind\u00edgenas (m\u00e1s de 100.000)<\/td>\n<\/tr>\n<tr>\n<td width=\"180\">Idiomas<\/td>\n<td width=\"423\">\u00a0Espa\u00f1ol (oficial), lenguas ind\u00edgenas<\/td>\n<\/tr>\n<tr>\n<td width=\"180\">Densidad de poblaci\u00f3n<\/td>\n<td width=\"423\">102,3 hab\/km\u00b2<\/td>\n<\/tr>\n<tr>\n<td width=\"180\">Poblaci\u00f3n urbana %<\/td>\n<td width=\"423\">83<\/td>\n<\/tr>\n<tr>\n<td width=\"180\">\u00cdndice de desarrollo humano (n\u00ba orden mundial) (2021)<\/td>\n<td width=\"423\">62 de 193 pa\u00edses<\/p>\n<p>&nbsp;<\/td>\n<\/tr>\n<tr>\n<td width=\"180\">Tasa de fecundidad (2020)<\/td>\n<td width=\"423\">1,33<\/td>\n<\/tr>\n<tr>\n<td width=\"180\">Coeficiente de Gini del BM (2020)<\/td>\n<td width=\"423\">0,492 (valore massimo = 0)<\/td>\n<\/tr>\n<tr>\n<td width=\"180\">Tasa de mortalidad infantil (menores de 5 a\u00f1os &#8211; 2023)<\/td>\n<td width=\"423\">10,3<\/td>\n<\/tr>\n<tr>\n<td width=\"180\">Edad media (2023)<\/td>\n<td width=\"423\">35,2 anni<\/td>\n<\/tr>\n<tr>\n<td width=\"180\">Crecimiento anual de la poblaci\u00f3n (2023)<\/td>\n<td width=\"423\">0,77%<\/td>\n<\/tr>\n<tr>\n<td width=\"180\">Tasa de analfabetismo (2022)<\/td>\n<td width=\"423\">1,96%<\/td>\n<\/tr>\n<tr>\n<td width=\"180\">Tasa de natalidad (2022)<\/td>\n<td width=\"423\">8,87 por 1000<\/td>\n<\/tr>\n<tr>\n<td width=\"180\">Renta per c\u00e1pita (nominal 2023)<\/td>\n<td width=\"423\">US $ 16.599 (2023)<\/p>\n<p>US $ 18,585 (stima 2024)<\/td>\n<\/tr>\n<\/tbody>\n<\/table>\n","protected":false},"excerpt":{"rendered":"Estructura institucional y datos b\u00e1sicos Superficie 51.100 kmq. Capital San Jos\u00e9 (1,6 millones de habitantes) Ciudades principales Alajuela (848 mil habitantes), Cartago (490 mil), Heredia (433 mil) Nombre oficial Rep\u00fablica de Costa Rica Forma de gobierno Rep\u00fablica Presidencialista Jefe de Estado Rodrigo Chaves Robles Jefe de Gobierno Rodrigo Chaves Robles Ministro de Relaciones Exteriores Arnoldo [&hellip;]","protected":false},"author":5,"featured_media":0,"parent":169,"menu_order":0,"comment_status":"closed","ping_status":"closed","template":"","meta":{"footnotes":""},"class_list":["post-5824","page","type-page","status-publish","hentry"],"_links":{"self":[{"href":"https:\/\/ambsanjose.esteri.it\/es\/wp-json\/wp\/v2\/pages\/5824","targetHints":{"allow":["GET"]}}],"collection":[{"href":"https:\/\/ambsanjose.esteri.it\/es\/wp-json\/wp\/v2\/pages"}],"about":[{"href":"https:\/\/ambsanjose.esteri.it\/es\/wp-json\/wp\/v2\/types\/page"}],"author":[{"embeddable":true,"href":"https:\/\/ambsanjose.esteri.it\/es\/wp-json\/wp\/v2\/users\/5"}],"replies":[{"embeddable":true,"href":"https:\/\/ambsanjose.esteri.it\/es\/wp-json\/wp\/v2\/comments?post=5824"}],"version-history":[{"count":5,"href":"https:\/\/ambsanjose.esteri.it\/es\/wp-json\/wp\/v2\/pages\/5824\/revisions"}],"predecessor-version":[{"id":9134,"href":"https:\/\/ambsanjose.esteri.it\/es\/wp-json\/wp\/v2\/pages\/5824\/revisions\/9134"}],"up":[{"embeddable":true,"href":"https:\/\/ambsanjose.esteri.it\/es\/wp-json\/wp\/v2\/pages\/169"}],"wp:attachment":[{"href":"https:\/\/ambsanjose.esteri.it\/es\/wp-json\/wp\/v2\/media?parent=5824"}],"curies":[{"name":"wp","href":"https:\/\/api.w.org\/{rel}","templated":true}]}}