{"id":617,"date":"2023-10-26T11:43:31","date_gmt":"2023-10-26T17:43:31","guid":{"rendered":"https:\/\/ambsanjose.esteri.it\/?page_id=617"},"modified":"2023-11-08T12:18:41","modified_gmt":"2023-11-08T18:18:41","slug":"preguntas-frecuentes","status":"publish","type":"page","link":"https:\/\/ambsanjose.esteri.it\/es\/servizi-consolari-e-visti\/servizi-per-il-cittadino-italiano\/preguntas-frecuentes\/","title":{"rendered":"Preguntas frecuentes"},"content":{"rendered":"<header class=\"entry-header\">\n<h4 class=\"entry-title h3\"><span style=\"text-decoration: underline;\">Qu\u00e9 hacer para obtener el SPID<\/span><\/h4>\n<\/header>\n<div class=\"entry-meta\">\n<p><strong>SPID<\/strong>, el\u00a0<strong>Sistema Publico de Identidad Digital<\/strong>, es la soluci\u00f3n que permite acceder a los servicios online de la Administraci\u00f3n P\u00fablica y de los sujetos privados adherentes con una \u00fanica identidad digital (user name y password) a utilizar desde una computadora, una tablet o un smartphone.<\/p>\n<\/div>\n<div class=\"entry-content\">\n<p>El uso del SPID es\u00a0<strong>gratuito<\/strong>.<\/p>\n<p>M\u00e1s informaci\u00f3n sobre c\u00f3mo solicitar el SPID,\u00a0<a href=\"https:\/\/www.esteri.it\/it\/servizi-consolari-e-visti\/italiani-all-estero\/spid\/\"><strong>AQU\u00cd<\/strong><\/a>.<\/p>\n<\/div>\n<h1><span style=\"text-decoration: underline;\"><b style=\"font-size: 16px;\"><strong>\u00bfCu\u00e1les son los deberes de un ciudadano italiano residente en el extranjero?<\/strong><\/b><\/span><\/h1>\n<p>Los principales deberes del ciudadano italiano residente en el extranjero son:<\/p>\n<ol>\n<li>Actualiza tu residencia<br \/>\n2. actualizar la situaci\u00f3n del estado civil<\/li>\n<\/ol>\n<p><b><strong><br \/>\n<span style=\"text-decoration: underline;\">\u00bfC\u00f3mo actualizas tu residencia?<\/span><\/strong><\/b><br \/>\nBasta con que el ciudadano notifique por escrito a la oficina consular de la Embajada su nueva direcci\u00f3n. La comunicaci\u00f3n debe ser firmada por el ciudadano mayor de edad (o por uno de los padres para el ciudadano menor de edad). Tambi\u00e9n es necesario adjuntar copia del documento de identidad del interesado. La pr\u00e1ctica es totalmente gratuita, no es necesaria cita previa y tambi\u00e9n se puede hacer por correo.<\/p>\n<p><span style=\"text-decoration: underline;\"><b><strong>\u00bfQu\u00e9 residencia debe ser comunicada a la Canciller\u00eda Consular de la Embajada?<\/strong><\/b><\/span><br \/>\nLa \u00fanica direcci\u00f3n que debe notificarse es la de la &#8220;residencia permanente&#8221; (es decir, el lugar donde la persona vive habitualmente). No se puede utilizar como domicilio el lugar de trabajo o un &#8220;domicilio legal&#8221; que no coincida con la residencia permanente de la persona. En este sentido, se pueden realizar comprobaciones para verificar la residencia declarada por el ciudadano.<\/p>\n<p><b><strong><br \/>\n<span style=\"text-decoration: underline;\">\u00bfC\u00f3mo actualizas tu estado civil?<\/span><\/strong><\/b><br \/>\nLos principales hechos que el ciudadano italiano residente en el extranjero debe notificar a la canciller\u00eda consular de la Embajada son:<\/p>\n<ol>\n<li>matrimonio;<br \/>\n2. divorcio;<br \/>\n3. el nacimiento de hijos que a\u00fan son menores de edad;<br \/>\n4. la muerte del c\u00f3nyuge no ciudadano italiano;<br \/>\n5. la muerte del c\u00f3nyuge ciudadano italiano u otros parientes ciudadanos italianos.<\/li>\n<\/ol>\n<p>Estos tramites son gratuitos.<\/p>\n<p>&nbsp;<\/p>\n<p>&nbsp;<\/p>\n","protected":false},"excerpt":{"rendered":"Qu\u00e9 hacer para obtener el SPID SPID, el\u00a0Sistema Publico de Identidad Digital, es la soluci\u00f3n que permite acceder a los servicios online de la Administraci\u00f3n P\u00fablica y de los sujetos privados adherentes con una \u00fanica identidad digital (user name y password) a utilizar desde una computadora, una tablet o un smartphone. El uso del SPID [&hellip;]","protected":false},"author":5,"featured_media":0,"parent":172,"menu_order":100,"comment_status":"closed","ping_status":"closed","template":"","meta":{"footnotes":""},"class_list":["post-617","page","type-page","status-publish","hentry"],"_links":{"self":[{"href":"https:\/\/ambsanjose.esteri.it\/es\/wp-json\/wp\/v2\/pages\/617","targetHints":{"allow":["GET"]}}],"collection":[{"href":"https:\/\/ambsanjose.esteri.it\/es\/wp-json\/wp\/v2\/pages"}],"about":[{"href":"https:\/\/ambsanjose.esteri.it\/es\/wp-json\/wp\/v2\/types\/page"}],"author":[{"embeddable":true,"href":"https:\/\/ambsanjose.esteri.it\/es\/wp-json\/wp\/v2\/users\/5"}],"replies":[{"embeddable":true,"href":"https:\/\/ambsanjose.esteri.it\/es\/wp-json\/wp\/v2\/comments?post=617"}],"version-history":[{"count":3,"href":"https:\/\/ambsanjose.esteri.it\/es\/wp-json\/wp\/v2\/pages\/617\/revisions"}],"predecessor-version":[{"id":1065,"href":"https:\/\/ambsanjose.esteri.it\/es\/wp-json\/wp\/v2\/pages\/617\/revisions\/1065"}],"up":[{"embeddable":true,"href":"https:\/\/ambsanjose.esteri.it\/es\/wp-json\/wp\/v2\/pages\/172"}],"wp:attachment":[{"href":"https:\/\/ambsanjose.esteri.it\/es\/wp-json\/wp\/v2\/media?parent=617"}],"curies":[{"name":"wp","href":"https:\/\/api.w.org\/{rel}","templated":true}]}}