{"id":635,"date":"2023-10-31T10:01:30","date_gmt":"2023-10-31T16:01:30","guid":{"rendered":"https:\/\/ambsanjose.esteri.it\/?page_id=635"},"modified":"2025-03-10T11:19:31","modified_gmt":"2025-03-10T17:19:31","slug":"alvaro-bracci","status":"publish","type":"page","link":"https:\/\/ambsanjose.esteri.it\/es\/italia-e-costa-rica\/diplomazia-culturale\/643-2\/alvaro-bracci\/","title":{"rendered":"\u00c1lvaro Bracci"},"content":{"rendered":"<p>La de \u00c1lvaro Bracci es la historia de un artista que, inspirado por su pasi\u00f3n por el arte y la pintura y su fuerte deseo de romper con una sociedad que no amaba, abandon\u00f3 Roma muy joven para irse a Costa Rica, donde encontr\u00f3 su dimensi\u00f3n y un segundo hogar.<\/p>\n<p>Ahora \u00c1lvaro es un artista muy conocido y apreciado en el pa\u00eds, hasta el punto de que recientemente ha ganado el Premio Nacional Francisco Amighetti de Artes Visuales en la categor\u00eda bidimensional 2021.<\/p>\n<p>\u00c1lvaro cultiv\u00f3 desde ni\u00f1o una gran pasi\u00f3n por el dibujo, pero el respeto a su familia le llev\u00f3 a seguir los deseos de su padre y matricularse en el Istituto Tecnico Industriale Galileo Galilei de Roma.<\/p>\n<p>Este camino le habr\u00eda permitido emprender una brillante carrera -quiz\u00e1 en los Ferrocarriles del Estado, como deseaba su padre- y obtener el tan codiciado &#8220;puesto fijo&#8221;.<\/p>\n<figure id=\"attachment_633\" aria-describedby=\"caption-attachment-633\" style=\"width: 225px\" class=\"wp-caption alignleft\"><img loading=\"lazy\" decoding=\"async\" class=\"size-medium wp-image-633 img-fluid\" src=\"https:\/\/ambsanjose.esteri.it\/wp-content\/uploads\/2023\/10\/Bracci-225x300.jpeg\" alt=\"\" width=\"225\" height=\"300\" srcset=\"https:\/\/ambsanjose.esteri.it\/wp-content\/uploads\/2023\/10\/Bracci-225x300.jpeg 225w, https:\/\/ambsanjose.esteri.it\/wp-content\/uploads\/2023\/10\/Bracci-768x1024.jpeg 768w, https:\/\/ambsanjose.esteri.it\/wp-content\/uploads\/2023\/10\/Bracci.jpeg 1200w\" sizes=\"auto, (max-width: 225px) 100vw, 225px\" \/><figcaption id=\"caption-attachment-633\" class=\"wp-caption-text\">Alvaro Bracci<\/figcaption><\/figure>\n<p>A \u00c1lvaro, sin embargo, le interesaba otra cosa. De hecho, en la segunda planta del Galilei estaba la escuela de arte y lamentaba no poder formar parte de aquellos estudiantes y no poder hacer lo que ellos hac\u00edan. As\u00ed que se sinti\u00f3 constre\u00f1ido, asfixiado por ese entorno establecido, subyugado dentro de una sociedad en la que todo el mundo aspiraba a un trabajo seguro y en la que la gente trabajaba para jubilarse desde muy joven.<\/p>\n<p>\u00c1lvaro no se reconoci\u00f3 en ello. Siempre le gust\u00f3 viajar, embarcarse en nuevas aventuras y poder expresarse libremente.<\/p>\n<p>Las diversas oportunidades de trabajo que se le presentaron a lo largo de su carrera le dieron la oportunidad de viajar por todo el mundo. Antes de trasladarse a Costa Rica, vivi\u00f3 un a\u00f1o en Australia. Explor\u00f3 el pa\u00eds y vivi\u00f3 varias aventuras, incluidos algunos momentos muy dif\u00edciles. Sin embargo, no le gustaba Australia. La gente y el estilo de vida no reflejaban lo que \u00c1lvaro buscaba, pero aun as\u00ed se qued\u00f3 all\u00ed un a\u00f1o porque quer\u00eda conocer el mundo fuera de Italia.<\/p>\n<p>Su nueva vida en Costa Rica comenz\u00f3 el 29 de octubre, hace 52 a\u00f1os. No fue su elecci\u00f3n, lleg\u00f3 gracias a un contrato de trabajo de un a\u00f1o. Cuando su profesor de tecnolog\u00eda en Galilei le propuso esta oportunidad, \u00c1lvaro ni siquiera sab\u00eda d\u00f3nde estaba Costa Rica. Nunca hab\u00eda o\u00eddo hablar de este lugar. Conoci\u00f3 este pa\u00eds tan lejano de su ciudad a trav\u00e9s de una enciclopedia.<\/p>\n<p>Lo describieron como un pa\u00eds tan hermoso y lleno de paisajes impresionantes que \u00c1lvaro no pudo rechazar la oferta.<\/p>\n<p>\u00c1lvaro recuerda su llegada a Costa Rica, sobre las siete de la tarde, durante una noche lluviosa. De sus primeros d\u00edas en el pa\u00eds, cuenta que se aloj\u00f3 en una granja, donde cuando lleg\u00f3 llov\u00eda tanto que el coche no arrancaba.<\/p>\n<p>Acostumbrado a su vida urbana en la capital italiana, se vio catapultado a un mundo completamente nuevo lleno de aventuras. A pesar de la intensa lluvia y la oscuridad total, \u00c1lvaro se sinti\u00f3 realmente feliz en aquel momento. Se sent\u00eda como en casa. Recuerda los paseos a caballo, la vegetaci\u00f3n t\u00edpica y la plantaci\u00f3n de pl\u00e1tanos, uno de los paisajes que m\u00e1s le impresionaron.<\/p>\n<p>En esos momentos, se dio cuenta de que Costa Rica era un nuevo hogar para \u00e9l, tanto por la naturaleza como por la gente: conoci\u00f3 a personas con las que pod\u00eda entablar amistad f\u00e1cilmente, sinti\u00e9ndose inmediatamente como en casa, con muchas cosas nuevas por descubrir y lugares que visitar.<\/p>\n<p>Centroam\u00e9rica le impresion\u00f3 y le llen\u00f3 de fuertes sentimientos que necesitaban urgentemente salir a la luz, ser representados. No lo dice s\u00f3lo en sentido figurado, sino tambi\u00e9n con ojo cr\u00edtico. Consigui\u00f3 combinar la geometr\u00eda con el aspecto humano, las figuras. \u00c1lvaro cuenta el viaje que emprendi\u00f3 en coche por M\u00e9xico, atravesando zonas muy peligrosas, a pesar de no saber espa\u00f1ol. Aqu\u00ed pudo ver cosas desconocidas para \u00e9l: le impresion\u00f3 el matriarcado, la fuerza que transmit\u00edan las mujeres que sosten\u00edan a sus hijos en brazos. Todas estas im\u00e1genes le permitieron encontrarse con su lenguaje art\u00edstico.<\/p>\n<p>As\u00ed que decidi\u00f3 quedarse y prorrogar ese contrato de un a\u00f1o. &#8220;Mi mente es una mente industrial, quiero multiplicarlo todo. Al igual que Walter Benjamin, la reproducci\u00f3n de la obra de arte siempre me ha fascinado&#8221;.<img loading=\"lazy\" decoding=\"async\" class=\"size-medium wp-image-632 img-fluid alignright\" src=\"https:\/\/ambsanjose.esteri.it\/wp-content\/uploads\/2023\/10\/Bracci-2-225x300.jpeg\" alt=\"\" width=\"225\" height=\"300\" srcset=\"https:\/\/ambsanjose.esteri.it\/wp-content\/uploads\/2023\/10\/Bracci-2-225x300.jpeg 225w, https:\/\/ambsanjose.esteri.it\/wp-content\/uploads\/2023\/10\/Bracci-2-768x1024.jpeg 768w, https:\/\/ambsanjose.esteri.it\/wp-content\/uploads\/2023\/10\/Bracci-2.jpeg 1200w\" sizes=\"auto, (max-width: 225px) 100vw, 225px\" \/><\/p>\n<p>Empez\u00f3 a trabajar en un \u00e1mbito que no conoc\u00eda; nunca hab\u00eda visto una m\u00e1quina de tejer, un telar. No conoc\u00eda el di\u00e1metro del hilo. Todo empez\u00f3 como un juego. La industria en la que trabajaba lleg\u00f3 a instaurar la moda en Costa Rica; confeccionaban camisetas, polos, uniformes escolares, hasta que todas las tiendas m\u00e1s famosas de San Jos\u00e9 eran clientes suyos.<\/p>\n<p>Aqu\u00ed conoci\u00f3 a su esposa y tuvo dos hijos. Abrieron una industria textil, empezaron con una peque\u00f1a m\u00e1quina y poco a poco fueron creciendo y consiguieron establecer una industria que ten\u00eda varios departamentos: sastrer\u00eda, dise\u00f1o&#8230; poco a poco se convirti\u00f3 en una f\u00e1brica completa.<\/p>\n<p>En un momento dado, debido a los cambios econ\u00f3micos, decidi\u00f3 cerrarlo, tambi\u00e9n porque el inter\u00e9s art\u00edstico siempre estuvo ah\u00ed, en cuanto ten\u00eda algo de tiempo libre se iba a pintar.<\/p>\n<p>Para \u00c1lvaro, la pintura era una necesidad absoluta: se obligaba a realizar una exposici\u00f3n individual al a\u00f1o, aun a costa de la eficacia de la industria. A pesar de ello, no quiso crear una dependencia econ\u00f3mica \u00fanicamente del arte, ya que ello habr\u00eda condicionado su deseo de realizar lo que m\u00e1s le interesaba. Nunca quiso hacer obras que le gustaran, sino que siempre fue innovador en sus t\u00e9cnicas al fusionar sus estudios profesionales con su expresi\u00f3n art\u00edstica. <!--more--><\/p>\n<p>El arte y la pintura siempre le han acompa\u00f1ado, tanto en Roma como cuando estuvo en Australia, donde consigui\u00f3 vender algunas de sus obras.<\/p>\n<p>Sin embargo, su carrera como artista comenz\u00f3 en Costa Rica, donde finalmente encontr\u00f3 su lenguaje art\u00edstico.<\/p>\n<p>Seg\u00fan \u00c1lvaro, todo su trabajo anterior era s\u00f3lo una aproximaci\u00f3n. En sus obras hay una intensa presencia tanto de sus tres a\u00f1os en el seminario pontificio del Vaticano como de sus estudios profesionales y su vida en Am\u00e9rica Latina.<\/p>\n<p>\u00bfQu\u00e9 habr\u00eda sido de su vida si se hubiera quedado en Italia? No lo sabe. No sabe c\u00f3mo habr\u00eda superado ese mundo de normas y pautas fijas. Prefiri\u00f3 construir su vida en un lugar diferente. Probablemente, dice, si se hubiera quedado en Italia su trayectoria no habr\u00eda sido muy distinta: incluso los peque\u00f1os trabajos que hizo antes de mudarse siempre recibieron una respuesta positiva.<\/p>\n<p>Probablemente habr\u00eda emprendido un discurso art\u00edstico diferente. \u00c1lvaro dice que a los 18 a\u00f1os nunca est\u00e1s seguro de lo que eres o de lo que quieres ser, si hubiera claridad en el camino ser\u00eda mucho m\u00e1s f\u00e1cil. Dijo: &#8220;O huyo o muero&#8221;. As\u00ed que me escap\u00e9&#8221;. No pod\u00eda visualizar la independencia total en Italia debido a la presi\u00f3n familiar. \u00c1lvaro cree que ha tomado la decisi\u00f3n correcta, pero siempre le queda la duda. El esp\u00edritu de aventura y la perseverancia para llegar hasta el final habr\u00edan sido los mismos en Italia o en Costa Rica.<\/p>\n<p>Cuando le pregunto qu\u00e9 siente por Roma, su ciudad natal, \u00c1lvaro responde que la quiere mucho. Recorre los momentos m\u00e1s destacados de su infancia y adolescencia en la capital italiana, describi\u00e9ndola con melancol\u00eda y romanticismo. Los paseos con amigos por el centro, la iglesia de San Giovanni Laterano, donde pasaba mucho tiempo solo, descansando en el parque despu\u00e9s de montar en bicicleta. Echa mucho de menos Roma, sus lugares y la luz especial y \u00fanica que la caracteriza.<\/p>\n<p>Incluso hoy, a pesar de los muchos a\u00f1os que lleva viviendo en Costa Rica, hay una importante presencia italiana en su familia; tanto sus hijos como sus nietos est\u00e1n orgullosos de tener ra\u00edces italianas. Roma corre en mi sangre hoy como ayer y como ma\u00f1ana&#8221;.<\/p>\n","protected":false},"excerpt":{"rendered":"La de \u00c1lvaro Bracci es la historia de un artista que, inspirado por su pasi\u00f3n por el arte y la pintura y su fuerte deseo de romper con una sociedad que no amaba, abandon\u00f3 Roma muy joven para irse a Costa Rica, donde encontr\u00f3 su dimensi\u00f3n y un segundo hogar. Ahora \u00c1lvaro es un artista [&hellip;]","protected":false},"author":5,"featured_media":0,"parent":643,"menu_order":0,"comment_status":"closed","ping_status":"closed","template":"","meta":{"footnotes":""},"class_list":["post-635","page","type-page","status-publish","hentry"],"_links":{"self":[{"href":"https:\/\/ambsanjose.esteri.it\/es\/wp-json\/wp\/v2\/pages\/635","targetHints":{"allow":["GET"]}}],"collection":[{"href":"https:\/\/ambsanjose.esteri.it\/es\/wp-json\/wp\/v2\/pages"}],"about":[{"href":"https:\/\/ambsanjose.esteri.it\/es\/wp-json\/wp\/v2\/types\/page"}],"author":[{"embeddable":true,"href":"https:\/\/ambsanjose.esteri.it\/es\/wp-json\/wp\/v2\/users\/5"}],"replies":[{"embeddable":true,"href":"https:\/\/ambsanjose.esteri.it\/es\/wp-json\/wp\/v2\/comments?post=635"}],"version-history":[{"count":2,"href":"https:\/\/ambsanjose.esteri.it\/es\/wp-json\/wp\/v2\/pages\/635\/revisions"}],"predecessor-version":[{"id":2605,"href":"https:\/\/ambsanjose.esteri.it\/es\/wp-json\/wp\/v2\/pages\/635\/revisions\/2605"}],"up":[{"embeddable":true,"href":"https:\/\/ambsanjose.esteri.it\/es\/wp-json\/wp\/v2\/pages\/643"}],"wp:attachment":[{"href":"https:\/\/ambsanjose.esteri.it\/es\/wp-json\/wp\/v2\/media?parent=635"}],"curies":[{"name":"wp","href":"https:\/\/api.w.org\/{rel}","templated":true}]}}