{"id":6364,"date":"2024-10-25T13:16:56","date_gmt":"2024-10-25T19:16:56","guid":{"rendered":"https:\/\/ambsanjose.esteri.it\/?page_id=6364"},"modified":"2024-11-06T09:52:39","modified_gmt":"2024-11-06T15:52:39","slug":"iniciativas-en-ejecucion","status":"publish","type":"page","link":"https:\/\/ambsanjose.esteri.it\/es\/italia-e-costa-rica\/cooperazione-allo-sviluppo\/proyectos-financiados-por-el-gobierno-italiano-en-costa-rica\/iniciativas-en-ejecucion\/","title":{"rendered":"Iniciativas en ejecuci\u00f3n"},"content":{"rendered":"<p>Actualmente en Costa Rica, est\u00e1 en ejecuci\u00f3n un proyecto a nivel regional: \u201cPromoci\u00f3n y reforzamiento de la Justicia Juvenil Restaurativa en los Pa\u00edses SICA\u201d. En la tabla abajo se encuentran m\u00e1s detalles sobre la iniciativa.<\/p>\n<table width=\"642\">\n<tbody>\n<tr>\n<td colspan=\"2\" width=\"642\"><strong>Promoci\u00f3n y reforzamiento de la Justicia Juvenil Restaurativa en los Pa\u00edses SICA.<\/strong><\/td>\n<\/tr>\n<tr>\n<td width=\"102\"><em>C\u00f3digo proyecto<\/em><\/td>\n<td width=\"540\">AID 12792<\/td>\n<\/tr>\n<tr>\n<td width=\"102\"><em>Entidad ejecutora<\/em><\/td>\n<td width=\"540\"><em>Organizaci\u00f3n Internacional \u00cdtalo-Latinoamericana (IILA)<\/em><\/td>\n<\/tr>\n<tr>\n<td width=\"102\"><em>Entidad co-ejecutora<\/em><\/td>\n<td width=\"540\"><em>SG-SICA<\/em><\/td>\n<\/tr>\n<tr>\n<td width=\"102\"><em>Lugar de intervenci\u00f3n<\/em><\/td>\n<td width=\"540\"><em>Belice, Costa Rica, El Salvador, Guatemala, Honduras, Nicaragua, Panam\u00e1 y Rep\u00fablica Dominicana <\/em><\/td>\n<\/tr>\n<tr>\n<td width=\"102\"><em>Tipolog\u00eda de financiaci\u00f3n<\/em><\/td>\n<td width=\"540\"><em>D<\/em><em>ono<\/em><\/td>\n<\/tr>\n<tr>\n<td width=\"102\"><em>Monto <\/em><\/td>\n<td width=\"540\"><em>\u20ac 2.000.000,00<\/em><\/td>\n<\/tr>\n<tr>\n<td width=\"102\"><em>Duraci\u00f3n<\/em><\/td>\n<td width=\"540\"><em>36 meses<\/em><\/td>\n<\/tr>\n<tr>\n<td width=\"102\"><em>Estado<\/em><\/td>\n<td width=\"540\"><em>En ejecuci\u00f3n<\/em><\/td>\n<\/tr>\n<tr>\n<td width=\"102\"><em>Breve descripci\u00f3n<\/em><\/td>\n<td width=\"540\">La violencia juvenil es uno de los mayores problemas de Centroam\u00e9rica. Est\u00e1 especialmente vinculada a la fragmentaci\u00f3n social y familiar y a la extorsi\u00f3n, a menudo relacionada con el narcotr\u00e1fico. Hasta ahora, las medidas para atajarla han sido esencialmente represivas. El IILA, junto con el SICA, acord\u00f3 un Marco de Intervenci\u00f3n basado en la Justicia Juvenil Restaurativa, un enfoque centrado no s\u00f3lo en el castigo sino en las posibilidades de reparar el da\u00f1o a la v\u00edctima y restablecer las relaciones sociales entre el infractor, la v\u00edctima y la comunidad. Los objetivos del proyecto, con un presupuesto de 2 millones de Euro y una duraci\u00f3n de tres a\u00f1os, son fortalecer los Sistemas de Justicia Juvenil en los Pa\u00edses del SICA, en el marco de la Estrategia de Seguridad Centroamericana del SICA, y apoyar la revisi\u00f3n, dise\u00f1o y adaptaci\u00f3n de un modelo de Justicia Juvenil Restaurativa como estrategia para la prevenci\u00f3n de la violencia y la reintegraci\u00f3n de los J\u00f3venes en Conflicto con la Ley. Los principales componentes se refieren a: a) el impacto pol\u00edtico, b) el fortalecimiento y desarrollo de las competencias de los profesionales tambi\u00e9n a trav\u00e9s de la experimentaci\u00f3n sobre el terreno y c) la sensibilizaci\u00f3n social y la comunicaci\u00f3n. Muy importante ser\u00e1 el fondo para la implementaci\u00f3n de micro-proyectos para experimentar este enfoque en realidades centroamericanas espec\u00edficas. Dado su car\u00e1cter piloto, los mecanismos de gobernanza ser\u00e1n igualmente importantes.<\/td>\n<\/tr>\n<tr>\n<td width=\"102\"><em>O<\/em><em>bjetivo general<\/em><\/td>\n<td width=\"540\">Reforzar los Sistemas de Justicia Penal Juvenil en los Pa\u00edses del SICA, a trav\u00e9s de la promoci\u00f3n de la Justicia Juvenil Restaurativa, en el marco de la Estrategia de Seguridad de Centroam\u00e9rica (ESCA).<\/td>\n<\/tr>\n<tr>\n<td width=\"102\"><em>Objetivo especifico<\/em><\/td>\n<td width=\"540\">Apoyar a los Pa\u00edses del SICA en la revisi\u00f3n, dise\u00f1o y adaptaci\u00f3n de un modelo de Justicia Juvenil Restaurativa como estrategia de prevenci\u00f3n y reinserci\u00f3n de la poblaci\u00f3n juvenil en riesgo social y en conflicto con la ley.<\/td>\n<\/tr>\n<tr>\n<td width=\"102\"><em>R<\/em><em>esultados esperados<\/em><\/td>\n<td width=\"540\">1. Desarrollados procesos de incidencia en la legislaci\u00f3n nacional y regional sobre justicia juvenil restaurativa;<\/p>\n<p>2. Fortalecidas y\/o creadas competencias y capacidades espec\u00edficas en materia de justicia juvenil restaurativa;<\/p>\n<p>3. Difundida una cultura de legalidad y justicia juvenil restaurativa en los Pa\u00edses del SICA<\/p>\n<p>4. Apoyo a los Pa\u00edses del SICA en la implementaci\u00f3n de medidas de apoyo a la rehabilitaci\u00f3n de las actividades del sistema penal juvenil, tras los efectos de Covid-19<\/td>\n<\/tr>\n<\/tbody>\n<\/table>\n<p>&nbsp;<\/p>\n<p>&nbsp;<\/p>\n<p>Adem\u00e1s, en Costa Rica es operativa la Sede regional de la Uni\u00f3n Internacional para la Conservaci\u00f3n de la Naturaleza (UICN), entidad ejecutora de la iniciativa \u201cClosing the Caribbean Plastic Tap \u2013 Reducir la dispersi\u00f3n de pl\u00e1stico en el Caribe\u201d. En la tabla abajo se encuentran m\u00e1s detalles sobre la iniciativa.<\/p>\n<table>\n<tbody>\n<tr>\n<td colspan=\"2\" width=\"601\"><strong>Closing the Caribbean Plastic Tap \u2013 Reducir la dispersi\u00f3n de pl\u00e1stico en el Caribe<\/strong><\/td>\n<\/tr>\n<tr>\n<td width=\"107\"><em>C\u00f3digo proyecto<\/em><\/td>\n<td width=\"494\">AID 12749<\/td>\n<\/tr>\n<tr>\n<td width=\"107\"><em>Entidad ejecutora<\/em><\/td>\n<td width=\"494\"><em>Uni\u00f3n Internacional para la Conservaci\u00f3n de la Naturaleza (UICN)<\/em><\/td>\n<\/tr>\n<tr>\n<td width=\"107\"><em>Entidad co-ejecutora<\/em><\/td>\n<td width=\"494\">Organizaci\u00f3n de los Estados del Caribe Oriental (OECS); El Programa de las Naciones Unidas para el Medio Ambiente\/Caribe (UNEP\/CCS); Blue Flag Caribbean Consortium (BFCC)<\/td>\n<\/tr>\n<tr>\n<td width=\"107\"><em>Lugar de intervenci\u00f3n<\/em><\/td>\n<td width=\"494\"><em>Antigua y Barbuda, Granada, San Crist\u00f3bal y Nieves, Santa Luc\u00eda y San Vicente y las Granadinas<\/em><\/td>\n<\/tr>\n<tr>\n<td width=\"107\"><em>Tipolog\u00eda de financiaci\u00f3n<\/em><\/td>\n<td width=\"494\"><em>Dono<\/em><\/td>\n<\/tr>\n<tr>\n<td width=\"107\"><em>Monto <\/em><\/td>\n<td width=\"494\"><em>\u20ac 2.000.000,00<\/em><\/td>\n<\/tr>\n<tr>\n<td width=\"107\"><em>Duraci\u00f3n<\/em><\/td>\n<td width=\"494\"><em>36 meses<\/em><\/td>\n<\/tr>\n<tr>\n<td width=\"107\"><em>Estado<\/em><\/td>\n<td width=\"494\"><em>En ejecuci\u00f3n<\/em><\/td>\n<\/tr>\n<tr>\n<td width=\"107\"><em>Breve descripci\u00f3n<\/em><\/td>\n<td width=\"494\">La iniciativa se centra en el problema de la basura pl\u00e1stica en los Peque\u00f1os Estados Insulares en Desarrollo (PEID) del Caribe.<\/p>\n<p>En los \u00faltimos a\u00f1os, la cuesti\u00f3n de la contaminaci\u00f3n por pl\u00e1sticos y micropl\u00e1sticos en los entornos marinos ha dominado los debates nacionales, regionales e internacionales, ya que el impacto negativo del pl\u00e1stico en el medio ambiente se ha hecho cada vez m\u00e1s evidente. Cada a\u00f1o, m\u00e1s de 12 millones de toneladas m\u00e9tricas de residuos pl\u00e1sticos acaban en los oc\u00e9anos del mundo. El objetivo de este proyecto es demostrar soluciones eficaces y cuantificables para tratar los residuos pl\u00e1sticos reciclables y no reciclables (la mayor fracci\u00f3n de residuos pl\u00e1sticos generados) y su dispersi\u00f3n en los PEID del Caribe. Las soluciones incluyen el desarrollo de pol\u00edticas p\u00fablicas, la sensibilizaci\u00f3n de las comunidades y la promoci\u00f3n de empresas privadas de reciclaje.<\/td>\n<\/tr>\n<tr>\n<td width=\"107\"><em>O<\/em><em>bjetivo general<\/em><\/td>\n<td width=\"494\">Reducir la dispersi\u00f3n de residuos pl\u00e1sticos de las islas caribe\u00f1as de Antigua y Barbuda, Granada, Santa Luc\u00eda, San Crist\u00f3bal y Nieves, San Vicente y las Granadinas.<\/td>\n<\/tr>\n<tr>\n<td width=\"107\"><em>Objetivo especifico<\/em><\/td>\n<td width=\"494\">Aplicar soluciones eficaces y socialmente inclusivas para promover la econom\u00eda circular y abordar el problema de la dispersi\u00f3n de residuos pl\u00e1sticos en los PEID objetivo.<\/td>\n<\/tr>\n<tr>\n<td width=\"107\"><em>R<\/em><em>esultados esperados<\/em><\/td>\n<td width=\"494\">1. Aplicar las soluciones identificadas en los Pa\u00edses de intervenci\u00f3n para los pol\u00edmeros reciclables;<\/p>\n<p>2. Aplicar las soluciones identificadas en los Pa\u00edses de intervenci\u00f3n para los pol\u00edmeros no reciclables;<\/p>\n<p>3. Promover acciones pol\u00edticas\/legislativas para la gesti\u00f3n eficaz de pl\u00e1sticos y residuos pl\u00e1sticos a nivel nacional y regional;<\/p>\n<p>4. Mejora de los conocimientos sobre la huella ecol\u00f3gica de los pl\u00e1sticos entre las islas objetivo.<\/td>\n<\/tr>\n<\/tbody>\n<\/table>\n<p>&nbsp;<\/p>\n<p>&nbsp;<\/p>\n","protected":false},"excerpt":{"rendered":"Actualmente en Costa Rica, est\u00e1 en ejecuci\u00f3n un proyecto a nivel regional: \u201cPromoci\u00f3n y reforzamiento de la Justicia Juvenil Restaurativa en los Pa\u00edses SICA\u201d. En la tabla abajo se encuentran m\u00e1s detalles sobre la iniciativa. Promoci\u00f3n y reforzamiento de la Justicia Juvenil Restaurativa en los Pa\u00edses SICA. C\u00f3digo proyecto AID 12792 Entidad ejecutora Organizaci\u00f3n Internacional [&hellip;]","protected":false},"author":5,"featured_media":0,"parent":3150,"menu_order":1,"comment_status":"closed","ping_status":"closed","template":"","meta":{"footnotes":""},"class_list":["post-6364","page","type-page","status-publish","hentry"],"_links":{"self":[{"href":"https:\/\/ambsanjose.esteri.it\/es\/wp-json\/wp\/v2\/pages\/6364","targetHints":{"allow":["GET"]}}],"collection":[{"href":"https:\/\/ambsanjose.esteri.it\/es\/wp-json\/wp\/v2\/pages"}],"about":[{"href":"https:\/\/ambsanjose.esteri.it\/es\/wp-json\/wp\/v2\/types\/page"}],"author":[{"embeddable":true,"href":"https:\/\/ambsanjose.esteri.it\/es\/wp-json\/wp\/v2\/users\/5"}],"replies":[{"embeddable":true,"href":"https:\/\/ambsanjose.esteri.it\/es\/wp-json\/wp\/v2\/comments?post=6364"}],"version-history":[{"count":1,"href":"https:\/\/ambsanjose.esteri.it\/es\/wp-json\/wp\/v2\/pages\/6364\/revisions"}],"predecessor-version":[{"id":6366,"href":"https:\/\/ambsanjose.esteri.it\/es\/wp-json\/wp\/v2\/pages\/6364\/revisions\/6366"}],"up":[{"embeddable":true,"href":"https:\/\/ambsanjose.esteri.it\/es\/wp-json\/wp\/v2\/pages\/3150"}],"wp:attachment":[{"href":"https:\/\/ambsanjose.esteri.it\/es\/wp-json\/wp\/v2\/media?parent=6364"}],"curies":[{"name":"wp","href":"https:\/\/api.w.org\/{rel}","templated":true}]}}