{"id":6373,"date":"2024-10-25T13:18:45","date_gmt":"2024-10-25T19:18:45","guid":{"rendered":"https:\/\/ambsanjose.esteri.it\/?page_id=6373"},"modified":"2024-10-25T13:19:33","modified_gmt":"2024-10-25T19:19:33","slug":"iniciativas-en-programacion","status":"publish","type":"page","link":"https:\/\/ambsanjose.esteri.it\/es\/italia-e-costa-rica\/cooperazione-allo-sviluppo\/proyectos-financiados-por-el-gobierno-italiano-en-costa-rica\/iniciativas-en-programacion\/","title":{"rendered":"Iniciativas en programaci\u00f3n"},"content":{"rendered":"<p><strong><u>Programaci\u00f3n 2024<\/u><\/strong><\/p>\n<p><em>Adopci\u00f3n de un Marco Com\u00fan para la Planificaci\u00f3n del Turismo Sostenible en Zonas de Alto Valor Ecol\u00f3gico de da Regi\u00f3n del SICA<\/em><\/p>\n<p>Est\u00e0 en fase de formulaci\u00f3n una iniciativa regional contribuir\u00e1 a la preservaci\u00f3n del patrimonio cultural y natural en las \u00c1reas de Alto Valor Ecol\u00f3gico (AVEs) de los ocho Pa\u00edses del SICA, a trav\u00e9s de la capacitaci\u00f3n de las instituciones p\u00fablicas y del sector privado en la gesti\u00f3n y promoci\u00f3n del turismo sostenible en las AVEs seleccionadas. El proyecto ser\u00e1 realizado por la Organizaci\u00f3n Internacional \u00cdtalo-Latinoamericana (IILA).<\/p>\n","protected":false},"excerpt":{"rendered":"Programaci\u00f3n 2024 Adopci\u00f3n de un Marco Com\u00fan para la Planificaci\u00f3n del Turismo Sostenible en Zonas de Alto Valor Ecol\u00f3gico de da Regi\u00f3n del SICA Est\u00e0 en fase de formulaci\u00f3n una iniciativa regional contribuir\u00e1 a la preservaci\u00f3n del patrimonio cultural y natural en las \u00c1reas de Alto Valor Ecol\u00f3gico (AVEs) de los ocho Pa\u00edses del SICA, [&hellip;]","protected":false},"author":5,"featured_media":0,"parent":3150,"menu_order":2,"comment_status":"closed","ping_status":"closed","template":"","meta":{"footnotes":""},"class_list":["post-6373","page","type-page","status-publish","hentry"],"_links":{"self":[{"href":"https:\/\/ambsanjose.esteri.it\/es\/wp-json\/wp\/v2\/pages\/6373","targetHints":{"allow":["GET"]}}],"collection":[{"href":"https:\/\/ambsanjose.esteri.it\/es\/wp-json\/wp\/v2\/pages"}],"about":[{"href":"https:\/\/ambsanjose.esteri.it\/es\/wp-json\/wp\/v2\/types\/page"}],"author":[{"embeddable":true,"href":"https:\/\/ambsanjose.esteri.it\/es\/wp-json\/wp\/v2\/users\/5"}],"replies":[{"embeddable":true,"href":"https:\/\/ambsanjose.esteri.it\/es\/wp-json\/wp\/v2\/comments?post=6373"}],"version-history":[{"count":1,"href":"https:\/\/ambsanjose.esteri.it\/es\/wp-json\/wp\/v2\/pages\/6373\/revisions"}],"predecessor-version":[{"id":6374,"href":"https:\/\/ambsanjose.esteri.it\/es\/wp-json\/wp\/v2\/pages\/6373\/revisions\/6374"}],"up":[{"embeddable":true,"href":"https:\/\/ambsanjose.esteri.it\/es\/wp-json\/wp\/v2\/pages\/3150"}],"wp:attachment":[{"href":"https:\/\/ambsanjose.esteri.it\/es\/wp-json\/wp\/v2\/media?parent=6373"}],"curies":[{"name":"wp","href":"https:\/\/api.w.org\/{rel}","templated":true}]}}