{"id":6379,"date":"2024-10-25T13:21:55","date_gmt":"2024-10-25T19:21:55","guid":{"rendered":"https:\/\/ambsanjose.esteri.it\/?page_id=6379"},"modified":"2024-10-25T13:21:55","modified_gmt":"2024-10-25T19:21:55","slug":"otras-actividades","status":"publish","type":"page","link":"https:\/\/ambsanjose.esteri.it\/es\/italia-e-costa-rica\/cooperazione-allo-sviluppo\/proyectos-financiados-por-el-gobierno-italiano-en-costa-rica\/otras-actividades\/","title":{"rendered":"Otras actividades"},"content":{"rendered":"<p><strong><u>Milan Urban Food Policy Pact<\/u><\/strong><\/p>\n<p>En el marco de la iniciativa AID 12739 \u201cConsolidaci\u00f3n del Pacto de Pol\u00edtica Alimentaria Urbana de Mil\u00e1n (MUFPP)\u201d, el 23 de octubre de 2024 se firm\u00f3 el acta de adhesi\u00f3n de la Municipalidad de San Jos\u00e9 al MUFPP. Esto fue posible gracias a la coordinaci\u00f3n de la Sede AICS de San Salvador, la Embajada de Italia en San Jos\u00e9 y la Municipalidad de San Jos\u00e9.<\/p>\n<p>Con esta firma se refuerza la red del MUFPP, contribuyendo a difundir las pol\u00edticas alimentarias en el debate italiano\/internacional sobre cooperaci\u00f3n al desarrollo. El MUFPP apoya a las ciudades firmantes en el desarrollo de pol\u00edticas alimentarias innovadoras reforzando las competencias de los funcionarios de las autoridades locales participantes mediante seminarios web y apoyo directo por la Secretar\u00eda del MUFPP. Adem\u00e1s, las ciudades firmantes participan en propuestas de proyectos y reciben apoyo a la identificaci\u00f3n de socios locales e internacionales para definir su pol\u00edtica alimentaria y las acciones de implementaci\u00f3n.<\/p>\n<p>&nbsp;<\/p>\n<p><strong><u>Programa Falcone-Borsellino (MAECI-IILA)<\/u><\/strong><\/p>\n<p>El Programa Falcone-Borsellino, financiado a trav\u00e9s del Decreto Misiones del Ministerio de Asuntos Exteriores y Cooperaci\u00f3n Internacional de Italia (MAECI), fue asignado por la Direcci\u00f3n General de Globalizaci\u00f3n y Asuntos Globales (DGMO) del MAECI a la Organizaci\u00f3n Internacional Italo-Latinoamericana (IILA) para su ejecuci\u00f3n. Se trata de una iniciativa multidimensional que declina la metodolog\u00eda italiana de asistencia t\u00e9cnica en materia de Justicia y Seguridad e integra un ejemplo de actividades de cooperaci\u00f3n realizadas a trav\u00e9s de la coordinaci\u00f3n interinstitucional del MAECI, el IILA, el Ministerio del Interior (Departamento de Seguridad P\u00fablica), el Ministerio de Justicia, la Direcci\u00f3n Nacional Antimafia y Antiterrorismo (DNA), la Autoridad Nacional Anticorrupci\u00f3n (ANAC) y la Concesionaria de Servicios P\u00fablicos de Informaci\u00f3n (CONSIP).<\/p>\n<p>Como parte del programa, se organizan cursos de formaci\u00f3n y perfeccionamiento para juristas latinoamericanos, incluidos funcionarios costarricenses. La \u00faltima actividad se centr\u00f3 en:<\/p>\n<p>&#8211; Recuperaci\u00f3n de activos en la lucha contra la corrupci\u00f3n.<\/p>\n<p>&#8211; T\u00e9cnicas de investigaci\u00f3n y protocolos operativos. Herramientas tecnol\u00f3gicas y avanzadas de investigaci\u00f3n. Investigaciones patrimoniales y financieras.<\/p>\n<p>&#8211; Marco criminol\u00f3gico del fen\u00f3meno de la corrupci\u00f3n. Soborno en el extranjero. Corrupci\u00f3n e infiltraci\u00f3n en la econom\u00eda y la administraci\u00f3n p\u00fablica.<\/p>\n<p>&#8211; El caso de la cooperaci\u00f3n reforzada en las actividades de la Fiscal\u00eda Europea (EPPO) centradas en la lucha contra la corrupci\u00f3n.<\/p>\n<p>&#8211; Herramientas organizativas modernas: Autoridad de Prevenci\u00f3n de la Corrupci\u00f3n, Protecci\u00f3n de los Denunciantes y Transparencia de la Propiedad Beneficiaria.<\/p>\n<p>&nbsp;<\/p>\n<p>&nbsp;<\/p>\n<p><strong><u>Programa TAIEX (UE): misiones de expertos de Pa\u00edses de la UE para reforzar el sistema p\u00fablico<\/u><\/strong><\/p>\n<p>El Instrumento de Asistencia T\u00e9cnica e Intercambio de Informaci\u00f3n (TAIEX) es un instrumento de asistencia t\u00e9cnica y desarrollo institucional financiado por la Comisi\u00f3n Europea.<\/p>\n<p>El Mecanismo proporciona asistencia t\u00e9cnica a corto plazo a las Administraciones P\u00fablicas, principalmente facilitando su proceso de adaptaci\u00f3n al denominado acervo comunitario en los siguientes sectores: Agricultura y Seguridad Alimentaria, Libertad, Justicia, Seguridad, Medio Ambiente, Transporte, Energ\u00eda y Mercado Interior.<\/p>\n<p>Los conocimientos necesarios son proporcionados por funcionarios de la administraci\u00f3n p\u00fablica nacional de los Estados miembros, o por funcionarios de organismos acreditados ante la Comisi\u00f3n como organismos semip\u00fablicos, los llamados Organismos Mandatarios.<\/p>\n<p>En 2023, el instrumento se utiliz\u00f3 por iniciativa de la Embajada de Italia en San Jos\u00e9 para activar planes de formaci\u00f3n e intercambio en el \u00e1mbito de la cooperaci\u00f3n judicial\/jur\u00eddica en colaboraci\u00f3n con el Tribunal de Justicia de Costa Rica, la Universit\u00e0 Roma La Sapienza y el Tribunal Constitucional italiano.<\/p>\n","protected":false},"excerpt":{"rendered":"Milan Urban Food Policy Pact En el marco de la iniciativa AID 12739 \u201cConsolidaci\u00f3n del Pacto de Pol\u00edtica Alimentaria Urbana de Mil\u00e1n (MUFPP)\u201d, el 23 de octubre de 2024 se firm\u00f3 el acta de adhesi\u00f3n de la Municipalidad de San Jos\u00e9 al MUFPP. Esto fue posible gracias a la coordinaci\u00f3n de la Sede AICS de [&hellip;]","protected":false},"author":5,"featured_media":0,"parent":3150,"menu_order":3,"comment_status":"closed","ping_status":"closed","template":"","meta":{"footnotes":""},"class_list":["post-6379","page","type-page","status-publish","hentry"],"_links":{"self":[{"href":"https:\/\/ambsanjose.esteri.it\/es\/wp-json\/wp\/v2\/pages\/6379","targetHints":{"allow":["GET"]}}],"collection":[{"href":"https:\/\/ambsanjose.esteri.it\/es\/wp-json\/wp\/v2\/pages"}],"about":[{"href":"https:\/\/ambsanjose.esteri.it\/es\/wp-json\/wp\/v2\/types\/page"}],"author":[{"embeddable":true,"href":"https:\/\/ambsanjose.esteri.it\/es\/wp-json\/wp\/v2\/users\/5"}],"replies":[{"embeddable":true,"href":"https:\/\/ambsanjose.esteri.it\/es\/wp-json\/wp\/v2\/comments?post=6379"}],"version-history":[{"count":1,"href":"https:\/\/ambsanjose.esteri.it\/es\/wp-json\/wp\/v2\/pages\/6379\/revisions"}],"predecessor-version":[{"id":6382,"href":"https:\/\/ambsanjose.esteri.it\/es\/wp-json\/wp\/v2\/pages\/6379\/revisions\/6382"}],"up":[{"embeddable":true,"href":"https:\/\/ambsanjose.esteri.it\/es\/wp-json\/wp\/v2\/pages\/3150"}],"wp:attachment":[{"href":"https:\/\/ambsanjose.esteri.it\/es\/wp-json\/wp\/v2\/media?parent=6379"}],"curies":[{"name":"wp","href":"https:\/\/api.w.org\/{rel}","templated":true}]}}