{"id":660,"date":"2023-10-31T10:15:45","date_gmt":"2023-10-31T16:15:45","guid":{"rendered":"https:\/\/ambsanjose.esteri.it\/?page_id=660"},"modified":"2023-10-31T10:16:56","modified_gmt":"2023-10-31T16:16:56","slug":"rita-bariatti-lusetti","status":"publish","type":"page","link":"https:\/\/ambsanjose.esteri.it\/es\/italia-e-costa-rica\/diplomazia-culturale\/643-2\/rita-bariatti-lusetti\/","title":{"rendered":"Rita Bariatti-Lusetti"},"content":{"rendered":"<p>La Profesora Rita Bariatti-Lusetti naci\u00f3 en Mil\u00e1n en 1941. Procede de una familia piamontesa numerosa, la \u00faltima de cinco hermanos. Se gradu\u00f3 en el Civico Polo Scolastico Manzoni de Mil\u00e1n, donde estudi\u00f3 idiomas. Hubiera preferido estudiar escenograf\u00eda teatral en Brera, pero su padre la convenci\u00f3 para que se dedicara a los idiomas. Uno de sus hermanos estudiaba Medicina en la Universidad Statale de Mil\u00e1n, y ten\u00eda un amigo en la Universidad de Costa Rica llamado Jos\u00e9 Alberto R\u00edmolo, pero de or\u00edgenes calabreses y alemanes. Su amigo se fue a Italia a estudiar porque en Costa Rica no exist\u00eda entonces esa carrera universitaria. Jos\u00e9 y Rita se enamoraron y m\u00e1s tarde se casaron en Italia. Tras licenciarse, Rita trabaj\u00f3 como traductora para una empresa farmac\u00e9utica. En 1963 se trasladaron a Costa Rica, aunque el traslado definitivo tuvo lugar en 1966. Mientras tanto, su marido se especializ\u00f3 en urolog\u00eda en Italia y luego ejerci\u00f3 en Costa Rica, ya que no recuper\u00f3 la nacionalidad italiana hasta la d\u00e9cada de 1990 y tenerla era un requisito para ejercer como m\u00e9dico en Italia. Esto se debi\u00f3 a que su padre prefiri\u00f3 elegir la nacionalidad costarricense para su hijo durante la Segunda Guerra Mundial.<\/p>\n<p>La Profesora Rita Bariatti ha estado y sigue estando muy dedicada a su familia, especialmente a su marido, sus hijas y ahora sus nietos. Adem\u00e1s, trabaj\u00f3 como traductora y tambi\u00e9n dio clases particulares de italiano.<\/p>\n<p>Sin embargo, al llegar a Costa Rica en los a\u00f1os sesenta, adem\u00e1s de los problemas de adaptaci\u00f3n a una nueva cultura y a una nueva ciudad, sinti\u00f3 un &#8220;vac\u00edo&#8221; en su interior. As\u00ed, logr\u00f3 ingresar en la carrera de Historia de la Universidad Nacional de Costa Rica, concretamente en la rama de Ciencias Sociales. Tras graduarse en 1980, se especializ\u00f3 con una tesis sobre la historia de la inmigraci\u00f3n italiana a Costa Rica en 1987. Estos estudios la ayudaron a comprender mejor la realidad de Am\u00e9rica Latina. Despu\u00e9s comenz\u00f3 su carrera como profesora, trabaj\u00f3 en la universidad donde hab\u00eda sido estudiante y permaneci\u00f3 all\u00ed hasta 1997. Imparte muchos cursos diferentes, por ejemplo historia universal, historia del arte e historia contempor\u00e1nea. En 1997 empez\u00f3 a trabajar para la Universidad Aut\u00f3noma de Centroam\u00e9rica (UACA) y termin\u00f3 su carrera docente en 2004. Inicialmente, tambi\u00e9n trabaj\u00f3 en el Istituto Dante Alighieri durante dos a\u00f1os. En 2009 fue distinguida como Caballero de la Rep\u00fablica italiana. Es autora de varios libros y art\u00edculos cient\u00edficos, entre ellos &#8220;Italianos en Costa Rica. 1502-1952. De Crist\u00f3bal Col\u00f3n a San Vito de Java\u201d de 2001 e \u201cItalianos en Am\u00e9rica Central. De Crist\u00f3bal Col\u00f3n a la Segunda Posguerra\u201d de 2011.<\/p>\n<p>La Profesora Bariatti tambi\u00e9n ha tenido muchas experiencias en el asociacionismo italiano en Costa Rica, fue miembro de la Junta Directiva de la Asociaci\u00f3n Cultural Dante Alighieri de San Jos\u00e9 de 1985 a 1988, miembro de la Junta Directiva de la Asociaci\u00f3n Italiana de Socorros Mutuos de 1990 a 1992, Consejera de COMITES de 2004 a 2008 y miembro de la Junta Directiva de la Casa de Italia de 2002 a 2015.<\/p>\n<p>En la actualidad, la Profesora Rita Bariatti sigue muy activa, se dedica a su familia, practica yoga, contin\u00faa con sus traducciones y estudios. Ha dejado un valioso legado a todos sus alumnos, algunos de los cuales se han convertido en historiadores como ella, y mantiene contacto con algunos de ellos.<\/p>\n<p>Para saber m\u00e1s sobre la historia de los italianos en Costa Rica, as\u00ed como para leer los libros de la profesora Bariatti, puede consultar el libro electr\u00f3nico en el sitio web de la embajada en el enlace:<a href=\"https:\/\/ambsanjose.esteri.it\/ambasciata_sanjose\/it\/i_rapporti_bilaterali\/studi-ricerche\/professoressa-rita-bariatti-le_0.html\">https:\/\/ambsanjose.esteri.it\/ambasciata_sanjose\/it\/i_rapporti_bilaterali\/studi-ricerche\/professoressa-rita-bariatti-le_0.html<\/a><\/p>\n","protected":false},"excerpt":{"rendered":"La Profesora Rita Bariatti-Lusetti naci\u00f3 en Mil\u00e1n en 1941. Procede de una familia piamontesa numerosa, la \u00faltima de cinco hermanos. Se gradu\u00f3 en el Civico Polo Scolastico Manzoni de Mil\u00e1n, donde estudi\u00f3 idiomas. Hubiera preferido estudiar escenograf\u00eda teatral en Brera, pero su padre la convenci\u00f3 para que se dedicara a los idiomas. Uno de sus [&hellip;]","protected":false},"author":5,"featured_media":0,"parent":643,"menu_order":4,"comment_status":"closed","ping_status":"closed","template":"","meta":{"footnotes":""},"class_list":["post-660","page","type-page","status-publish","hentry"],"_links":{"self":[{"href":"https:\/\/ambsanjose.esteri.it\/es\/wp-json\/wp\/v2\/pages\/660","targetHints":{"allow":["GET"]}}],"collection":[{"href":"https:\/\/ambsanjose.esteri.it\/es\/wp-json\/wp\/v2\/pages"}],"about":[{"href":"https:\/\/ambsanjose.esteri.it\/es\/wp-json\/wp\/v2\/types\/page"}],"author":[{"embeddable":true,"href":"https:\/\/ambsanjose.esteri.it\/es\/wp-json\/wp\/v2\/users\/5"}],"replies":[{"embeddable":true,"href":"https:\/\/ambsanjose.esteri.it\/es\/wp-json\/wp\/v2\/comments?post=660"}],"version-history":[{"count":1,"href":"https:\/\/ambsanjose.esteri.it\/es\/wp-json\/wp\/v2\/pages\/660\/revisions"}],"predecessor-version":[{"id":661,"href":"https:\/\/ambsanjose.esteri.it\/es\/wp-json\/wp\/v2\/pages\/660\/revisions\/661"}],"up":[{"embeddable":true,"href":"https:\/\/ambsanjose.esteri.it\/es\/wp-json\/wp\/v2\/pages\/643"}],"wp:attachment":[{"href":"https:\/\/ambsanjose.esteri.it\/es\/wp-json\/wp\/v2\/media?parent=660"}],"curies":[{"name":"wp","href":"https:\/\/api.w.org\/{rel}","templated":true}]}}