{"id":669,"date":"2023-10-31T10:23:15","date_gmt":"2023-10-31T16:23:15","guid":{"rendered":"https:\/\/ambsanjose.esteri.it\/?page_id=669"},"modified":"2025-07-31T11:21:40","modified_gmt":"2025-07-31T17:21:40","slug":"obras-de-la-profesora-rita-bariatti","status":"publish","type":"page","link":"https:\/\/ambsanjose.esteri.it\/es\/italia-e-costa-rica\/diplomazia-culturale\/estudios-e-investigaciones\/obras-de-la-profesora-rita-bariatti\/","title":{"rendered":"Obras de la profesora Rita Bariatti sobre la historia de la inmigraci\u00f3n italiana en Costa Rica"},"content":{"rendered":"<p>Algunos ensayos de la profesora Rita Bariatti sobre la historia de los italianos en Costa Rica, extra\u00eddos de la obra \u201c<em>La inmigraci\u00f3n italiana en Costa Rica<\/em>\u201d:<\/p>\n<ul>\n<li><a href=\"https:\/\/ambsanjose.esteri.it\/wp-content\/uploads\/2024\/07\/Vista-de-La-inmigracion-italiana-en-Costa-Rica-Primera-Parte.pdf\">Primera Parte \u2013 Introducci\u00f3n<\/a><\/li>\n<li><a href=\"http:\/\/revista.uaca.ac.cr\/index.php\/actas\/article\/view\/525\/546\">Segunda Parte \u2013 La inmigraci\u00f3n espor\u00e1dica durante el per\u00edodo colonial<\/a><\/li>\n<li><a href=\"http:\/\/revista.uaca.ac.cr\/index.php\/actas\/article\/view\/716\/975\">Tercera Parte \u2013 La inmigraci\u00f3n espor\u00e1dica del siglo XIX (1821 &#8211; 1886)<\/a><\/li>\n<li><a href=\"http:\/\/webservertest.uaca.ac.cr\/index.php\/actas\/article\/view\/743\/1011\">Cuarta Parte \u2013 El flujo migratorio masivo (1887 &#8211; 1888)<\/a><\/li>\n<li><a href=\"http:\/\/webservertest.uaca.ac.cr\/index.php\/actas\/article\/view\/764\/1033\">Quinta Parte \u2013 La cohesi\u00f3n en la comunidad italiana en Costa Rica<\/a><\/li>\n<li><a href=\"http:\/\/revista.uaca.ac.cr\/index.php\/actas\/article\/view\/818\/1090\">Sexta Parte \u2013 La contribuci\u00f3n italiana al \u201cTeatro Nacional\u201d<\/a><\/li>\n<li><a href=\"http:\/\/webservertest.uaca.ac.cr\/index.php\/actas\/article\/view\/866\/1136\">S\u00e9ptima Parte \u2013 La inmigraci\u00f3n espor\u00e1dica a finales del siglo XIX<\/a><\/li>\n<li><a href=\"http:\/\/webservertest.uaca.ac.cr\/index.php\/actas\/article\/view\/938\/1222\">Octava Parte \u2013 La inmigraci\u00f3n espor\u00e1dica desde principios del siglo XX hasta el comienzo de la Gran Guerra<\/a><\/li>\n<li><a href=\"http:\/\/webservertest.uaca.ac.cr\/index.php\/actas\/article\/view\/584\/608\">Novena Parte \u2013 La inmigraci\u00f3n calabresa desde finales del siglo XIX hasta principios de la Primera Guerra Mundial<\/a><\/li>\n<li><a href=\"http:\/\/webservertest.uaca.ac.cr\/index.php\/actas\/article\/view\/609\/630\">D\u00e9cima Parte \u2013 Macroperfil de la colonia italiana en 1904<\/a><\/li>\n<li><a href=\"http:\/\/webservertest.uaca.ac.cr\/index.php\/actas\/article\/view\/632\/654\">Onceava Parte \u2013 El per\u00edodo de entreguerras (1919 &#8211; 1939)<\/a><\/li>\n<li><a href=\"http:\/\/webservertest.uaca.ac.cr\/index.php\/actas\/article\/view\/1163\/1454\">Duod\u00e9cima Parte \u2013 La inmigraci\u00f3n mantuana en Costa Rica<\/a><\/li>\n<li><a href=\"http:\/\/webservertest.uaca.ac.cr\/index.php\/actas\/article\/view\/1173\/1464\">Decimotercera Parte \u2013 La Segunda Guerra Mundial<\/a><\/li>\n<li><a href=\"http:\/\/webservertest.uaca.ac.cr\/index.php\/actas\/article\/view\/1186\/1478\">Decimocuarta Parte \u2013 La colonizaci\u00f3n de San Vito<\/a><\/li>\n<li><a href=\"http:\/\/webservertest.uaca.ac.cr\/index.php\/actas\/article\/view\/1199\/1490\">\u00daltima Parte \u2013 Los religiosos<\/a><\/li>\n<li><a href=\"https:\/\/ambsanjose.esteri.it\/wp-content\/uploads\/2024\/07\/daliarceBariatti.RitaInmigrantesitalianosenCostaRica.Estudio.pdf\">Nota de m\u00e9todo sobre la integraci\u00f3n de fuentes orales<\/a><\/li>\n<\/ul>\n","protected":false},"excerpt":{"rendered":"Algunos ensayos de la profesora Rita Bariatti sobre la historia de los italianos en Costa Rica, extra\u00eddos de la obra \u201cLa inmigraci\u00f3n italiana en Costa Rica\u201d: Primera Parte \u2013 Introducci\u00f3n Segunda Parte \u2013 La inmigraci\u00f3n espor\u00e1dica durante el per\u00edodo colonial Tercera Parte \u2013 La inmigraci\u00f3n espor\u00e1dica del siglo XIX (1821 &#8211; 1886) Cuarta Parte \u2013 [&hellip;]","protected":false},"author":5,"featured_media":0,"parent":671,"menu_order":0,"comment_status":"closed","ping_status":"closed","template":"","meta":{"footnotes":""},"class_list":["post-669","page","type-page","status-publish","hentry"],"_links":{"self":[{"href":"https:\/\/ambsanjose.esteri.it\/es\/wp-json\/wp\/v2\/pages\/669","targetHints":{"allow":["GET"]}}],"collection":[{"href":"https:\/\/ambsanjose.esteri.it\/es\/wp-json\/wp\/v2\/pages"}],"about":[{"href":"https:\/\/ambsanjose.esteri.it\/es\/wp-json\/wp\/v2\/types\/page"}],"author":[{"embeddable":true,"href":"https:\/\/ambsanjose.esteri.it\/es\/wp-json\/wp\/v2\/users\/5"}],"replies":[{"embeddable":true,"href":"https:\/\/ambsanjose.esteri.it\/es\/wp-json\/wp\/v2\/comments?post=669"}],"version-history":[{"count":6,"href":"https:\/\/ambsanjose.esteri.it\/es\/wp-json\/wp\/v2\/pages\/669\/revisions"}],"predecessor-version":[{"id":9732,"href":"https:\/\/ambsanjose.esteri.it\/es\/wp-json\/wp\/v2\/pages\/669\/revisions\/9732"}],"up":[{"embeddable":true,"href":"https:\/\/ambsanjose.esteri.it\/es\/wp-json\/wp\/v2\/pages\/671"}],"wp:attachment":[{"href":"https:\/\/ambsanjose.esteri.it\/es\/wp-json\/wp\/v2\/media?parent=669"}],"curies":[{"name":"wp","href":"https:\/\/api.w.org\/{rel}","templated":true}]}}