{"id":704,"date":"2023-11-01T11:20:42","date_gmt":"2023-11-01T17:20:42","guid":{"rendered":"https:\/\/ambsanjose.esteri.it\/?page_id=704"},"modified":"2023-11-01T11:23:09","modified_gmt":"2023-11-01T17:23:09","slug":"luigi-fioravanti","status":"publish","type":"page","link":"https:\/\/ambsanjose.esteri.it\/es\/italia-e-costa-rica\/diplomazia-culturale\/643-2\/luigi-fioravanti\/","title":{"rendered":"Luigi Fioravanti"},"content":{"rendered":"<p>Esta es la historia de una gran familia costarricense de origen italiano. El protagonista es Luigi Fioravanti, hijo de Angelo Fioravanti, nacido el 5 de julio de 1863 en la regi\u00f3n de Mantua.<\/p>\n<p>Lleg\u00f3 a Costa Rica, a Lim\u00f3n, en 1888. Era un hombre que amaba su tierra natal, tanto que llev\u00f3 consigo en su viaje un recipiente con tierra de Italia en su interior, que guardaba con cari\u00f1o y que abr\u00eda de vez en cuando para recordar su querido hogar.<\/p>\n<p>Entonces, \u00bfpor qu\u00e9 la dej\u00f3? Buscaba fortuna, un trabajo, una vida mejor.<\/p>\n<p>En Costa Rica, por esa \u00e9poca, estaba en marcha un proy ecto para construir el ferrocarril &#8220;al Atl\u00e1ntico&#8221;. Entonces, un empresario ferroviario estadounidense llamado Minor Cooper Keith viaj\u00f3 a Italia con la misi\u00f3n de reclutar a j\u00f3venes italianos para dicho proyecto, prometi\u00e9ndoles un buen sueldo y grandes beneficios.<\/p>\n<p>La situaci\u00f3n real era desastrosa: no ten\u00edan m\u00e9dicos suficientes, la comida era mala, el clima insoportable y los mosquitos transmit\u00edan la malaria. Algunos hombres murieron a consecuencia de estas duras condiciones.<\/p>\n<p>As\u00ed que los propios trabajadores convocaron una huelga el 20 de octubre de 1888 debido a las perjudiciales condiciones de trabajo. Entonces abandonaron sus lugares de trabajo y se marcharon a la ciudad de Cartago.<\/p>\n<p>Tras esta importante huelga, que desgraciadamente fracas\u00f3, algunos italianos regresaron a su pa\u00eds, otros se quedaron en Costa Rica. Entre estos \u00faltimos se encontraba Luigi Fioravanti.<\/p>\n<p>Decidi\u00f3 abrir una sastrer\u00eda en Heredia y se cas\u00f3 el 14 de julio de 1900 con Mar\u00eda Orozco, una maestra costarricense. Ambos tuvieron nada menos que 7 hijos, de los cuales murieron los primeros tres antes de cumplir un a\u00f1o. El quinto de ellos era Rafael \u00c1ngel (esposo de Nelly Villalobos y padre de Mar\u00eda Cecilia Fioravanti Villalobos, esta \u00faltima con sus hijos nos cont\u00f3 esta interesante historia).<\/p>\n<p>Se mud\u00f3 entonces a San Jos\u00e9, en el barrio M\u00e9xico, donde hab\u00eda una peque\u00f1a comunidad italiana. Y traslad\u00f3 la sastrer\u00eda al centro de San Jos\u00e9, concretamente en el Pasaje Jimenez. La sastrer\u00eda no s\u00f3lo se ocupaba de ropa, sino que era un verdadero punto de encuentro para la comunidad italiana de la zona. Si uno quer\u00eda compa\u00f1\u00eda, las puertas de la sastrer\u00eda Luigi siempre estaban abiertas.<\/p>\n<p>Durante la Segunda Guerra Mundial, la situaci\u00f3n de los italianos en Costa Rica no era ciertamente la mejor, eran vistos como enemigos por la comunidad local y el Estado. Como consecuencia Luigi, que ya era una persona muy reservada, se hizo a\u00fan m\u00e1s durante esos a\u00f1os; tem\u00eda que le ocurriera alg\u00fan drama a \u00e9l y a su familia, era esc\u00e9ptico y no confiaba en nadie.<\/p>\n<p>Por eso, durante la guerra, cuando estaban en p\u00fablico, procuraban no hablar en italiano.<\/p>\n<p>La sastrer\u00eda cerr\u00f3 durante la Segunda Guerra Mundial, y as\u00ed muri\u00f3 junto con su fundador. Luigi muri\u00f3 en el barrio M\u00e9xico el 24 de febrero de 1955 a la edad de 92 a\u00f1os.<\/p>\n<p>Mar\u00eda Cecilia y sus hijos Milton, Marcia y Ronald recuerdan la casa de sus bisabuelos y abuelos como lugares de &#8220;puertas siempre abiertas&#8221;, acogedores, donde nunca faltaba la comida y se ofrec\u00eda a todos, donde primaban valores como el amor a la familia y el respeto a los mayores.<\/p>\n<p><em>Testimonio de Maria Cecilia Fioravanti Villalobos<\/em><\/p>\n<p>&nbsp;<\/p>\n","protected":false},"excerpt":{"rendered":"Esta es la historia de una gran familia costarricense de origen italiano. El protagonista es Luigi Fioravanti, hijo de Angelo Fioravanti, nacido el 5 de julio de 1863 en la regi\u00f3n de Mantua. Lleg\u00f3 a Costa Rica, a Lim\u00f3n, en 1888. Era un hombre que amaba su tierra natal, tanto que llev\u00f3 consigo en su [&hellip;]","protected":false},"author":5,"featured_media":0,"parent":643,"menu_order":7,"comment_status":"closed","ping_status":"closed","template":"","meta":{"footnotes":""},"class_list":["post-704","page","type-page","status-publish","hentry"],"_links":{"self":[{"href":"https:\/\/ambsanjose.esteri.it\/es\/wp-json\/wp\/v2\/pages\/704","targetHints":{"allow":["GET"]}}],"collection":[{"href":"https:\/\/ambsanjose.esteri.it\/es\/wp-json\/wp\/v2\/pages"}],"about":[{"href":"https:\/\/ambsanjose.esteri.it\/es\/wp-json\/wp\/v2\/types\/page"}],"author":[{"embeddable":true,"href":"https:\/\/ambsanjose.esteri.it\/es\/wp-json\/wp\/v2\/users\/5"}],"replies":[{"embeddable":true,"href":"https:\/\/ambsanjose.esteri.it\/es\/wp-json\/wp\/v2\/comments?post=704"}],"version-history":[{"count":1,"href":"https:\/\/ambsanjose.esteri.it\/es\/wp-json\/wp\/v2\/pages\/704\/revisions"}],"predecessor-version":[{"id":705,"href":"https:\/\/ambsanjose.esteri.it\/es\/wp-json\/wp\/v2\/pages\/704\/revisions\/705"}],"up":[{"embeddable":true,"href":"https:\/\/ambsanjose.esteri.it\/es\/wp-json\/wp\/v2\/pages\/643"}],"wp:attachment":[{"href":"https:\/\/ambsanjose.esteri.it\/es\/wp-json\/wp\/v2\/media?parent=704"}],"curies":[{"name":"wp","href":"https:\/\/api.w.org\/{rel}","templated":true}]}}