{"id":708,"date":"2023-11-01T11:28:25","date_gmt":"2023-11-01T17:28:25","guid":{"rendered":"https:\/\/ambsanjose.esteri.it\/?page_id=708"},"modified":"2023-11-01T11:28:25","modified_gmt":"2023-11-01T17:28:25","slug":"liliana-sorte","status":"publish","type":"page","link":"https:\/\/ambsanjose.esteri.it\/es\/italia-e-costa-rica\/diplomazia-culturale\/643-2\/liliana-sorte\/","title":{"rendered":"Liliana Sorte"},"content":{"rendered":"<p>Liliana Sorte naci\u00f3 el 11 de octubre de 1940 en Capriate San Gervasio, provincia de B\u00e9rgamo. En 1954, a los 14 a\u00f1os, se traslad\u00f3 a Costa Rica con su padre y su hermana, tras un largo y penoso viaje en barco. Decidieron abandonar Italia tras dos grandes tragedias: la muerte de su madre y el cierre, debido a la Segunda Guerra Mundial, de las f\u00e1bricas textiles donde trabajaba su padre.<\/p>\n<p>Eligieron Costa Rica porque un primo de su padre viv\u00eda all\u00ed y les convenci\u00f3 para que se unieran a \u00e9l, ensalzando las excelentes condiciones de vida en el pa\u00eds (seg\u00fan la Sra. Sorte tambi\u00e9n exageradamente).<\/p>\n<p>Al llegar a Costa Rica, Liliana se enamor\u00f3 de un italiano de Roma que tambi\u00e9n hab\u00eda emigrado a Costa Rica por motivos de trabajo. \u00c9l hab\u00eda sido llamado por la SICA (Societ\u00e0 Italiana di Colonizzazione Agricola) para trabajar en el sector de las infraestructuras viarias, mientras que el padre de Liliana era el responsable del acueducto de San Vito. En 1955 se casaron. Al contar su historia, la Sra. Liliana transmite tanto el amor que siente por su marido como la gran estima que siente por su padre.<\/p>\n<p>Liliana y su marido estaban plenamente integrados en la sociedad y quer\u00edan ayudar a la comunidad local. De hecho hicieron todo lo posible por apoyar el centro nutricional de San Vito, por ejemplo, gracias a su pasi\u00f3n por la cocina, vendieron comidas para recaudar fondos para reconstruir este centro y tambi\u00e9n distribuyeron leche entregada por el Ministerio de Sanidad.<\/p>\n<p>En 1984, la familia Sorte decidi\u00f3 abrir una pizzer\u00eda en San Vito, que a\u00fan existe y tiene mucho \u00e9xito. Unos a\u00f1os m\u00e1s tarde compraron un cine frente a la pizzer\u00eda, negocio que desgraciadamente no prosper\u00f3, debido sobre todo a que la gente empez\u00f3 a asistir menos al cine por los nuevos avances tecnol\u00f3gicos. As\u00ed que la cerraron a finales de los a\u00f1os noventa. Liliana y Guido tuvieron seis hijos, tres de los cuales trabajan actualmente en la pizzer\u00eda familiar junto con cuatro de sus once nietos. La Sra. Liliana cont\u00f3 con gran emoci\u00f3n que sus nietos pudieron estudiar, graduarse y encontrar trabajo como abogados, psic\u00f3logos, periodistas, etc.<\/p>\n<p>Se pod\u00eda ver en sus ojos que el sacrificio que ella y su familia hicieron para dejar su patria vali\u00f3 la pena despu\u00e9s de todo.<\/p>\n","protected":false},"excerpt":{"rendered":"Liliana Sorte naci\u00f3 el 11 de octubre de 1940 en Capriate San Gervasio, provincia de B\u00e9rgamo. En 1954, a los 14 a\u00f1os, se traslad\u00f3 a Costa Rica con su padre y su hermana, tras un largo y penoso viaje en barco. Decidieron abandonar Italia tras dos grandes tragedias: la muerte de su madre y el [&hellip;]","protected":false},"author":5,"featured_media":0,"parent":643,"menu_order":9,"comment_status":"closed","ping_status":"closed","template":"","meta":{"footnotes":""},"class_list":["post-708","page","type-page","status-publish","hentry"],"_links":{"self":[{"href":"https:\/\/ambsanjose.esteri.it\/es\/wp-json\/wp\/v2\/pages\/708","targetHints":{"allow":["GET"]}}],"collection":[{"href":"https:\/\/ambsanjose.esteri.it\/es\/wp-json\/wp\/v2\/pages"}],"about":[{"href":"https:\/\/ambsanjose.esteri.it\/es\/wp-json\/wp\/v2\/types\/page"}],"author":[{"embeddable":true,"href":"https:\/\/ambsanjose.esteri.it\/es\/wp-json\/wp\/v2\/users\/5"}],"replies":[{"embeddable":true,"href":"https:\/\/ambsanjose.esteri.it\/es\/wp-json\/wp\/v2\/comments?post=708"}],"version-history":[{"count":1,"href":"https:\/\/ambsanjose.esteri.it\/es\/wp-json\/wp\/v2\/pages\/708\/revisions"}],"predecessor-version":[{"id":711,"href":"https:\/\/ambsanjose.esteri.it\/es\/wp-json\/wp\/v2\/pages\/708\/revisions\/711"}],"up":[{"embeddable":true,"href":"https:\/\/ambsanjose.esteri.it\/es\/wp-json\/wp\/v2\/pages\/643"}],"wp:attachment":[{"href":"https:\/\/ambsanjose.esteri.it\/es\/wp-json\/wp\/v2\/media?parent=708"}],"curies":[{"name":"wp","href":"https:\/\/api.w.org\/{rel}","templated":true}]}}