{"id":725,"date":"2023-11-01T11:32:00","date_gmt":"2023-11-01T17:32:00","guid":{"rendered":"https:\/\/ambsanjose.esteri.it\/?page_id=725"},"modified":"2023-11-01T11:32:48","modified_gmt":"2023-11-01T17:32:48","slug":"carlo-umberto-goretti","status":"publish","type":"page","link":"https:\/\/ambsanjose.esteri.it\/es\/italia-e-costa-rica\/diplomazia-culturale\/643-2\/carlo-umberto-goretti\/","title":{"rendered":"Carlo Umberto Goretti"},"content":{"rendered":"<p>Carlo naci\u00f3 en 1915 en M\u00f3dena, donde se cas\u00f3 y tuvo un hijo. Particip\u00f3 en la Segunda Guerra Mundial como instructor de paracaidismo, obteniendo varios premios por su valor.<br \/>\nLleg\u00f3 a Costa Rica, precisamente a Tiquicia, en 1952 junto con otros inmigrantes italianos.<\/p>\n<p>Inicialmente, su idea era iniciar una carrera como productor de caf\u00e9 para exportar a Italia, pero esta ambici\u00f3n nunca se materializ\u00f3. Por lo tanto, decidi\u00f3 usar sus habilidades con el paraca\u00eddas para ganarse la vida: se convirti\u00f3 en showman (un showman ante litteram), conocido por realizar impresionantes acrobacias durante el salto en paraca\u00eddas.<\/p>\n<p><img loading=\"lazy\" decoding=\"async\" src=\"https:\/\/ambsanjose.esteri.it\/ambasciata_sanjose\/resource\/img\/2023\/06\/carlo_h_goretti_foto_giornale_.jpg\" alt=\"carlo h goretti foto giornale \" width=\"350\" height=\"408\" \/><\/p>\n<p>Precisamente por su fama, fue contactado por la Cruz Roja Costarricense, que estaba organizando una recaudaci\u00f3n de fondos para construir lo que hoy es la sede del Comit\u00e9 Auxiliar de la Cruz Roja de Cartago.<br \/>\nCarlo estaba muy agradecido con la Cruz Roja, admiraba la labor de socorro que llev\u00f3 a cabo durante la Segunda Guerra Mundial. Por eso, decidi\u00f3 hacer el show gratis, sin siquiera pedir la devoluci\u00f3n del costo del alquiler del avi\u00f3n o del combustible.<\/p>\n<p>El espect\u00e1culo estaba programado para el 24 de mayo de 1953 en el Parque Ayala y todas las entradas se agotaron en poco tiempo.<\/p>\n<p>De hecho, como recuerda Francisco Bonilla, cartaguense que asisti\u00f3 a la exposici\u00f3n y que conoci\u00f3 personalmente a Carlos, \u201ctodos lo admiraban por la valent\u00eda de tirarse del avi\u00f3n. En esos a\u00f1os era algo incre\u00edble, la gente lo admiraba pero al mismo tiempo pensaba que era una locura hacer ese gesto&#8221;.<\/p>\n<p>Desafortunadamente, debido a un mal funcionamiento del paraca\u00eddas, Carlo se estrell\u00f3 contra el suelo y muri\u00f3 instant\u00e1neamente. Ten\u00eda 38 a\u00f1os.<br \/>\nFue enterrado en el Mausoleo de la Sociedad Italiana de Socorro Mutuo en el Cementerio General de San Jos\u00e8, donde a\u00fan hoy descansa.<\/p>\n<p>La Cruz Roja Costarricense estuvo y sigue estando sumamente agradecida por el sacrificio de Carlos, gracias al cual fue posible construir la sede del Comit\u00e9 de Cartago en un tiempo r\u00e9cord (apenas un a\u00f1o y cinco meses). All\u00ed se coloc\u00f3 una placa para recordar y honrar el noble gesto de Carlo.<\/p>\n<p><img loading=\"lazy\" decoding=\"async\" src=\"https:\/\/ambsanjose.esteri.it\/ambasciata_sanjose\/resource\/img\/2023\/06\/goretti.jpg\" alt=\"goretti\" width=\"350\" height=\"241\" \/><\/p>\n<p>&nbsp;<\/p>\n<p>El 24 de mayo de 2023, con motivo del 70 aniversario de su muerte, la Cruz Roja Costarricense organiz\u00f3 un acto conmemorativo en el que record\u00f3 c\u00f3mo Carlo fue una persona que encarn\u00f3 a la perfecci\u00f3n los valores de la Cruz Roja, en particular la humanidad, , y sobre todo el altruismo, habiendo dado su vida para ayudar a los dem\u00e1s.<\/p>\n<p>Ver tambi\u00e9n:\u00a0<a href=\"https:\/\/www.lateja.cr\/sucesos\/el-novelon-paracaidista-italiano-murio-ante-el\/7YNF4QP6SBCPXHXC6WJY6VZZ5I\/story\/\">https:\/\/www.lateja.cr\/sucesos\/el-novelon-paracaidista-italiano-murio-ante-el\/7YNF4QP6SBCPXHXC6WJY6VZZ5I\/story\/<\/a><\/p>\n<p>&nbsp;<\/p>\n","protected":false},"excerpt":{"rendered":"Carlo naci\u00f3 en 1915 en M\u00f3dena, donde se cas\u00f3 y tuvo un hijo. Particip\u00f3 en la Segunda Guerra Mundial como instructor de paracaidismo, obteniendo varios premios por su valor. Lleg\u00f3 a Costa Rica, precisamente a Tiquicia, en 1952 junto con otros inmigrantes italianos. Inicialmente, su idea era iniciar una carrera como productor de caf\u00e9 para [&hellip;]","protected":false},"author":5,"featured_media":0,"parent":643,"menu_order":0,"comment_status":"closed","ping_status":"closed","template":"","meta":{"footnotes":""},"class_list":["post-725","page","type-page","status-publish","hentry"],"_links":{"self":[{"href":"https:\/\/ambsanjose.esteri.it\/es\/wp-json\/wp\/v2\/pages\/725","targetHints":{"allow":["GET"]}}],"collection":[{"href":"https:\/\/ambsanjose.esteri.it\/es\/wp-json\/wp\/v2\/pages"}],"about":[{"href":"https:\/\/ambsanjose.esteri.it\/es\/wp-json\/wp\/v2\/types\/page"}],"author":[{"embeddable":true,"href":"https:\/\/ambsanjose.esteri.it\/es\/wp-json\/wp\/v2\/users\/5"}],"replies":[{"embeddable":true,"href":"https:\/\/ambsanjose.esteri.it\/es\/wp-json\/wp\/v2\/comments?post=725"}],"version-history":[{"count":1,"href":"https:\/\/ambsanjose.esteri.it\/es\/wp-json\/wp\/v2\/pages\/725\/revisions"}],"predecessor-version":[{"id":728,"href":"https:\/\/ambsanjose.esteri.it\/es\/wp-json\/wp\/v2\/pages\/725\/revisions\/728"}],"up":[{"embeddable":true,"href":"https:\/\/ambsanjose.esteri.it\/es\/wp-json\/wp\/v2\/pages\/643"}],"wp:attachment":[{"href":"https:\/\/ambsanjose.esteri.it\/es\/wp-json\/wp\/v2\/media?parent=725"}],"curies":[{"name":"wp","href":"https:\/\/api.w.org\/{rel}","templated":true}]}}