{"id":731,"date":"2023-11-01T11:35:26","date_gmt":"2023-11-01T17:35:26","guid":{"rendered":"https:\/\/ambsanjose.esteri.it\/?page_id=731"},"modified":"2024-07-12T10:42:44","modified_gmt":"2024-07-12T16:42:44","slug":"bruno-lomonte","status":"publish","type":"page","link":"https:\/\/ambsanjose.esteri.it\/es\/italia-e-costa-rica\/diplomazia-culturale\/643-2\/bruno-lomonte\/","title":{"rendered":"Bruno Lomonte"},"content":{"rendered":"<figure id=\"attachment_733\" aria-describedby=\"caption-attachment-733\" style=\"width: 300px\" class=\"wp-caption alignleft\"><img loading=\"lazy\" decoding=\"async\" class=\"size-medium wp-image-733 img-fluid\" src=\"https:\/\/ambsanjose.esteri.it\/wp-content\/uploads\/2023\/11\/lomonte-300x185.jpg\" alt=\"\" width=\"300\" height=\"185\" srcset=\"https:\/\/ambsanjose.esteri.it\/wp-content\/uploads\/2023\/11\/lomonte-300x185.jpg 300w, https:\/\/ambsanjose.esteri.it\/wp-content\/uploads\/2023\/11\/lomonte.jpg 600w\" sizes=\"auto, (max-width: 300px) 100vw, 300px\" \/><figcaption id=\"caption-attachment-733\" class=\"wp-caption-text\">Bruno Lomonte<\/figcaption><\/figure>\n<p><strong>Or\u00edgenes y carrera acad\u00e9mica<\/strong><\/p>\n<p>El profesor Lomonte naci\u00f3 en N\u00e1poles, Italia. A la edad de ocho a\u00f1os, su familia decidi\u00f3 emigrar a Centroam\u00e9rica, primero a Nicaragua, luego a Costa Rica, donde complet\u00f3 la escuela secundaria.<\/p>\n<p>Sus excelentes resultados acad\u00e9micos le permitieron ingresar a la prestigiosa Universidad de Costa Rica (UCR) e iniciar estudios en microbiolog\u00eda. Como estudiante, el cient\u00edfico se inici\u00f3 como asistente en el ICP-UCR (Instituto Clodomiro Picado, adscrito a la UCR).<\/p>\n<p>En 1986 complet\u00f3 su residencia en inmunolog\u00eda en la UCR y en el mismo a\u00f1o parti\u00f3 a los Estados Unidos con una beca Fulbright en la Universidad de Wisconsin-Madison. Esta experiencia le permiti\u00f3 introducir en Costa Rica una tecnolog\u00eda revolucionaria entonces presente solo en los pa\u00edses m\u00e1s desarrollados: los anticuerpos monoclonales.<\/p>\n<p>Para llevar a cabo este trabajo, el ICP-UCR primero tuvo que desarrollar cultivos celulares en el laboratorio. A trav\u00e9s de diversos aportes econ\u00f3micos, el Dr. Lomonte logr\u00f3 desarrollar el primer laboratorio de cultivo celular en el Instituto Clodomiro Picado. El establecimiento de un laboratorio de prote\u00f3mica ha asegurado una comprensi\u00f3n detallada de la composici\u00f3n proteica de los venenos de todas las serpientes venenosas de Costa Rica, as\u00ed como de muchas otras que se encuentran en la regi\u00f3n de Am\u00e9rica Latina y en todo el mundo.<\/p>\n<p>En 1994 Lomonte obtuvo su doctorado en inmunolog\u00eda de la Universidad de Gotemburgo, Suecia, gracias a una beca otorgada por el Consejo Nacional de Investigaciones Cient\u00edficas y Tecnol\u00f3gicas (CONICIT).<\/p>\n<p>En esa ocasi\u00f3n, trajo a suelo costarricense la microscop\u00eda intravital, una t\u00e9cnica muy innovadora en la \u00e9poca. Este recurso permiti\u00f3 ver bajo el microscopio, y en tiempo real, las reacciones que generan los venenos de serpientes dentro del organismo de un ser vivo.<\/p>\n<p>El aporte fue fundamental. Los investigadores ya sab\u00edan que el veneno de serpiente causa sangrado abundante cuando ingresa al tejido. Sin embargo, la din\u00e1mica del proceso segu\u00eda siendo desconocida. Usando microscop\u00eda intravital, Bruno Lomonte y sus colegas pudieron ver c\u00f3mo funcionan las toxinas en el veneno de serpiente.<\/p>\n<p>Durante un per\u00edodo de estudios en la Universidad Aut\u00f3noma de M\u00e9xico aprendi\u00f3 a sintetizar p\u00e9ptidos (porciones sint\u00e9ticas de prote\u00ednas). Esto ha llevado a comprender c\u00f3mo funcionan las toxinas que da\u00f1an el tejido muscular en el envenenamiento por ofidios.<\/p>\n<p>En poco tiempo, el ICP-UCR logr\u00f3 sintetizar estos p\u00e9ptidos por primera vez en el pa\u00eds, reduciendo considerablemente su costo (que en ese momento ascend\u00eda a unos 1.900 d\u00f3lares por unos pocos miligramos de p\u00e9ptido, un precio alt\u00edsimo en el primera d\u00e9cada de los a\u00f1os 60. 2000).<\/p>\n<p><strong>Resultados del trabajo<\/strong><\/p>\n<p>El conocimiento del profesor Lomonte impuls\u00f3 la apertura del primer laboratorio de prote\u00f3mica del pa\u00eds y de la regi\u00f3n centroamericana en 2010. El laboratorio permiti\u00f3 estudiar y profundizar en el an\u00e1lisis de los componentes de los venenos de serpientes y por qu\u00e9 son tan letales.<\/p>\n<p>El Laboratorio de Prote\u00f3mica represent\u00f3 un salto importante en t\u00e9rminos de investigaci\u00f3n cient\u00edfica de alto nivel para el Instituto Clodomiro Picado y para la ciencia en Costa Rica.El aporte del prof. Lomonte fue fundamental en el dise\u00f1o y desarrollo de la investigaci\u00f3n llevada a cabo en este laboratorio en cuanto a la identificaci\u00f3n y secuenciaci\u00f3n de los componentes proteicos de venenos y otras muestras biol\u00f3gicas.<\/p>\n<p>Costa Rica se benefici\u00f3 enormemente de los hallazgos del m\u00e9dico. Antes de 2010, el pa\u00eds no pod\u00eda secuenciar prote\u00ednas. Todos los an\u00e1lisis deb\u00edan realizarse en el extranjero, lo que implicaba costos y dependencias. Adem\u00e1s, el laboratorio colabor\u00f3 \u200b\u200bcon otros estudios de universidades p\u00fablicas, empresas privadas e incluso grupos internacionales de Colombia, M\u00e9xico, Dinamarca, Ecuador y Brasil.<\/p>\n<p>Al laboratorio de prote\u00f3mica del ICP-UCR, varios expertos de Am\u00e9rica Latina vinieron a estudiar venenos de serpientes no estudiados anteriormente y cuyos componentes t\u00f3xicos se desconoc\u00edan. A nivel nacional, en los \u00faltimos diez a\u00f1os, el ICP-UCR ha analizado el veneno de 23 serpientes, lo que convierte a Costa Rica en uno de los pocos pa\u00edses del mundo en conocer la composici\u00f3n de las prote\u00ednas presentes en los venenos de estos reptiles y cuya informaci\u00f3n son un insumo fundamental para mejorar los antivenenos.<\/p>\n<p>Actualmente, los fabricantes de antivenenos utilizan informaci\u00f3n prote\u00f3mica para gestionar los cambios en la inmunizaci\u00f3n. Con la informaci\u00f3n que se obtiene se van mejorando los antivenenos, una gran ventaja para las personas que padecen intoxicaci\u00f3n por ofidios.<\/p>\n<p>Una de las aplicaciones m\u00e1s recientes es el suero antiof\u00eddico producido para la regi\u00f3n de Centroam\u00e9rica y el Caribe. Con nuevos conocimientos, las formulaciones de antiveneno tienen un fundamento para evolucionar y generar una mejor cobertura y eficacia.<\/p>\n<p><strong>La carrera academica<\/strong><\/p>\n<p>El profesor\u00a0 Lomonte es uno de los investigadores m\u00e1s prol\u00edficos de Am\u00e9rica Latina.<\/p>\n<p>Su extenso curr\u00edculum vitae atestigua sus extraordinarios logros cient\u00edficos y su contribuci\u00f3n a la formaci\u00f3n de nuevas generaciones de investigadores.<\/p>\n<p>En la Universidad de Costa Rica tiene registrados 70 proyectos de investigaci\u00f3n, tiene 340 publicaciones en revistas de prestigio a nivel mundial, ha escrito m\u00e1s de veinte cap\u00edtulos de libros, ha dirigido m\u00e1s de veinte tesis de licenciatura y m\u00e1s de diez tesis de maestr\u00eda y doctorado.<\/p>\n<p>Otra gran pasi\u00f3n suya es la docencia. Desde 1999 ha contribuido a la formaci\u00f3n de m\u00e1s de 25 doctorandos extranjeros de Latinoam\u00e9rica, Norteam\u00e9rica y Europa; desde 1986 ha participado en casi 90 congresos y cursos internacionales.<\/p>\n<p>Su larga trayectoria lo ha llevado a ocupar importantes cargos acad\u00e9micos, tanto en Costa Rica como en instituciones extranjeras.<\/p>\n<p>En 1981 inici\u00f3 su carrera acad\u00e9mica como docente en el Instituto Clodomiro Picado, dentro de la Facultad de Microbiolog\u00eda de la Universidad de Costa Rica, posteriormente, de 1983 a 1986, fue profesor asistente en el mismo instituto.<\/p>\n<p>Al a\u00f1o siguiente, trabaj\u00f3 como becario de investigaci\u00f3n Fulbright en el Departamento de Qu\u00edmica Fisiol\u00f3gica y en el Centro de Biotecnolog\u00eda de Instalaciones para Hibridomas de la Universidad de Wisconsin-Madison, EE. UU.<\/p>\n<p>De 1988 a 1998 regres\u00f3 a la Universidad de Costa Rica primero como profesor asociado y luego como profesor titular. En el per\u00edodo comprendido entre 1994 y 1998 tambi\u00e9n ocup\u00f3 los cargos de Subdirector y Jefe de la Divisi\u00f3n de Investigaci\u00f3n, as\u00ed como Coordinador de la C\u00e1tedra de Inmunolog\u00eda.<\/p>\n<p>De 1999 a 2001 ocup\u00f3 el cargo de Director del Programa de Maestr\u00eda en Microbiolog\u00eda, Parasitolog\u00eda y Qu\u00edmica Cl\u00ednica de la Universidad de Costa Rica.<br \/>\nPosteriormente, de 2001 a 2009, fue Director del Programa de Doctorado en Ciencias de la misma universidad. Finalmente, del 2010 al 2022 ocup\u00f3 el cargo de Jefe del Laboratorio de Prote\u00f3mica del Instituto Clodomiro Picado de la Universidad de Costa Rica.<\/p>\n<p><strong>Reconocimientos nacionales e internacionales<\/strong><\/p>\n<p>Su trabajo ha sido reconocido con importantes premios nacionales e internacionales, entre ellos el Premio Nacional Clodomiro Picado Twight (1986), la nominaci\u00f3n como miembro de la Academia Nacional de Ciencias (1996), el Florida Ice &amp; Farm Contribution Award (2003).<\/p>\n<p>En 2022 recibi\u00f3 el premio Redi, durante el 21\u00ba Congreso Mundial de la Sociedad Internacional de Toxinolog\u00eda, celebrado en Abu Dhabi. El premio es el m\u00e1ximo reconocimiento en el campo de la toxinolog\u00eda.<\/p>\n<p><img decoding=\"async\" src=\"https:\/\/ambsanjose.esteri.it\/ambasciata_sanjose\/resource\/img\/2023\/07\/lomonte.jpg\" alt=\"lomonte\" \/><\/p>\n<p>&nbsp;<\/p>\n<p>&nbsp;<\/p>\n","protected":false},"excerpt":{"rendered":"Or\u00edgenes y carrera acad\u00e9mica El profesor Lomonte naci\u00f3 en N\u00e1poles, Italia. A la edad de ocho a\u00f1os, su familia decidi\u00f3 emigrar a Centroam\u00e9rica, primero a Nicaragua, luego a Costa Rica, donde complet\u00f3 la escuela secundaria. Sus excelentes resultados acad\u00e9micos le permitieron ingresar a la prestigiosa Universidad de Costa Rica (UCR) e iniciar estudios en microbiolog\u00eda. [&hellip;]","protected":false},"author":5,"featured_media":733,"parent":643,"menu_order":20,"comment_status":"closed","ping_status":"closed","template":"","meta":{"footnotes":""},"class_list":["post-731","page","type-page","status-publish","has-post-thumbnail","hentry"],"_links":{"self":[{"href":"https:\/\/ambsanjose.esteri.it\/es\/wp-json\/wp\/v2\/pages\/731","targetHints":{"allow":["GET"]}}],"collection":[{"href":"https:\/\/ambsanjose.esteri.it\/es\/wp-json\/wp\/v2\/pages"}],"about":[{"href":"https:\/\/ambsanjose.esteri.it\/es\/wp-json\/wp\/v2\/types\/page"}],"author":[{"embeddable":true,"href":"https:\/\/ambsanjose.esteri.it\/es\/wp-json\/wp\/v2\/users\/5"}],"replies":[{"embeddable":true,"href":"https:\/\/ambsanjose.esteri.it\/es\/wp-json\/wp\/v2\/comments?post=731"}],"version-history":[{"count":2,"href":"https:\/\/ambsanjose.esteri.it\/es\/wp-json\/wp\/v2\/pages\/731\/revisions"}],"predecessor-version":[{"id":5491,"href":"https:\/\/ambsanjose.esteri.it\/es\/wp-json\/wp\/v2\/pages\/731\/revisions\/5491"}],"up":[{"embeddable":true,"href":"https:\/\/ambsanjose.esteri.it\/es\/wp-json\/wp\/v2\/pages\/643"}],"wp:featuredmedia":[{"embeddable":true,"href":"https:\/\/ambsanjose.esteri.it\/es\/wp-json\/wp\/v2\/media\/733"}],"wp:attachment":[{"href":"https:\/\/ambsanjose.esteri.it\/es\/wp-json\/wp\/v2\/media?parent=731"}],"curies":[{"name":"wp","href":"https:\/\/api.w.org\/{rel}","templated":true}]}}