{"id":7424,"date":"2023-12-12T11:23:35","date_gmt":"2023-12-12T17:23:35","guid":{"rendered":"https:\/\/ambsanjose.esteri.it\/?page_id=7424"},"modified":"2025-04-15T12:43:11","modified_gmt":"2025-04-15T18:43:11","slug":"acuerdos-en-vigor-entre-italia-y-costa-rica","status":"publish","type":"page","link":"https:\/\/ambsanjose.esteri.it\/es\/italia-e-costa-rica\/rapporti-politici\/acuerdos-en-vigor-entre-italia-y-costa-rica\/","title":{"rendered":"Acuerdos en vigor entre Italia y Costa Rica"},"content":{"rendered":"<p>Entre la Rep\u00fablica Italiana y la de Costa Rica est\u00e1n en vigor 19 acuerdos bilaterales (de los cuales siete concluyeron antes de 1945):<\/p>\n<p>06\/05\/1873 <a href=\"https:\/\/ambsanjose.esteri.it\/wp-content\/uploads\/2023\/11\/bilcri001.pdf-accordo-1873-estradizione.pdf\">CONVENCI\u00d3N PARA LA EXTRADICI\u00d3N REC\u00cdPROCA DE LOS MALHECHORES<\/a><br \/>\n06\/05\/1873 <a href=\"https:\/\/ambsanjose.esteri.it\/wp-content\/uploads\/2023\/11\/bilcri002.pdf-accordo-cittadinanza.pdf\">CONVENCI\u00d3N PARA DEFINIR LAS CUESTIONES DE NACIONALIDAD, PROPORCIONAR ASISTENCIA JUR\u00cdDICA Y CURA GRATUITA A LOS INDIGENTES Y PARA EL INTERCAMBIO DE CERTIFICADOS DE DEFUNCI\u00d3N<\/a><br \/>\n08\/01\/1910 TRATADO GENERAL DE ARBITRAJE<br \/>\n30\/06\/1933 INTERCAMBIO DE NOTAS RELATIVAS AL CANJE DE DOCUMENTOS DE ESTADO CIVIL<br \/>\n28\/09\/1933 INTERCAMBIO DE NOTAS PARA RESOLVER CUESTIONES DE NACIONALIDAD EN RELACI\u00d3N CON EL ART. 1 DEL CONVENIO DE 06.05.1873<br \/>\n31\/10\/1933 TRATADO DE CONCILIACI\u00d3N Y ARBITRAJE<br \/>\n12\/12\/1933 CONVENCI\u00d3N CONSULAR<br \/>\n20\/09\/1948 INTERCAMBIO DE NOTAS PARA EL RESTABLECIMIENTO DEL ESTADO DE PAZ<br \/>\n20\/02\/1953 <a href=\"https:\/\/ambsanjose.esteri.it\/wp-content\/uploads\/2023\/11\/bilcri010_bis.pdf-modus-vivenfi-commerciale.pdf\">\u00abMODUS VIVENDI\u00bb COMERCIAL<\/a><br \/>\n23\/06\/1953 <a href=\"https:\/\/ambsanjose.esteri.it\/wp-content\/uploads\/2023\/11\/bilcri010.pdf-allegato-modus-vivendi.pdf\">INTERCAMBIO DE NOTAS RELATIVO AL ART. 5 DEL \u00abMODUS VIVENDI\u00bb DE 20\/02\/1953<\/a><br \/>\n11\/10\/1969 <a href=\"https:\/\/ambsanjose.esteri.it\/wp-content\/uploads\/2023\/11\/bilcri011.pdf-scambio-di-note-1969.pdf\">INTERCAMBIO DE NOTAS PARA LA INSERCI\u00d3N DE LA CL\u00c1USULA EEC EN EL \u00abMODUS VIVENDI\u00bb COMERCIAL DE 20.02.1953<\/a><br \/>\n19\/06\/1972 <a href=\"https:\/\/ambsanjose.esteri.it\/wp-content\/uploads\/2023\/11\/bilcri012.pdf-abolizione-visto-1972.pdf\">INTERCAMBIO DE NOTAS PARA LA SUPRESI\u00d3N DE LOS VISADOS EN LOS PASAPORTES<\/a><br \/>\n24\/10\/1983 <a href=\"https:\/\/ambsanjose.esteri.it\/wp-content\/uploads\/2023\/11\/bilcri015.pdf-accordo-quadro-cooperazione-tecnica.pdf\">ACUERDO MARCO SOBRE COOPERACI\u00d3N T\u00c9CNICA<\/a><br \/>\n20\/06\/1984 <a href=\"https:\/\/ambsanjose.esteri.it\/wp-content\/uploads\/2023\/11\/accordo-cooperazione-allegato.pdf\">PROTOCOLO EJECUTIVO SOBRE COOPERACI\u00d3N AL DESARROLLO<\/a><br \/>\n20\/11\/1984 <a href=\"https:\/\/ambsanjose.esteri.it\/ambasciata_sanjose\/resource\/doc\/2022\/08\/cooperazione.pdf\">INTERCAMBIO DE NOTAS PARA MODIFICAR EL PROTOCOLO SOBRE COOPERACI\u00d3N AL DESARROLLO DE 20\/06\/1984<\/a><br \/>\n11\/09\/1997 <a href=\"https:\/\/ambsanjose.esteri.it\/wp-content\/uploads\/2023\/11\/accordo-arbitrato.pdf\">COMPROMISO DE ARBITRAJE<\/a><br \/>\n27 de mayo de 2016 &#8211; <a href=\"https:\/\/ambsanjose.esteri.it\/wp-content\/uploads\/2023\/11\/bilcri022_-_fiscale.pdf\">ACUERDO SOBRE INTERCAMBIO DE INFORMACI\u00d3N EN MATERIA FISCAL, CON DECLARACI\u00d3N<\/a><br \/>\n27 de mayo de 2016 &#8211; <a href=\"https:\/\/ambsanjose.esteri.it\/wp-content\/uploads\/2023\/11\/estradizione.pdf\">TRATADO DE EXTRADICI\u00d3N<\/a><br \/>\n27 de mayo de 2016 &#8211; <a href=\"https:\/\/ambsanjose.esteri.it\/wp-content\/uploads\/2023\/11\/bilcri024_assistenza_giudiziair.pdf\">TRATADO DE ASISTENCIA JUDICIAL EN MATERIA PENAL<\/a><br \/>\n12 de diciembre de 2024 &#8211; <a href=\"https:\/\/ambsanjose.esteri.it\/wp-content\/uploads\/2025\/01\/MoU-firmato-ESP.pdf\">MEMORANDO DE ENTENDIMIENTO PARA LA COLABORACI\u00d3N ENTRE LA GUARDIA DE FINANZA Y EL MINISTERIO DE HACIENDA DE COSTA RICA<\/a><\/p>\n<p>&nbsp;<\/p>\n","protected":false},"excerpt":{"rendered":"Entre la Rep\u00fablica Italiana y la de Costa Rica est\u00e1n en vigor 19 acuerdos bilaterales (de los cuales siete concluyeron antes de 1945): 06\/05\/1873 CONVENCI\u00d3N PARA LA EXTRADICI\u00d3N REC\u00cdPROCA DE LOS MALHECHORES 06\/05\/1873 CONVENCI\u00d3N PARA DEFINIR LAS CUESTIONES DE NACIONALIDAD, PROPORCIONAR ASISTENCIA JUR\u00cdDICA Y CURA GRATUITA A LOS INDIGENTES Y PARA EL INTERCAMBIO DE CERTIFICADOS [&hellip;]","protected":false},"author":5,"featured_media":0,"parent":2938,"menu_order":0,"comment_status":"closed","ping_status":"closed","template":"","meta":{"footnotes":""},"class_list":["post-7424","page","type-page","status-publish","hentry"],"_links":{"self":[{"href":"https:\/\/ambsanjose.esteri.it\/es\/wp-json\/wp\/v2\/pages\/7424","targetHints":{"allow":["GET"]}}],"collection":[{"href":"https:\/\/ambsanjose.esteri.it\/es\/wp-json\/wp\/v2\/pages"}],"about":[{"href":"https:\/\/ambsanjose.esteri.it\/es\/wp-json\/wp\/v2\/types\/page"}],"author":[{"embeddable":true,"href":"https:\/\/ambsanjose.esteri.it\/es\/wp-json\/wp\/v2\/users\/5"}],"replies":[{"embeddable":true,"href":"https:\/\/ambsanjose.esteri.it\/es\/wp-json\/wp\/v2\/comments?post=7424"}],"version-history":[{"count":5,"href":"https:\/\/ambsanjose.esteri.it\/es\/wp-json\/wp\/v2\/pages\/7424\/revisions"}],"predecessor-version":[{"id":7436,"href":"https:\/\/ambsanjose.esteri.it\/es\/wp-json\/wp\/v2\/pages\/7424\/revisions\/7436"}],"up":[{"embeddable":true,"href":"https:\/\/ambsanjose.esteri.it\/es\/wp-json\/wp\/v2\/pages\/2938"}],"wp:attachment":[{"href":"https:\/\/ambsanjose.esteri.it\/es\/wp-json\/wp\/v2\/media?parent=7424"}],"curies":[{"name":"wp","href":"https:\/\/api.w.org\/{rel}","templated":true}]}}