{"id":7500,"date":"2025-01-30T07:51:00","date_gmt":"2025-01-30T13:51:00","guid":{"rendered":"https:\/\/ambsanjose.esteri.it\/?page_id=7500"},"modified":"2025-01-30T13:35:27","modified_gmt":"2025-01-30T19:35:27","slug":"vicente-davanzo","status":"publish","type":"page","link":"https:\/\/ambsanjose.esteri.it\/es\/italia-e-costa-rica\/diplomazia-culturale\/643-2\/vicente-davanzo\/","title":{"rendered":"Vicente D\u2019Avanzo"},"content":{"rendered":"<p>Nacido en Avella (AV) en 1856, Vicente D\u2019Avanzo Vetrano era un artesano hojalatero que, a los 29 a\u00f1os, decidi\u00f3 emigrar hacia el nuevo continente.<\/p>\n<p>Lleg\u00f3 a Lim\u00f3n en 1885 y fue pionero en la construcci\u00f3n del Ferrocarril al Atl\u00e1ntico, una l\u00ednea ferroviaria que conectar\u00eda toda la regi\u00f3n del Valle Central con la costa atl\u00e1ntica.<\/p>\n<p>Tras completar la v\u00eda f\u00e9rrea en 1890, Vicente D\u2019Avanzo Vetrano decidi\u00f3 establecerse de manera permanente en el pa\u00eds, especialmente en la ciudad de Para\u00edso, donde se cas\u00f3 y tuvo siete hijos. All\u00ed falleci\u00f3 el 4 de octubre de 1908.<\/p>\n<p>En Para\u00edso se integr\u00f3 r\u00e1pidamente y se convirti\u00f3 en un importante referente para la comunidad. Se encarg\u00f3 de la construcci\u00f3n de la iglesia y de la primera escuela de la ciudad, que fue el centro educativo para los ni\u00f1os de la \u00e9poca. Lamentablemente, ambos edificios fueron demolidos tras el terremoto de 1910.<\/p>\n<p>Tambi\u00e9n fund\u00f3 el primer equipo de f\u00fatbol \u2013 Los Invencibles \u2013 y la primera banda filarm\u00f3nica local. A\u00fan hoy, en la peque\u00f1a plaza parroquial, se encuentra la cruz de piedra que Vicente erigi\u00f3 para simbolizar la llegada del nuevo siglo.<\/p>\n<p>A 68 a\u00f1os de su muerte, el 4 de octubre de 1976 la Municipalidad quiso rendirle homenaje con la inauguraci\u00f3n de un parque en su honor, ubicado a la entrada de la ciudad, para indicar a quienes ingresan que el pr\u00f3spero desarrollo de Para\u00edso tambi\u00e9n es obra suya.<\/p>\n","protected":false},"excerpt":{"rendered":"Nacido en Avella (AV) en 1856, Vicente D\u2019Avanzo Vetrano era un artesano hojalatero que, a los 29 a\u00f1os, decidi\u00f3 emigrar hacia el nuevo continente. Lleg\u00f3 a Lim\u00f3n en 1885 y fue pionero en la construcci\u00f3n del Ferrocarril al Atl\u00e1ntico, una l\u00ednea ferroviaria que conectar\u00eda toda la regi\u00f3n del Valle Central con la costa atl\u00e1ntica. Tras [&hellip;]","protected":false},"author":5,"featured_media":7485,"parent":643,"menu_order":0,"comment_status":"closed","ping_status":"closed","template":"","meta":{"footnotes":""},"class_list":["post-7500","page","type-page","status-publish","has-post-thumbnail","hentry"],"_links":{"self":[{"href":"https:\/\/ambsanjose.esteri.it\/es\/wp-json\/wp\/v2\/pages\/7500","targetHints":{"allow":["GET"]}}],"collection":[{"href":"https:\/\/ambsanjose.esteri.it\/es\/wp-json\/wp\/v2\/pages"}],"about":[{"href":"https:\/\/ambsanjose.esteri.it\/es\/wp-json\/wp\/v2\/types\/page"}],"author":[{"embeddable":true,"href":"https:\/\/ambsanjose.esteri.it\/es\/wp-json\/wp\/v2\/users\/5"}],"replies":[{"embeddable":true,"href":"https:\/\/ambsanjose.esteri.it\/es\/wp-json\/wp\/v2\/comments?post=7500"}],"version-history":[{"count":1,"href":"https:\/\/ambsanjose.esteri.it\/es\/wp-json\/wp\/v2\/pages\/7500\/revisions"}],"predecessor-version":[{"id":7501,"href":"https:\/\/ambsanjose.esteri.it\/es\/wp-json\/wp\/v2\/pages\/7500\/revisions\/7501"}],"up":[{"embeddable":true,"href":"https:\/\/ambsanjose.esteri.it\/es\/wp-json\/wp\/v2\/pages\/643"}],"wp:featuredmedia":[{"embeddable":true,"href":"https:\/\/ambsanjose.esteri.it\/es\/wp-json\/wp\/v2\/media\/7485"}],"wp:attachment":[{"href":"https:\/\/ambsanjose.esteri.it\/es\/wp-json\/wp\/v2\/media?parent=7500"}],"curies":[{"name":"wp","href":"https:\/\/api.w.org\/{rel}","templated":true}]}}