{"id":7559,"date":"2025-02-05T14:35:37","date_gmt":"2025-02-05T20:35:37","guid":{"rendered":"https:\/\/ambsanjose.esteri.it\/?page_id=7559"},"modified":"2025-02-05T14:38:21","modified_gmt":"2025-02-05T20:38:21","slug":"liliana-di-palma","status":"publish","type":"page","link":"https:\/\/ambsanjose.esteri.it\/es\/italia-e-costa-rica\/diplomazia-culturale\/643-2\/liliana-di-palma\/","title":{"rendered":"Liliana di Palma"},"content":{"rendered":"<p>Liliana di Palma Soccaras naci\u00f3 el 6 de junio de 1923 en Costa Rica. Hija de un inmigrante italiano, Antonio di Palma, y de una inmigrante hispano-cubana, Herminia Soccaras, pas\u00f3 su vida tratando de ayudar a los \u00faltimos, a los pobres y contra la injusticia a trav\u00e9s de su trabajo como maestra de escuela.<\/p>\n<p>Vivi\u00f3 durante la Guerra Fr\u00eda la dura oposici\u00f3n entre el bloque occidental y el comunista de aquellos a\u00f1os, poni\u00e9ndose del lado de este \u00faltimo. Aunque la \u00e9poca no favorec\u00eda la escolarizaci\u00f3n de las mujeres, termin\u00f3 la escuela primaria y luego se hizo maestra. Durante esta trayectoria estuvo fuertemente influenciada por una figura destacada de la historia pol\u00edtica y de g\u00e9nero costarricense, Carmen Lyria, que la inici\u00f3 en la vocaci\u00f3n docente y en el activismo pol\u00edtico comunista.<\/p>\n<p>Tras la Revoluci\u00f3n de 1948 en Costa Rica se intensific\u00f3 la tensi\u00f3n y la represi\u00f3n de los grupos pol\u00edticos comunistas en el pa\u00eds. Pero esto no detuvo a Liliana que, fortalecida por sus convicciones pol\u00edticas y su vocaci\u00f3n por la ense\u00f1anza y la educaci\u00f3n, durante los a\u00f1os 50, 60 y 70 se comprometi\u00f3 con la escolarizaci\u00f3n de las poblaciones ind\u00edgenas costarricenses que hasta entonces permanec\u00edan aisladas del resto de la sociedad. Tambi\u00e9n dedic\u00f3 mucho tiempo a la militancia en el Partido Vanguardia Popular, del que recibi\u00f3 un reconocimiento por 35 a\u00f1os de militancia en 1981, y en el peri\u00f3dico del partido.<\/p>\n<p>Tuvo tres hijos, a los que inculc\u00f3 el valor de la escuela y el estudio, hasta el punto de que los dos varones se licenciaron en universidades extranjeras, uno en El Salvador y otro en Hungr\u00eda, mientras que la ni\u00f1a termin\u00f3 la ense\u00f1anza secundaria. Siempre trat\u00f3 de destacar el papel fundamental de la educaci\u00f3n en la emancipaci\u00f3n tanto de la mujer como de los pueblos ind\u00edgenas, llegando incluso a trabajar con los ind\u00edgenas paname\u00f1os.<\/p>\n<p>A partir de los a\u00f1os 70, su activismo pol\u00edtico decay\u00f3, debido tambi\u00e9n a los constantes controles y presiones que sufr\u00eda todo el movimiento comunista costarricense de aquellos a\u00f1os. Realiz\u00f3 dos viajes a Italia, a la tierra natal de su padre, en la zona napolitana, para estrechar lazos con la patria de su familia.<\/p>\n<p>Falleci\u00f3 en San Jos\u00e9 de Costa Rica el 18 de mayo de 2011, a la edad de 86 a\u00f1os.<\/p>\n","protected":false},"excerpt":{"rendered":"Liliana di Palma Soccaras naci\u00f3 el 6 de junio de 1923 en Costa Rica. Hija de un inmigrante italiano, Antonio di Palma, y de una inmigrante hispano-cubana, Herminia Soccaras, pas\u00f3 su vida tratando de ayudar a los \u00faltimos, a los pobres y contra la injusticia a trav\u00e9s de su trabajo como maestra de escuela. Vivi\u00f3 [&hellip;]","protected":false},"author":5,"featured_media":0,"parent":643,"menu_order":0,"comment_status":"closed","ping_status":"closed","template":"","meta":{"footnotes":""},"class_list":["post-7559","page","type-page","status-publish","hentry"],"_links":{"self":[{"href":"https:\/\/ambsanjose.esteri.it\/es\/wp-json\/wp\/v2\/pages\/7559","targetHints":{"allow":["GET"]}}],"collection":[{"href":"https:\/\/ambsanjose.esteri.it\/es\/wp-json\/wp\/v2\/pages"}],"about":[{"href":"https:\/\/ambsanjose.esteri.it\/es\/wp-json\/wp\/v2\/types\/page"}],"author":[{"embeddable":true,"href":"https:\/\/ambsanjose.esteri.it\/es\/wp-json\/wp\/v2\/users\/5"}],"replies":[{"embeddable":true,"href":"https:\/\/ambsanjose.esteri.it\/es\/wp-json\/wp\/v2\/comments?post=7559"}],"version-history":[{"count":2,"href":"https:\/\/ambsanjose.esteri.it\/es\/wp-json\/wp\/v2\/pages\/7559\/revisions"}],"predecessor-version":[{"id":7572,"href":"https:\/\/ambsanjose.esteri.it\/es\/wp-json\/wp\/v2\/pages\/7559\/revisions\/7572"}],"up":[{"embeddable":true,"href":"https:\/\/ambsanjose.esteri.it\/es\/wp-json\/wp\/v2\/pages\/643"}],"wp:attachment":[{"href":"https:\/\/ambsanjose.esteri.it\/es\/wp-json\/wp\/v2\/media?parent=7559"}],"curies":[{"name":"wp","href":"https:\/\/api.w.org\/{rel}","templated":true}]}}