{"id":7728,"date":"2025-02-18T12:54:46","date_gmt":"2025-02-18T18:54:46","guid":{"rendered":"https:\/\/ambsanjose.esteri.it\/?page_id=7728"},"modified":"2025-02-18T13:06:08","modified_gmt":"2025-02-18T19:06:08","slug":"lucio-ranucci","status":"publish","type":"page","link":"https:\/\/ambsanjose.esteri.it\/es\/italia-e-costa-rica\/diplomazia-culturale\/643-2\/lucio-ranucci\/","title":{"rendered":"Lucio Ranucci"},"content":{"rendered":"<p>Lucio Ranucci naci\u00f3 en 1925 en Perledo (Lecco). Durante la Segunda Guerra Mundial combati\u00f3 en la campa\u00f1a italiana de \u00c1frica en 1943 y trabaj\u00f3 como periodista en Mil\u00e1n.<\/p>\n<p>M\u00e1s tarde se traslad\u00f3 a Argentina, donde desempe\u00f1\u00f3 diversos trabajos como marinero, conductor de coches f\u00fanebres y fot\u00f3grafo, pero siempre se mantuvo cerca del ambiente cultural, pintando e interes\u00e1ndose por la pintura local. Sigui\u00f3 ejerciendo el periodismo, pintando sus mensajes de denuncia contra la pobreza, los abusos y la falta de libertad del pueblo sudamericano. Tambi\u00e9n pas\u00f3 varias temporadas en Chile, Per\u00fa, Ecuador, Colombia, Jamaica y Costa Rica, donde finalmente se instal\u00f3 en 1951.<\/p>\n<p>En Costa Rica se cas\u00f3 con la artista pl\u00e1stica Olga Espinach Fern\u00e1ndez, con quien fund\u00f3 en 1953 el <em>Teatro Experimental de la Casa del Artista<\/em>, donde fue profesor y colabor\u00f3 en los cursos del incipiente centro de formaci\u00f3n art\u00edstica.<br \/>\nEse mismo a\u00f1o, Ranucci fue nombrado primer director del <em>Teatro Universitario de la Universidad de Costa Rica<\/em> y contribuy\u00f3 al teatro costarricense consolidando pr\u00e1cticas m\u00e1s profesionales de las artes esc\u00e9nicas.<\/p>\n<p>En 1956, Ranucci viaj\u00f3 con su familia a Nicaragua, donde fue acusado de conspirar contra el r\u00e9gimen de Somoza. Encarcelado, regres\u00f3 a Costa Rica en 1957 y fund\u00f3 el teatro \u00abLas M\u00e1scaras\u00bb.<br \/>\nSeparado de su esposa, regres\u00f3 a Europa en 1963, donde vivi\u00f3 hasta su muerte, el 31 de mayo de 2017, en Niza (Francia).<br \/>\nCon importantes participaciones en bienales como la Bienal de S\u00e3o Paulo y la Bienal Panamericana, la obra pl\u00e1stica de Lucio Ranucci tambi\u00e9n gan\u00f3 importancia. Considerado por algunos cr\u00edticos como un \u00abrealista cubista\u00bb, su estilo pict\u00f3rico beb\u00eda tanto de las corrientes realistas imperantes en la Am\u00e9rica Latina de la \u00e9poca como de las innovaciones estil\u00edsticas europeas.<\/p>\n<p>Su obra m\u00e1s recordada en Costa Rica es el mural<em> Alegor\u00eda a la Segunda Rep\u00fablica<\/em>, inspirado en el estilo de los muralistas mexicanos y dedicado a la fundaci\u00f3n de la nueva Rep\u00fablica costarricense en 1949. Encargado por la <em>Direcci\u00f3n General de Aviaci\u00f3n Civil<\/em>, fue pintado entre 1954 y 1955.<\/p>\n<p>&nbsp;<\/p>\n<p><img loading=\"lazy\" decoding=\"async\" class=\"alignleft size-medium wp-image-7739 img-fluid\" src=\"https:\/\/ambsanjose.esteri.it\/wp-content\/uploads\/2025\/02\/Alegoria-de-La-Segunda-Republica-300x157.jpg\" alt=\"\" width=\"300\" height=\"157\" srcset=\"https:\/\/ambsanjose.esteri.it\/wp-content\/uploads\/2025\/02\/Alegoria-de-La-Segunda-Republica-300x157.jpg 300w, https:\/\/ambsanjose.esteri.it\/wp-content\/uploads\/2025\/02\/Alegoria-de-La-Segunda-Republica.jpg 500w\" sizes=\"auto, (max-width: 300px) 100vw, 300px\" \/><\/p>\n","protected":false},"excerpt":{"rendered":"Lucio Ranucci naci\u00f3 en 1925 en Perledo (Lecco). Durante la Segunda Guerra Mundial combati\u00f3 en la campa\u00f1a italiana de \u00c1frica en 1943 y trabaj\u00f3 como periodista en Mil\u00e1n. M\u00e1s tarde se traslad\u00f3 a Argentina, donde desempe\u00f1\u00f3 diversos trabajos como marinero, conductor de coches f\u00fanebres y fot\u00f3grafo, pero siempre se mantuvo cerca del ambiente cultural, pintando [&hellip;]","protected":false},"author":5,"featured_media":7730,"parent":643,"menu_order":0,"comment_status":"closed","ping_status":"closed","template":"","meta":{"footnotes":""},"class_list":["post-7728","page","type-page","status-publish","has-post-thumbnail","hentry"],"_links":{"self":[{"href":"https:\/\/ambsanjose.esteri.it\/es\/wp-json\/wp\/v2\/pages\/7728","targetHints":{"allow":["GET"]}}],"collection":[{"href":"https:\/\/ambsanjose.esteri.it\/es\/wp-json\/wp\/v2\/pages"}],"about":[{"href":"https:\/\/ambsanjose.esteri.it\/es\/wp-json\/wp\/v2\/types\/page"}],"author":[{"embeddable":true,"href":"https:\/\/ambsanjose.esteri.it\/es\/wp-json\/wp\/v2\/users\/5"}],"replies":[{"embeddable":true,"href":"https:\/\/ambsanjose.esteri.it\/es\/wp-json\/wp\/v2\/comments?post=7728"}],"version-history":[{"count":2,"href":"https:\/\/ambsanjose.esteri.it\/es\/wp-json\/wp\/v2\/pages\/7728\/revisions"}],"predecessor-version":[{"id":7740,"href":"https:\/\/ambsanjose.esteri.it\/es\/wp-json\/wp\/v2\/pages\/7728\/revisions\/7740"}],"up":[{"embeddable":true,"href":"https:\/\/ambsanjose.esteri.it\/es\/wp-json\/wp\/v2\/pages\/643"}],"wp:featuredmedia":[{"embeddable":true,"href":"https:\/\/ambsanjose.esteri.it\/es\/wp-json\/wp\/v2\/media\/7730"}],"wp:attachment":[{"href":"https:\/\/ambsanjose.esteri.it\/es\/wp-json\/wp\/v2\/media?parent=7728"}],"curies":[{"name":"wp","href":"https:\/\/api.w.org\/{rel}","templated":true}]}}