{"id":7754,"date":"2025-02-19T08:38:37","date_gmt":"2025-02-19T14:38:37","guid":{"rendered":"https:\/\/ambsanjose.esteri.it\/?page_id=7754"},"modified":"2025-02-19T08:51:10","modified_gmt":"2025-02-19T14:51:10","slug":"los-hermanos-durini","status":"publish","type":"page","link":"https:\/\/ambsanjose.esteri.it\/es\/italia-e-costa-rica\/diplomazia-culturale\/643-2\/los-hermanos-durini\/","title":{"rendered":"Los Hermanos Durini"},"content":{"rendered":"<p>Las pol\u00edticas de incentivo y facilitaci\u00f3n de la inmigraci\u00f3n adoptadas por Costa Rica a finales del siglo XIX fueron aprovechadas por algunos inmigrantes italianos, como en el caso de los hermanos Durini, originarios de la Suiza italiana pero cuya formaci\u00f3n art\u00edstica se desarroll\u00f3 principalmente en G\u00e9nova. A trav\u00e9s de varias estancias en el continente americano, lograron crear una red internacional de comercio de arte.<\/p>\n<p>Traducci\u00f3n realizada con la versi\u00f3n gratuita del traductor DeepL.comLa historia empieza con Giovanni Durini que emigr\u00f3 para establecerse en la ciudad suiza de Tremona donde ejerci\u00f3 el oficio de escultor; asimismo, conoci\u00f3 a Elizabetta Vasalli, su futura esposa y madre de dos hijos: Lorenzo (1855-1906) y Francesco Antonio (1856-1920) Durini Vasalli.<\/p>\n<p>Posterior al nacimiento de sus hijos, Giovanni y Elizabetta decidieron abandonar Tremona para buscar mejores condiciones socioecon\u00f3micas en la ciudad de Lima. Una vez establecidos en Per\u00fa, Giovanni ahorr\u00f3 dinero suficiente para enviar a sus hijos a estudiar artes en G\u00e9nova, para que acabaran su formaci\u00f3n y as\u00ed pudiesen volver a Lima a colaborar en el negocio familiar.<\/p>\n<p>De vuelta a Centroam\u00e9rica, Francesco se dedic\u00f3 al comercio de esculturas de m\u00e1rmol y bronce mientras que Lorenzo se destac\u00f3 por la articulaci\u00f3n de un mercado art\u00edstico entre el istmo, G\u00e9nova y Suiza.<\/p>\n<p>Durante la segunda mitad de la d\u00e9cada de 1880 los hermanos formaron una nueva empresa llamada \u201cDurini Hermanos\u201d y produjeron en Costa Rica una vasta cantidad de obras, p\u00fablicas y privadas, desempe\u00f1ando un papel clave en la transformaci\u00f3n del paisaje urbano de San Jos\u00e9, donde dejaron una huella imborrable a trav\u00e9s de sus dise\u00f1os y construcciones.<\/p>\n<p>Uno de los proyectos m\u00e1s destacados de los Durini fue la construcci\u00f3n de las <strong>Casas de Correcci\u00f3n de Menores<\/strong> entre 1897 y 1902, un plan estatal que buscaba mejorar el sistema penitenciario del pa\u00eds.<\/p>\n<p>Lorenzo Durini, en particular, estuvo a cargo del dise\u00f1o arquitect\u00f3nico de estos edificios (uno para hombres y uno para mujeres), caracterizados por una mezcla de estilos neog\u00f3tico y neorrom\u00e1nico. La solidez y majestuosidad de la estructura reflejaban el esp\u00edritu de orden y disciplina, de acuerdo con la finalidad de elaborar un lugar de rectificaci\u00f3n. Por lo tanto, su forma deb\u00eda de tener una severidad est\u00e9tica.<\/p>\n<p>Originalmente destinadas a la rehabilitaci\u00f3n de menores, en 1903 fueron reutilizadas como sede del Liceo de Costa Rica.<\/p>\n<p>Otros aportes fundamentales de los hermanos Durini fue la participaci\u00f3n en la construcci\u00f3n del <strong>Teatro Nacional de Costa Rica<\/strong>. Contribuyeron con la elaboraci\u00f3n de ornamentaci\u00f3n en m\u00e1rmol y bronce y fueron parte del equipo que dio vida a este edificio emblem\u00e1tico, inspirado en la arquitectura neocl\u00e1sica europea.<\/p>\n<p>Tambi\u00e9n participaron en la construcci\u00f3n de diversos <strong>mausoleos y monumentos<\/strong>. Entre estos, en el Cementerio General de San Jos\u00e9 sobresale el mausoleo de Francisco Echeverr\u00eda y Alvarado de 1886, en el cual se aprecia la inscripci\u00f3n &#8220;Francisco A. Durini 1886&#8221;, testimonio de la calidad y prestigio en la elaboraci\u00f3n de monumentos funerarios en m\u00e1rmol importado de Italia.<\/p>\n","protected":false},"excerpt":{"rendered":"Las pol\u00edticas de incentivo y facilitaci\u00f3n de la inmigraci\u00f3n adoptadas por Costa Rica a finales del siglo XIX fueron aprovechadas por algunos inmigrantes italianos, como en el caso de los hermanos Durini, originarios de la Suiza italiana pero cuya formaci\u00f3n art\u00edstica se desarroll\u00f3 principalmente en G\u00e9nova. A trav\u00e9s de varias estancias en el continente americano, [&hellip;]","protected":false},"author":5,"featured_media":7746,"parent":643,"menu_order":0,"comment_status":"closed","ping_status":"closed","template":"","meta":{"footnotes":""},"class_list":["post-7754","page","type-page","status-publish","has-post-thumbnail","hentry"],"_links":{"self":[{"href":"https:\/\/ambsanjose.esteri.it\/es\/wp-json\/wp\/v2\/pages\/7754","targetHints":{"allow":["GET"]}}],"collection":[{"href":"https:\/\/ambsanjose.esteri.it\/es\/wp-json\/wp\/v2\/pages"}],"about":[{"href":"https:\/\/ambsanjose.esteri.it\/es\/wp-json\/wp\/v2\/types\/page"}],"author":[{"embeddable":true,"href":"https:\/\/ambsanjose.esteri.it\/es\/wp-json\/wp\/v2\/users\/5"}],"replies":[{"embeddable":true,"href":"https:\/\/ambsanjose.esteri.it\/es\/wp-json\/wp\/v2\/comments?post=7754"}],"version-history":[{"count":1,"href":"https:\/\/ambsanjose.esteri.it\/es\/wp-json\/wp\/v2\/pages\/7754\/revisions"}],"predecessor-version":[{"id":7757,"href":"https:\/\/ambsanjose.esteri.it\/es\/wp-json\/wp\/v2\/pages\/7754\/revisions\/7757"}],"up":[{"embeddable":true,"href":"https:\/\/ambsanjose.esteri.it\/es\/wp-json\/wp\/v2\/pages\/643"}],"wp:featuredmedia":[{"embeddable":true,"href":"https:\/\/ambsanjose.esteri.it\/es\/wp-json\/wp\/v2\/media\/7746"}],"wp:attachment":[{"href":"https:\/\/ambsanjose.esteri.it\/es\/wp-json\/wp\/v2\/media?parent=7754"}],"curies":[{"name":"wp","href":"https:\/\/api.w.org\/{rel}","templated":true}]}}