{"id":790,"date":"2023-11-01T12:35:25","date_gmt":"2023-11-01T18:35:25","guid":{"rendered":"https:\/\/ambsanjose.esteri.it\/?page_id=790"},"modified":"2023-11-01T12:36:08","modified_gmt":"2023-11-01T18:36:08","slug":"notificaciones","status":"publish","type":"page","link":"https:\/\/ambsanjose.esteri.it\/es\/servizi-consolari-e-visti\/servizi-per-il-cittadino-italiano\/notificaciones\/","title":{"rendered":"Notificaciones"},"content":{"rendered":"<p><strong>Notificaci\u00f3n en el extranjero de documentos judiciales y extrajudiciales<\/strong><\/p>\n<p>La actividad de notificaci\u00f3n es una fase fundamental de los juicios civiles, penales, fiscales, administrativos, concursales y laborales, as\u00ed como algunas fases previas al juicio o administrativas, que da conocimiento jur\u00eddico de una disposici\u00f3n mediante la entrega de un documento judicial o extrajudicial, por un notificador particular, de acuerdo con m\u00e9todos espec\u00edficos.<br \/>\nDe conformidad con el art. 37 del Decreto Legislativo 71\/2011, el Consulado de Italia en San Jos\u00e9 prev\u00e9 la notificaci\u00f3n de los documentos que le sean presentados, de conformidad con los convenios internacionales sobre la materia y con las leyes de Costa Rica.<\/p>\n<p><strong>SERVICIO EN EL EXTRANJERO DE DOCUMENTOS JUDICIALES Y EXTRAJUDICIALES EN MATERIA CIVIL Y COMERCIAL.<\/strong><\/p>\n<p>La informaci\u00f3n se encuentra en la \u201c<a href=\"https:\/\/www.esteri.it\/wp-content\/uploads\/2022\/10\/Guida-notifiche-civili-e-commerciali-2022.pdf\">Gu\u00eda para la notificaci\u00f3n y traslado en el extranjero de documentos judiciales y extrajudiciales en materia civil y comercial (Edici\u00f3n 2022)<\/a>\u201d.<\/p>\n<p><strong>NOTIFICACI\u00d3N DE ESCRITURAS ADMINISTRATIVAS A PERSONAS RESIDENTES EN EL EXTRANJERO<\/strong><br \/>\n<a href=\"https:\/\/www.esteri.it\/wp-content\/uploads\/2022\/10\/Guida-Notifiche-Amministrative-2022.pdf\">La informaci\u00f3n se encuentra en el siguiente documento<\/a><\/p>\n","protected":false},"excerpt":{"rendered":"Notificaci\u00f3n en el extranjero de documentos judiciales y extrajudiciales La actividad de notificaci\u00f3n es una fase fundamental de los juicios civiles, penales, fiscales, administrativos, concursales y laborales, as\u00ed como algunas fases previas al juicio o administrativas, que da conocimiento jur\u00eddico de una disposici\u00f3n mediante la entrega de un documento judicial o extrajudicial, por un notificador [&hellip;]","protected":false},"author":5,"featured_media":0,"parent":172,"menu_order":30,"comment_status":"closed","ping_status":"closed","template":"","meta":{"footnotes":""},"class_list":["post-790","page","type-page","status-publish","hentry"],"_links":{"self":[{"href":"https:\/\/ambsanjose.esteri.it\/es\/wp-json\/wp\/v2\/pages\/790","targetHints":{"allow":["GET"]}}],"collection":[{"href":"https:\/\/ambsanjose.esteri.it\/es\/wp-json\/wp\/v2\/pages"}],"about":[{"href":"https:\/\/ambsanjose.esteri.it\/es\/wp-json\/wp\/v2\/types\/page"}],"author":[{"embeddable":true,"href":"https:\/\/ambsanjose.esteri.it\/es\/wp-json\/wp\/v2\/users\/5"}],"replies":[{"embeddable":true,"href":"https:\/\/ambsanjose.esteri.it\/es\/wp-json\/wp\/v2\/comments?post=790"}],"version-history":[{"count":1,"href":"https:\/\/ambsanjose.esteri.it\/es\/wp-json\/wp\/v2\/pages\/790\/revisions"}],"predecessor-version":[{"id":791,"href":"https:\/\/ambsanjose.esteri.it\/es\/wp-json\/wp\/v2\/pages\/790\/revisions\/791"}],"up":[{"embeddable":true,"href":"https:\/\/ambsanjose.esteri.it\/es\/wp-json\/wp\/v2\/pages\/172"}],"wp:attachment":[{"href":"https:\/\/ambsanjose.esteri.it\/es\/wp-json\/wp\/v2\/media?parent=790"}],"curies":[{"name":"wp","href":"https:\/\/api.w.org\/{rel}","templated":true}]}}