{"id":8360,"date":"2023-10-16T13:07:47","date_gmt":"2023-10-16T19:07:47","guid":{"rendered":"https:\/\/ambsanjose.esteri.it\/?page_id=8360"},"modified":"2025-04-08T10:39:27","modified_gmt":"2025-04-08T16:39:27","slug":"investigacion-e-innovacion-en-costa-rica","status":"publish","type":"page","link":"https:\/\/ambsanjose.esteri.it\/es\/italia-e-costa-rica\/diplomazia-scientifica\/investigacion-e-innovacion-en-costa-rica\/","title":{"rendered":"Investigaci\u00f3n e innovaci\u00f3n en Costa Rica"},"content":{"rendered":"<p>El ente responsable de la regulaci\u00f3n del \u00e1rea cient\u00edfica en Costa Rica es el Ministerio de Ciencia, Tecnolog\u00eda y Telecomunicaciones (MICITT: <a href=\"https:\/\/www.micitt.go.cr\/\">https:\/\/www.micitt.go.cr\/<\/a>).<\/p>\n<p>La promoci\u00f3n y el desarrollo cient\u00edfico son competencia principal de la Promotora Costarricense de Innovaci\u00f3n e Investigaci\u00f3n (<a href=\"https:\/\/vinv.ucr.ac.cr\/es\/noticias\/ley-transforma-conicit-en-promotora-costarricense-de-innovacion-e-investigacion\">https:\/\/vinv.ucr.ac.cr\/<\/a>).<\/p>\n<p>Seg\u00fan datos del MICITT (<a href=\"https:\/\/sincyt.go.cr\/Indicadores\/home\/dash-indicadores.jsf\">https:\/\/sincyt.go.cr\/Indicadores\/home\/dash-indicadores.jsf<\/a>), las inversiones en actividades cient\u00edficas y tecnol\u00f3gicas en 2021 representaron el 2,41% del PIB, un aumento respecto al a\u00f1o anterior (2,28%), pero una disminuci\u00f3n considerable en comparaci\u00f3n con 2018 (2,67%).<\/p>\n<p>El Informe 2022 sobre los indicadores nacionales de ciencia, tecnolog\u00eda e innovaci\u00f3n, presentado en diciembre de 2022, se\u00f1ala que el valor total de las inversiones en innovaci\u00f3n, ciencia y tecnolog\u00eda en 2021 ascendi\u00f3 a 1.400 millones de d\u00f3lares, mientras que en 2020 la cifra fue de 1.290 millones. Del total de 2021, las inversiones del sector privado ascendieron solamente a 58,8 millones de d\u00f3lares, las del sector acad\u00e9mico a 733 millones y las del sector p\u00fablico a 619,8 millones.<\/p>\n<p>En 2021, Costa Rica contaba con 1.614 investigadores a tiempo completo, de los cuales 505 eran mujeres y 643 hombres.<\/p>\n","protected":false},"excerpt":{"rendered":"El ente responsable de la regulaci\u00f3n del \u00e1rea cient\u00edfica en Costa Rica es el Ministerio de Ciencia, Tecnolog\u00eda y Telecomunicaciones (MICITT: https:\/\/www.micitt.go.cr\/). La promoci\u00f3n y el desarrollo cient\u00edfico son competencia principal de la Promotora Costarricense de Innovaci\u00f3n e Investigaci\u00f3n (https:\/\/vinv.ucr.ac.cr\/). Seg\u00fan datos del MICITT (https:\/\/sincyt.go.cr\/Indicadores\/home\/dash-indicadores.jsf), las inversiones en actividades cient\u00edficas y tecnol\u00f3gicas en 2021 representaron [&hellip;]","protected":false},"author":5,"featured_media":0,"parent":166,"menu_order":0,"comment_status":"closed","ping_status":"closed","template":"","meta":{"footnotes":""},"class_list":["post-8360","page","type-page","status-publish","hentry"],"_links":{"self":[{"href":"https:\/\/ambsanjose.esteri.it\/es\/wp-json\/wp\/v2\/pages\/8360","targetHints":{"allow":["GET"]}}],"collection":[{"href":"https:\/\/ambsanjose.esteri.it\/es\/wp-json\/wp\/v2\/pages"}],"about":[{"href":"https:\/\/ambsanjose.esteri.it\/es\/wp-json\/wp\/v2\/types\/page"}],"author":[{"embeddable":true,"href":"https:\/\/ambsanjose.esteri.it\/es\/wp-json\/wp\/v2\/users\/5"}],"replies":[{"embeddable":true,"href":"https:\/\/ambsanjose.esteri.it\/es\/wp-json\/wp\/v2\/comments?post=8360"}],"version-history":[{"count":1,"href":"https:\/\/ambsanjose.esteri.it\/es\/wp-json\/wp\/v2\/pages\/8360\/revisions"}],"predecessor-version":[{"id":8362,"href":"https:\/\/ambsanjose.esteri.it\/es\/wp-json\/wp\/v2\/pages\/8360\/revisions\/8362"}],"up":[{"embeddable":true,"href":"https:\/\/ambsanjose.esteri.it\/es\/wp-json\/wp\/v2\/pages\/166"}],"wp:attachment":[{"href":"https:\/\/ambsanjose.esteri.it\/es\/wp-json\/wp\/v2\/media?parent=8360"}],"curies":[{"name":"wp","href":"https:\/\/api.w.org\/{rel}","templated":true}]}}