{"id":8373,"date":"2023-11-13T14:26:57","date_gmt":"2023-11-13T20:26:57","guid":{"rendered":"https:\/\/ambsanjose.esteri.it\/?page_id=8373"},"modified":"2025-06-04T12:31:29","modified_gmt":"2025-06-04T18:31:29","slug":"innovitalia","status":"publish","type":"page","link":"https:\/\/ambsanjose.esteri.it\/es\/italia-e-costa-rica\/diplomazia-scientifica\/innovitalia\/","title":{"rendered":"Innovitalia &#8211; el portal de la diplomacia cientifica"},"content":{"rendered":"<p><strong>Innovitalia<\/strong> es una plataforma compartida entre el Ministerio de Asuntos Exteriores y el Ministerio de Universidad e Investigaci\u00f3n, que tiene como objetivo fomentar el di\u00e1logo entre los investigadores italianos en el extranjero y el Sistema Pa\u00eds de investigaci\u00f3n e innovaci\u00f3n.<\/p>\n<p>Innovitalia est\u00e1 organizada en 36 fichas por pa\u00eds, accesibles desde una p\u00e1gina inicial de selecci\u00f3n. <strong>El portal dedicado a Costa Rica est\u00e1 gestionado por la Embajada de Italia en San Jos\u00e9<\/strong>.<\/p>\n<p>En las fichas por pa\u00eds se publican noticias y oportunidades recopiladas por las Sedes diplom\u00e1ticas y por la comunidad de usuarios regularmente registrados en el portal. Todas las noticias publicadas est\u00e1n clasificadas seg\u00fan los sectores cient\u00edficos disciplinarios pertinentes y los pa\u00edses de inter\u00e9s.<\/p>\n<p><strong>Pueden registrarse en Innovitalia<\/strong>:<\/p>\n<ul>\n<li>investigadores italianos en el extranjero;<\/li>\n<li>investigadores italianos con experiencia de investigaci\u00f3n en el extranjero superior a 12 meses;<\/li>\n<li>investigadores extranjeros en Italia, o que hayan realizado en Italia un per\u00edodo de formaci\u00f3n o investigaci\u00f3n superior a 12 meses;<\/li>\n<li>asociaciones de investigadores italianos en el extranjero;<\/li>\n<li>empresas, organizaciones y asociaciones empresariales;<\/li>\n<li>centros de investigaci\u00f3n, universidades e institutos de educaci\u00f3n superior;<\/li>\n<li>organizaciones e instituciones p\u00fablicas.<\/li>\n<\/ul>\n<p><strong>Ventajas para los usuarios registrados<\/strong>:<\/p>\n<ul>\n<li>posibilidad de establecer contacto con la red de diplomacia cient\u00edfica italiana y con colegas en el extranjero y en Italia;<\/li>\n<li>inclusi\u00f3n en el Anuario de los investigadores italianos en el mundo, publicado online en el portal cada nuevo a\u00f1o;<\/li>\n<li>recepci\u00f3n constante de informaci\u00f3n sobre oportunidades de cooperaci\u00f3n cient\u00edfica bilateral;<\/li>\n<li>uso de servicios informativos para el contacto e intercambio de informaci\u00f3n, organizados por tema y zona geogr\u00e1fica;<\/li>\n<li>posibilidad de publicar noticias y oportunidades en el portal.<\/li>\n<\/ul>\n<p>Para m\u00e1s informaci\u00f3n y para registrarse, consulte el <strong><a href=\"https:\/\/innovitalia.esteri.it\/\">Portal de la diplomacia cient\u00edfica \u2013 Innovitalia<\/a><\/strong>.<\/p>\n<p><img loading=\"lazy\" decoding=\"async\" class=\"alignleft size-medium wp-image-8380 img-fluid\" src=\"https:\/\/ambsanjose.esteri.it\/wp-content\/uploads\/2025\/04\/logoInnovitalia2020-300x96.png\" alt=\"\" width=\"300\" height=\"96\" srcset=\"https:\/\/ambsanjose.esteri.it\/wp-content\/uploads\/2025\/04\/logoInnovitalia2020-300x96.png 300w, https:\/\/ambsanjose.esteri.it\/wp-content\/uploads\/2025\/04\/logoInnovitalia2020-768x246.png 768w, https:\/\/ambsanjose.esteri.it\/wp-content\/uploads\/2025\/04\/logoInnovitalia2020.png 817w\" sizes=\"auto, (max-width: 300px) 100vw, 300px\" \/><\/p>\n","protected":false},"excerpt":{"rendered":"Innovitalia es una plataforma compartida entre el Ministerio de Asuntos Exteriores y el Ministerio de Universidad e Investigaci\u00f3n, que tiene como objetivo fomentar el di\u00e1logo entre los investigadores italianos en el extranjero y el Sistema Pa\u00eds de investigaci\u00f3n e innovaci\u00f3n. Innovitalia est\u00e1 organizada en 36 fichas por pa\u00eds, accesibles desde una p\u00e1gina inicial de selecci\u00f3n. [&hellip;]","protected":false},"author":5,"featured_media":0,"parent":166,"menu_order":20,"comment_status":"closed","ping_status":"closed","template":"","meta":{"footnotes":""},"class_list":["post-8373","page","type-page","status-publish","hentry"],"_links":{"self":[{"href":"https:\/\/ambsanjose.esteri.it\/es\/wp-json\/wp\/v2\/pages\/8373","targetHints":{"allow":["GET"]}}],"collection":[{"href":"https:\/\/ambsanjose.esteri.it\/es\/wp-json\/wp\/v2\/pages"}],"about":[{"href":"https:\/\/ambsanjose.esteri.it\/es\/wp-json\/wp\/v2\/types\/page"}],"author":[{"embeddable":true,"href":"https:\/\/ambsanjose.esteri.it\/es\/wp-json\/wp\/v2\/users\/5"}],"replies":[{"embeddable":true,"href":"https:\/\/ambsanjose.esteri.it\/es\/wp-json\/wp\/v2\/comments?post=8373"}],"version-history":[{"count":4,"href":"https:\/\/ambsanjose.esteri.it\/es\/wp-json\/wp\/v2\/pages\/8373\/revisions"}],"predecessor-version":[{"id":8388,"href":"https:\/\/ambsanjose.esteri.it\/es\/wp-json\/wp\/v2\/pages\/8373\/revisions\/8388"}],"up":[{"embeddable":true,"href":"https:\/\/ambsanjose.esteri.it\/es\/wp-json\/wp\/v2\/pages\/166"}],"wp:attachment":[{"href":"https:\/\/ambsanjose.esteri.it\/es\/wp-json\/wp\/v2\/media?parent=8373"}],"curies":[{"name":"wp","href":"https:\/\/api.w.org\/{rel}","templated":true}]}}