{"id":8497,"date":"2025-04-20T15:53:54","date_gmt":"2025-04-20T21:53:54","guid":{"rendered":"https:\/\/ambsanjose.esteri.it\/?page_id=8497"},"modified":"2025-04-20T16:01:04","modified_gmt":"2025-04-20T22:01:04","slug":"8497-2","status":"publish","type":"page","link":"https:\/\/ambsanjose.esteri.it\/es\/chi-siamo\/lambasciatore\/8497-2\/","title":{"rendered":"Qu\u00e9 hace el Embajador"},"content":{"rendered":"<p>Como embajador italiano represento a mi pa\u00eds en Costa Rica, con una serie de responsabilidades que facilitan las relaciones diplom\u00e1ticas y promueven los intereses nacionales italianos. Esto implica entablar un di\u00e1logo diplom\u00e1tico con las autoridades locales y fomentar relaciones que apoyen la agenda pol\u00edtica de Italia.<\/p>\n<blockquote><p>Tambi\u00e9n soy responsable de promover los intereses econ\u00f3micos italianos, lo que incluye apoyar a las empresas italianas que operan en Costa Rica y fomentar las alianzas empresariales.<\/p><\/blockquote>\n<p>Participo en debates y negociaciones sobre diversos asuntos bilaterales, trabajando para resolver disputas y desarrollar acuerdos que beneficien tanto a Italia como a Costa Rica. Esto implica a menudo trabajar con otros diplom\u00e1ticos y organizaciones internacionales.<\/p>\n<p>Soy analista: re\u00fano informaci\u00f3n sobre el panorama pol\u00edtico, econ\u00f3mico y social de Costa Rica, la analizo e informo al Ministerio de Asuntos Exteriores italiano, aportando datos que sirven de base a las decisiones de pol\u00edtica exterior de Italia.<\/p>\n<p>Tambi\u00e9n soy responsable de ayudar a los ciudadanos italianos que viven o viajan a mi pa\u00eds de acogida. Esto implica ofrecer apoyo en situaciones de emergencia, prestar asistencia jur\u00eddica y administrativa y garantizar el bienestar de los compatriotas en apuros.<\/p>\n<p>Por \u00faltimo, me dedico a la cooperaci\u00f3n internacional, colaborando con organismos de la ONU, ONG y otras instituciones en Costa Rica para abordar retos globales como la seguridad, los derechos humanos y el desarrollo sostenible.<\/p>\n<blockquote><p>En resumen, intento actuar como puente entre Italia y Costa Rica, trabajando para promover los intereses de Italia, fomentando unas relaciones internacionales positivas y prestando apoyo a los ciudadanos italianos.<\/p><\/blockquote>\n","protected":false},"excerpt":{"rendered":"Como embajador italiano represento a mi pa\u00eds en Costa Rica, con una serie de responsabilidades que facilitan las relaciones diplom\u00e1ticas y promueven los intereses nacionales italianos. Esto implica entablar un di\u00e1logo diplom\u00e1tico con las autoridades locales y fomentar relaciones que apoyen la agenda pol\u00edtica de Italia. Tambi\u00e9n soy responsable de promover los intereses econ\u00f3micos italianos, [&hellip;]","protected":false},"author":5,"featured_media":0,"parent":151,"menu_order":0,"comment_status":"closed","ping_status":"closed","template":"","meta":{"footnotes":""},"class_list":["post-8497","page","type-page","status-publish","hentry"],"_links":{"self":[{"href":"https:\/\/ambsanjose.esteri.it\/es\/wp-json\/wp\/v2\/pages\/8497","targetHints":{"allow":["GET"]}}],"collection":[{"href":"https:\/\/ambsanjose.esteri.it\/es\/wp-json\/wp\/v2\/pages"}],"about":[{"href":"https:\/\/ambsanjose.esteri.it\/es\/wp-json\/wp\/v2\/types\/page"}],"author":[{"embeddable":true,"href":"https:\/\/ambsanjose.esteri.it\/es\/wp-json\/wp\/v2\/users\/5"}],"replies":[{"embeddable":true,"href":"https:\/\/ambsanjose.esteri.it\/es\/wp-json\/wp\/v2\/comments?post=8497"}],"version-history":[{"count":2,"href":"https:\/\/ambsanjose.esteri.it\/es\/wp-json\/wp\/v2\/pages\/8497\/revisions"}],"predecessor-version":[{"id":8503,"href":"https:\/\/ambsanjose.esteri.it\/es\/wp-json\/wp\/v2\/pages\/8497\/revisions\/8503"}],"up":[{"embeddable":true,"href":"https:\/\/ambsanjose.esteri.it\/es\/wp-json\/wp\/v2\/pages\/151"}],"wp:attachment":[{"href":"https:\/\/ambsanjose.esteri.it\/es\/wp-json\/wp\/v2\/media?parent=8497"}],"curies":[{"name":"wp","href":"https:\/\/api.w.org\/{rel}","templated":true}]}}