{"id":869,"date":"2023-11-06T07:53:17","date_gmt":"2023-11-06T13:53:17","guid":{"rendered":"https:\/\/ambsanjose.esteri.it\/?page_id=869"},"modified":"2026-01-19T11:38:20","modified_gmt":"2026-01-19T17:38:20","slug":"acuerdos","status":"publish","type":"page","link":"https:\/\/ambsanjose.esteri.it\/es\/italia-e-costa-rica\/diplomazia-economica\/acuerdos\/","title":{"rendered":"ACUERDOS"},"content":{"rendered":"<p>Entre la Rep\u00fablica Italiana y la de Costa Rica existen 19 acuerdos bilaterales en vigor (de los cuales siete fueron concluidos antes de 1945):<\/p>\n<ul>\n<li>06\/05\/1873 CONVENCI\u00d3N PARA LA EXTRADICI\u00d3N MUTUA DE MALHECHORES<\/li>\n<li>06\/05\/1873 CONVENCI\u00d3N PARA DEFINIR CUESTIONES DE NACIONALIDAD, PROPORCIONAR ASISTENCIA JUDICIAL Y ATENCI\u00d3N GRATUITA A LOS INDIGENTES Y PARA EL INTERCAMBIO DE CERTIFICADOS DE DEFUNCI\u00d3N<\/li>\n<li>08\/01\/1910 TRATADO GENERAL DE ARBITRAJE<\/li>\n<li>30\/06\/1933 INTERCAMBIO DE NOTAS RELATIVAS AL INTERCAMBIO DE REGISTROS DEL ESTADO CIVIL<\/li>\n<li>28\/09\/1933 INTERCAMBIO DE NOTAS PARA DEFINIR CUESTIONES DE NACIONALIDAD RELACIONADAS CON EL ART. 1 DE LA CONVENCI\u00d3N DE 05.06.1873<\/li>\n<li>31\/10\/1933 TRATADO DE CONCILIACI\u00d3N Y ARBITRAJE<\/li>\n<li>12\/12\/1933 CONVENCI\u00d3N CONSULAR<\/li>\n<li>20\/09\/1948 INTERCAMBIO DE NOTAS PARA EL RESTABLECIMIENTO DEL ESTADO DE PAZ<\/li>\n<li>20\/02\/1953 &#8220;MODUS VIVENDI&#8221; COMERCIAL<\/li>\n<li>23\/06\/1953 INTERCAMBIO DE NOTAS SOBRE EL ART. 5 DEL &#8220;MODUS VIVENDI&#8221; DEL 20.02.1953<\/li>\n<li>11\/10\/1969 INTERCAMBIO DE NOTAS PARA LA INSERCI\u00d3N EN EL &#8220;MODUS VIVENDI&#8221; COMERCIAL DEL 20.02.1953 DE LA CL\u00c1USULA CEE<\/li>\n<li>19\/06\/1972 INTERCAMBIO DE NOTAS PARA LA SUPRESI\u00d3N DE LOS VISADOS EN LOS PASAPORTES<\/li>\n<li>24\/10\/1983 ACUERDO MARCO DE COOPERACI\u00d3N T\u00c9CNICA<\/li>\n<li>20\/06\/1984 PROTOCOLO EJECUTIVO DE COOPERACI\u00d3N AL DESARROLLO<\/li>\n<li>20\/11\/1984 INTERCAMBIO DE NOTAS PARA LA MODIFICACI\u00d3N DEL PROTOCOLO DE COOPERACI\u00d3N AL DESARROLLO DEL 20.06.1984<\/li>\n<li>11\/09\/1997 &#8211; COMPROMISO DE ARBITRAJE<\/li>\n<li>27 de mayo de 2016 &#8211; ACUERDO SOBRE EL INTERCAMBIO DE INFORMACIONES EN MATERIA FISCAL, CON DECLARACI\u00d3N<\/li>\n<li>27 de mayo de 2016 &#8211; <a href=\"https:\/\/ambsanjose.esteri.it\/wp-content\/uploads\/2023\/11\/estradizione.pdf\">TRATADO DE EXTRADICI\u00d3N<\/a><\/li>\n<li>27 de mayo de 2016 &#8211; TRATADO DE ASISTENCIA JUDICIAL EN MATERIA PENAL<\/li>\n<\/ul>\n<p>En los \u00faltimos a\u00f1os tambi\u00e9n se han iniciado negociaciones para nuevos acuerdos sobre protecci\u00f3n de inversiones, cooperaci\u00f3n cultural y cient\u00edfica y un acuerdo entre el Ministerio del Interior y el Ministerio p\u00fablico.<\/p>\n<p>En diciembre de 2010 se firm\u00f3 un acuerdo t\u00e9cnico de cooperaci\u00f3n sobre el cambio clim\u00e1tico entre la Ministra Stefania Prestigiacomo y el viceministro Andrei Borruet.<\/p>\n","protected":false},"excerpt":{"rendered":"Entre la Rep\u00fablica Italiana y la de Costa Rica existen 19 acuerdos bilaterales en vigor (de los cuales siete fueron concluidos antes de 1945): 06\/05\/1873 CONVENCI\u00d3N PARA LA EXTRADICI\u00d3N MUTUA DE MALHECHORES 06\/05\/1873 CONVENCI\u00d3N PARA DEFINIR CUESTIONES DE NACIONALIDAD, PROPORCIONAR ASISTENCIA JUDICIAL Y ATENCI\u00d3N GRATUITA A LOS INDIGENTES Y PARA EL INTERCAMBIO DE CERTIFICADOS DE [&hellip;]","protected":false},"author":5,"featured_media":0,"parent":158,"menu_order":0,"comment_status":"closed","ping_status":"closed","template":"","meta":{"footnotes":""},"class_list":["post-869","page","type-page","status-publish","hentry"],"_links":{"self":[{"href":"https:\/\/ambsanjose.esteri.it\/es\/wp-json\/wp\/v2\/pages\/869","targetHints":{"allow":["GET"]}}],"collection":[{"href":"https:\/\/ambsanjose.esteri.it\/es\/wp-json\/wp\/v2\/pages"}],"about":[{"href":"https:\/\/ambsanjose.esteri.it\/es\/wp-json\/wp\/v2\/types\/page"}],"author":[{"embeddable":true,"href":"https:\/\/ambsanjose.esteri.it\/es\/wp-json\/wp\/v2\/users\/5"}],"replies":[{"embeddable":true,"href":"https:\/\/ambsanjose.esteri.it\/es\/wp-json\/wp\/v2\/comments?post=869"}],"version-history":[{"count":3,"href":"https:\/\/ambsanjose.esteri.it\/es\/wp-json\/wp\/v2\/pages\/869\/revisions"}],"predecessor-version":[{"id":11232,"href":"https:\/\/ambsanjose.esteri.it\/es\/wp-json\/wp\/v2\/pages\/869\/revisions\/11232"}],"up":[{"embeddable":true,"href":"https:\/\/ambsanjose.esteri.it\/es\/wp-json\/wp\/v2\/pages\/158"}],"wp:attachment":[{"href":"https:\/\/ambsanjose.esteri.it\/es\/wp-json\/wp\/v2\/media?parent=869"}],"curies":[{"name":"wp","href":"https:\/\/api.w.org\/{rel}","templated":true}]}}