{"id":8694,"date":"2025-05-10T18:48:14","date_gmt":"2025-05-11T00:48:14","guid":{"rendered":"https:\/\/ambsanjose.esteri.it\/?page_id=8694"},"modified":"2025-05-18T10:32:58","modified_gmt":"2025-05-18T16:32:58","slug":"giovanni-cagliero","status":"publish","type":"page","link":"https:\/\/ambsanjose.esteri.it\/es\/italia-e-costa-rica\/diplomazia-culturale\/643-2\/giovanni-cagliero\/","title":{"rendered":"Giovanni Cagliero"},"content":{"rendered":"<p>Naci\u00f3 en Castelnuovo d&#8217;Asti el 11 de enero de 1838. Tras perder a su padre a temprana edad, el 3 de noviembre de 1851 fue acogido por Don Giovanni Bosco en el naciente oratorio salesiano de Tur\u00edn. Termin\u00f3 vinculado inextricablemente a su educador, convirti\u00e9ndose en uno de sus colaboradores m\u00e1s vers\u00e1tiles y h\u00e1biles.<\/p>\n<p>Cagliero fue ordenado sacerdote el 14 de junio de 1862 y en 1869 fue elegido director espiritual de la Congregaci\u00f3n Salesiana, cargo que ocup\u00f3 hasta 1886. Se licenci\u00f3 en teolog\u00eda en la Universidad de Tur\u00edn el 4 de diciembre de 1873 y en 1874 fue nombrado director espiritual de las Hijas de Mar\u00eda Auxiliadora, congregaci\u00f3n femenina fundada por Don Bosco en 1872 con prop\u00f3sitos similares a los de los Salesianos.<\/p>\n<p>En 1875, Don Bosco lo envi\u00f3 a Latinoam\u00e9rica, al frente de la primera expedici\u00f3n misionera salesiana. Tras el establecimiento de las obras en Argentina y Uruguay, Cagliero fue llamado a Italia (1877), primero con la intenci\u00f3n de preparar una expedici\u00f3n de educadores salesianos a la India, y luego para la expansi\u00f3n de los institutos educativos de los Salesianos y las Hijas de Mar\u00eda Auxiliadora en Francia (1878, 1880), Sicilia (1879), Espa\u00f1a y Portugal (1881).<\/p>\n<p>El 18 de abril de 1904 fue ascendido a arzobispo.<\/p>\n<p>La pr\u00e1ctica pastoral y la experiencia americana adquirida por Cagliero llevaron a la Santa Sede a nombrarlo Delegado Apost\u00f3lico y Enviado Extraordinario a la Rep\u00fablica de Costa Rica (10 de junio de 1908) y Delegado Apost\u00f3lico a Honduras y Nicaragua (19 y 26 de diciembre de 1908).<br \/>\nSe encarg\u00f3, en particular, de la organizaci\u00f3n de la pr\u00e1ctica pastoral en las di\u00f3cesis, la penetraci\u00f3n misionera entre los pueblos ind\u00edgenas y las buenas relaciones entre la Santa Sede y los gobiernos liberales y separatistas (Honduras) o concordatarios y de tendencia jurisdiccionalista (Costa Rica, Guatemala, El Salvador).<\/p>\n<p>En Costa Rica, en 1909, logr\u00f3 que el representante de la Santa Sede fuera reconocido como decano del cuerpo diplom\u00e1tico. En Nicaragua, cuando el general conservador Estrada lleg\u00f3 al poder, ejerci\u00f3 su influencia en la redacci\u00f3n de la nueva constituci\u00f3n. En las diversas rep\u00fablicas, trabaj\u00f3 por la entrada de los Salesianos y otros institutos religiosos con fines educativos y asistenciales.<\/p>\n<p>Durante su misi\u00f3n en Costa Rica orden\u00f3 Obispos a Mons. Jos\u00e9 C\u00e1ndido Pi\u00f1ol y Batres, primer Obispo de Granada en Nicaragua (1914-1915) y Mons. Monestel Zamora, como Obispo titular de Sora y coadjutor de Comayagua en Honduras (1915-1921), ambos en la Catedral de San Jos\u00e9.<\/p>\n<p>Llamado de nuevo a Italia (1915), fue creado cardenal (6 de diciembre) y asignado a las congregaciones de Religiosos, Propaganda Fide y Ritos.<\/p>\n<p>Falleci\u00f3 en Roma el 28 de febrero de 1926.<\/p>\n","protected":false},"excerpt":{"rendered":"Naci\u00f3 en Castelnuovo d&#8217;Asti el 11 de enero de 1838. Tras perder a su padre a temprana edad, el 3 de noviembre de 1851 fue acogido por Don Giovanni Bosco en el naciente oratorio salesiano de Tur\u00edn. Termin\u00f3 vinculado inextricablemente a su educador, convirti\u00e9ndose en uno de sus colaboradores m\u00e1s vers\u00e1tiles y h\u00e1biles. Cagliero fue [&hellip;]","protected":false},"author":5,"featured_media":0,"parent":643,"menu_order":0,"comment_status":"closed","ping_status":"closed","template":"","meta":{"footnotes":""},"class_list":["post-8694","page","type-page","status-publish","hentry"],"_links":{"self":[{"href":"https:\/\/ambsanjose.esteri.it\/es\/wp-json\/wp\/v2\/pages\/8694","targetHints":{"allow":["GET"]}}],"collection":[{"href":"https:\/\/ambsanjose.esteri.it\/es\/wp-json\/wp\/v2\/pages"}],"about":[{"href":"https:\/\/ambsanjose.esteri.it\/es\/wp-json\/wp\/v2\/types\/page"}],"author":[{"embeddable":true,"href":"https:\/\/ambsanjose.esteri.it\/es\/wp-json\/wp\/v2\/users\/5"}],"replies":[{"embeddable":true,"href":"https:\/\/ambsanjose.esteri.it\/es\/wp-json\/wp\/v2\/comments?post=8694"}],"version-history":[{"count":2,"href":"https:\/\/ambsanjose.esteri.it\/es\/wp-json\/wp\/v2\/pages\/8694\/revisions"}],"predecessor-version":[{"id":8735,"href":"https:\/\/ambsanjose.esteri.it\/es\/wp-json\/wp\/v2\/pages\/8694\/revisions\/8735"}],"up":[{"embeddable":true,"href":"https:\/\/ambsanjose.esteri.it\/es\/wp-json\/wp\/v2\/pages\/643"}],"wp:attachment":[{"href":"https:\/\/ambsanjose.esteri.it\/es\/wp-json\/wp\/v2\/media?parent=8694"}],"curies":[{"name":"wp","href":"https:\/\/api.w.org\/{rel}","templated":true}]}}