{"id":891,"date":"2023-11-06T08:46:09","date_gmt":"2023-11-06T14:46:09","guid":{"rendered":"https:\/\/ambsanjose.esteri.it\/?page_id=891"},"modified":"2025-07-29T11:00:31","modified_gmt":"2025-07-29T17:00:31","slug":"defensoria-de-los-habitantes","status":"publish","type":"page","link":"https:\/\/ambsanjose.esteri.it\/es\/italia-e-costa-rica\/diplomazia-culturale\/conozca-las-instituciones-de-costa-rica\/defensoria-de-los-habitantes\/","title":{"rendered":"Defensor\u00eda de los Habitantes"},"content":{"rendered":"<p>La Defensor\u00eda de los Habitantes de la Rep\u00fablica de Costa Rica (DHR) es un \u00f3rgano de control adscrito a la Asamblea Legislativa. Su tarea es proteger y promover los derechos e intereses de los residentes en Costa Rica, procurando que la administraci\u00f3n p\u00fablica opere de conformidad con la moral, la justicia, la Constituci\u00f3n, las leyes, convenios, tratados, acuerdos suscritos por el Gobierno y los Principios Generales de Ley (https:\/\/www.dhr.go.cr\/).<\/p>\n<p>Como se informa en el sitio web de la DHR, \u201c[El prop\u00f3sito de la Defensor\u00eda es] proteger a los ciudadanos de los errores y omisiones del sector p\u00fablico, a trav\u00e9s de la aplicaci\u00f3n de la ley, la justicia y la \u00e9tica, a trav\u00e9s de la prevenci\u00f3n, defensa, promoci\u00f3n y difusi\u00f3n de sus derechos e intereses. \u201d[1]<\/p>\n<p>El tipo de personas que con mayor frecuencia acude a la Defensor\u00eda del Pueblo son personas en condiciones econ\u00f3micas desfavorecidas que tienen un nivel educativo limitado y por lo tanto no est\u00e1n adecuadamente informados sobre los mecanismos legales que pueden utilizar para proteger sus derechos.<\/p>\n<p>El organismo se ocupa principalmente de cuestiones relacionadas con los derechos sociales, econ\u00f3micos y culturales, mientras que los derechos civiles y pol\u00edticos est\u00e1n protegidos por otras instituciones.<\/p>\n<p><span style=\"text-decoration: underline;\"><strong>Historia<\/strong><\/span><\/p>\n<p>El Defensor del Pueblo de la Rep\u00fablica deriva del Defensor del Pueblo, figura institucional nacida en Suecia en 1809 con el objetivo de supervisar el cumplimiento de las leyes y reglamentos por parte de los funcionarios p\u00fablicos.<br \/>\nDurante el siglo XX, varios pa\u00edses europeos decidieron incorporar la figura del Defensor del Pueblo a sus ordenamientos jur\u00eddicos, lo que posteriormente se extendi\u00f3 a los pa\u00edses anglosajones y finalmente a Am\u00e9rica Latina y algunos pa\u00edses africanos. Si bien estas instituciones han mantenido algunas caracter\u00edsticas del Defensor del Pueblo original, incluida la finalidad, la figura se ha ido adaptando en cada momento a las necesidades espec\u00edficas del sistema social, pol\u00edtico y jur\u00eddico de las empresas que lo han adoptado.<\/p>\n<p>En Costa Rica la oficina del ombudsman fue establecida en 1993 con la ley n. 7319, en sustituci\u00f3n de la Defensor\u00eda General de los Derechos Humanos, un organismo vinculado al Ministerio de Justicia dividido en seis oficinas que se ocupaban de las violaciones de los derechos humanos de categor\u00edas espec\u00edficas de ciudadanos: la Defensor\u00eda General, la Oficina de la Mujer, la Oficina de la Defensor\u00eda del Menor, la Defensor\u00eda del Consumidor, la Defensor\u00eda del Prisionero y la Defensor\u00eda del Usuario del Registro Nacional.<\/p>\n<p>En este sentido, la creaci\u00f3n de un \u00f3rgano de control unificado que atienda todos los informes ha facilitado enormemente el acceso a este tipo de servicios a todos los ciudadanos.<\/p>\n<p><span style=\"text-decoration: underline;\"><strong>Funciones y responsabilidades<\/strong><\/span><\/p>\n<p>La Defensoria es uno de los \u00f3rganos que integran la &#8220;tr\u00edada&#8221; del poder legislativo. Dentro de este, el papel m\u00e1s significativo lo ejerce obviamente la Asamblea Legislativa, que ejerce un control pol\u00edtico directo y expl\u00edcito sobre el poder ejecutivo. Est\u00e1 flanqueada por la Contralor\u00eda General de la Rep\u00fablica, organismo con funciones de control de las finanzas p\u00fablicas, y precisamente por la Defensor\u00eda, que tiene la funci\u00f3n de supervisar la legalidad, moralidad y justicia de las acciones u omisiones de la actividad administrativa del sector p\u00fablico. , en la medida en que puedan afectar los derechos e intereses de los habitantes.<\/p>\n<p>A pesar de ser un \u00f3rgano auxiliar de la Asamblea Legislativa, la Defensor\u00eda goza de plena independencia en el ejercicio de sus funciones y en la emisi\u00f3n de sentencias, por lo que no est\u00e1 sujeta a la voluntad de otros \u00f3rganos.<\/p>\n<p>El \u00e1mbito de actuaci\u00f3n de la Defensoria es el sector p\u00fablico. La instituci\u00f3n no es competente para intervenir en asuntos entre particulares, ni puede intervenir en asuntos ante los tribunales. Sin embargo, el sector p\u00fablico no se limita a las entidades estatales, sino que tambi\u00e9n incluye otras entidades no estatales que realizan alguna funci\u00f3n p\u00fablica, como, por ejemplo, las asociaciones de ahorro y pr\u00e9stamo que administran fondos para el desarrollo de vivienda social o las asociaciones profesionales. Este tipo de entidades tambi\u00e9n caen dentro del \u00e1mbito del DHR.<\/p>\n<p>La Defensor\u00eda del Pueblo act\u00faa de oficio oa petici\u00f3n de parte (en este caso, sin coste para el denunciante y sin necesidad de tr\u00e1mites especiales). Una vez iniciado el proceso, la DHR procede con una investigaci\u00f3n informal destinada a esclarecer las acciones, actos u omisiones materiales de la actividad administrativa del sector p\u00fablico. Una vez que se completa la investigaci\u00f3n, DHR emite un informe final.<\/p>\n<p>&#8211; Si en el curso de su investigaci\u00f3n, el DHR descubre la ilegalidad o arbitrariedad de cualquier acto, acci\u00f3n u omisi\u00f3n material, o la existencia de amenazas, disturbios o limitaciones a los derechos e intereses de los habitantes, debe advertir p\u00fablica o privadamente a la instituci\u00f3n respectiva. u oficial, hacer recomendaciones o devolver la llamada\u00a0me a sus deberes legales y sugerir a la administraci\u00f3n las medidas a tomar para resolver el problema encontrado en el curso de la investigaci\u00f3n.<\/p>\n<p>&#8211; Si por el contrario, la DDH, en el curso de la investigaci\u00f3n, toma conocimiento de un delito, debe denunciarlo al Ministerio P\u00fablico.<\/p>\n<p>&#8211; Adem\u00e1s, si despu\u00e9s de sus investigaciones est\u00e1 convencido de que la observancia o la inobservancia de una norma puede conducir a situaciones injustas o perjudiciales para los habitantes, puede sugerir al \u00f3rgano legislativo o al \u00f3rgano competente las medidas a adoptar.<\/p>\n<p>Las recomendaciones emitidas por el DHR no son vinculantes, pero su fuerza depende del peso institucional del organismo. En efecto, al ser parte del Poder Legislativo, el DRH no tiene la facultad de rectificar medidas, actos materiales u omisiones inherentes a la actividad administrativa, ni puede ordenar la ejecuci\u00f3n o no ejecuci\u00f3n de un acto, ya que estas facultades pertenecen al Ejecutivo. ramal y judicial.<\/p>\n<p>El legislador ha concebido la figura del Defensor del Pueblo como un \u201cPoder Judicial de Influencia\u201d. Esto significa que su autoridad radica en su peso moral y en su capacidad para mover la opini\u00f3n p\u00fablica. De hecho, la Defensor\u00eda fue dise\u00f1ada para brindar asistencia a los habitantes del pa\u00eds, protegiendo sus derechos e intereses a trav\u00e9s de una investigaci\u00f3n \u00e1gil e informal, que permita llegar a soluciones efectivas r\u00e1pidamente, algo que no ser\u00eda posible obtener con este tipo de procesos. judicial. Precisamente por ello, sus decisiones tienen una gran importancia a los ojos de la opini\u00f3n p\u00fablica y, por tanto, suelen ser ejecutadas por los organismos p\u00fablicos a los que van dirigidas en tiempo y forma, aunque no sean precisamente vinculantes.<\/p>\n<p>En definitiva, la Defensoria tiene la funci\u00f3n de velar por que el sector p\u00fablico cumpla con las obligaciones que le impone el ordenamiento jur\u00eddico y que este cumplimiento se produzca en cumplimiento de los derechos e intereses de los habitantes. Para ello, la Defensor\u00eda supervisa la gesti\u00f3n p\u00fablica y recomienda soluciones o respuestas adecuadas a los problemas identificados, recordando siempre la necesidad de actuar en bien de los habitantes y en cumplimiento de sus fines legales. Esto implica que se convierte en un mediador entre el residente cuyos derechos han sido vulnerados y el funcionario p\u00fablico a quien le es imputable tal conducta lesiva. Con su intervenci\u00f3n, la instituci\u00f3n pretende que sea la propia administraci\u00f3n la que corrija la actuaci\u00f3n ilegal y lesiva y la sustituya por la que deber\u00eda haberse realizado en primer lugar.<\/p>\n<p>La mayor\u00eda de las denuncias que recibe la Defensoria cada a\u00f1o se refieren a despidos por embarazo, procesos educativos con contenido sexista y discriminatorio, ausencia de protecci\u00f3n a ni\u00f1os de la calle y ni\u00f1os trabajadores, explotaci\u00f3n y discriminaci\u00f3n de la poblaci\u00f3n ind\u00edgena, contaminaci\u00f3n ambiental, trato deshumanizante e ineficiente. en el campo de la salud, falta de claridad sobre la tenencia de la tierra, incumplimiento de las leyes laborales, detenciones arbitrarias o ilegales, abuso de autoridad y malos tratos por parte de la polic\u00eda y, finalmente, retrasos en la administraci\u00f3n de justicia.<\/p>\n<p>Otras funciones de la DRH son: inspeccionar las oficinas p\u00fablicas, sin previo aviso, y solicitarles toda la documentaci\u00f3n e informaci\u00f3n necesaria para verificar el correcto desempe\u00f1o de sus funciones; iniciar cualquier tipo de acci\u00f3n judicial o administrativa requerida por la ley por iniciativa propia o a solicitud de los ciudadanos, incluyendo plantear cuestiones de constitucionalidad ante la Corte Constitucional, si DHR cree que ha identificado una violaci\u00f3n de los derechos o libertades fundamentales reconocidos por la Constituci\u00f3n o tratados internacionales de derechos humanos vigentes en la Rep\u00fablica.<\/p>\n<p>El DHr tambi\u00e9n tiene un poder de censura: si considera que los actos son perjudiciales para los derechos e intereses de los habitantes, puede emitir una censura p\u00fablica. La agencia o funcionario est\u00e1 obligado a responder por escrito dentro de los 15 d\u00edas h\u00e1biles.<\/p>\n<p>La instituci\u00f3n tambi\u00e9n considera que la difusi\u00f3n y promoci\u00f3n de los derechos humanos es una acci\u00f3n necesaria para el logro de sus objetivos y que la participaci\u00f3n de la comunidad se convierte en un factor fundamental para la protecci\u00f3n de estos intereses. Por ello, la Defensor\u00eda del Pueblo ha desarrollado una serie de proyectos con la ayuda de la cooperaci\u00f3n internacional, con el objetivo de recuperar y reforzar el principio seg\u00fan el cual los habitantes no deben ser s\u00f3lo receptores pasivos de los servicios de la instituci\u00f3n, sino protagonistas de un proceso de ciudadan\u00eda lucha por los derechos, con la premisa de que el mejor defensor de los habitantes es el propio habitante.<\/p>\n<p>Finalmente, para hacer m\u00e1s efectiva la acci\u00f3n de control del DHr, recientemente se estableci\u00f3 una Oficina de Enlace con la Asamblea Legislativa. A trav\u00e9s de este mecanismo, DHR puede influir en el proceso.<\/p>\n<p>Soy legislativo, siguiendo los debates parlamentarios y expresando sus valoraciones sobre los proyectos de ley antes de que sean aprobados, para asegurar que las leyes no perjudiquen los derechos e intereses de los habitantes.<\/p>\n<p><span style=\"text-decoration: underline;\"><strong>Estructura<\/strong><\/span><\/p>\n<p>La estructura interna de la Defensor\u00eda del Pueblo est\u00e1 organizada en 14 direcciones diferentes, cada una de las cuales tiene responsabilidades espec\u00edficas:<\/p>\n<p>1. Direcci\u00f3n de Admisibilidad y Atenci\u00f3n Inmediata: Eval\u00faa la admisibilidad de las denuncias y gestiona las solicitudes de asistencia urgente.<\/p>\n<p>2. Direcci\u00f3n de Oficinas Regionales: Supervisa y coordina las actividades de las oficinas regionales ubicadas en diferentes puntos del pa\u00eds.<\/p>\n<p>3. Direcci\u00f3n de Difusi\u00f3n y Promoci\u00f3n de Derechos: Desarrolla proyectos e iniciativas para promover la conciencia y protecci\u00f3n de los derechos humanos en la comunidad.<\/p>\n<p>4. Direcci\u00f3n de la Mujer: Atiende temas espec\u00edficos relacionados con los derechos de las mujeres y promueve acciones para prevenir la discriminaci\u00f3n de g\u00e9nero.<\/p>\n<p>5. Direcci\u00f3n de Protecci\u00f3n Especial: Se ocupa de la protecci\u00f3n de los derechos de las personas en situaci\u00f3n de vulnerabilidad, tales como migrantes, refugiados, personas con discapacidad, etc.<\/p>\n<p>6. Direcci\u00f3n de Calidad de Vida: Monitorea las pol\u00edticas y acciones que inciden en la calidad de vida de los ciudadanos, tales como salud, medio ambiente, acceso a los servicios p\u00fablicos, etc.<\/p>\n<p>7. Direcci\u00f3n de Control de Gesti\u00f3n Administrativa: Supervisa la actividad administrativa de la Defensor\u00eda del Pueblo para asegurar la eficiencia y transparencia.<\/p>\n<p>8. Direcci\u00f3n de Asuntos Econ\u00f3micos: Analiza las pol\u00edticas econ\u00f3micas y eval\u00faa su impacto en los derechos e intereses de los ciudadanos.<\/p>\n<p>9. Direcci\u00f3n de la Ni\u00f1ez y la Adolescencia: Es la encargada de promover y proteger los derechos de la ni\u00f1ez y la adolescencia.<\/p>\n<p>10. Direcci\u00f3n de Asuntos Laborales: Vigila el respeto a los derechos de los trabajadores y promueve condiciones de trabajo dignas.<\/p>\n<p>11. Direcci\u00f3n de Asuntos Jur\u00eddicos: Brinda asesor\u00eda y apoyo legal en el manejo de casos y denuncias.<\/p>\n<p>12. Direcci\u00f3n de Planificaci\u00f3n Institucional: Desarrolla planes y estrategias para mejorar las actividades de la Defensor\u00eda del Pueblo.<\/p>\n<p>13. Oficina del Contralor de Servicios: Eval\u00faa la calidad y efectividad de los servicios p\u00fablicos y hace recomendaciones para mejorar.<\/p>\n<p>14. Direcci\u00f3n Administrativa: Maneja los aspectos administrativos de la Defensor\u00eda del Pueblo, tales como la gesti\u00f3n de los recursos humanos, financieros y t\u00e9cnicos.<\/p>\n<p>En la c\u00faspide de la Defensoria se encuentra el Defensor, designado por la mayor\u00eda absoluta de los Diputados por un per\u00edodo de cuatro a\u00f1os, al t\u00e9rmino de los cuales puede ser reelegido una vez. Hasta el momento, ning\u00fan Defensor ha sido reelegido.<\/p>\n<p>Los requisitos para el nombramiento del Defensor son la ciudadan\u00eda costarricense, el pleno ejercicio de los derechos civiles y pol\u00edticos, ser mayor de 30 a\u00f1os y reconocido prestigio moral y profesional. Tras la nominaci\u00f3n, el Abogado proporciona una lista de tres candidatos, sobre la base de los cuales la Asamblea Legislativa seleccionar\u00e1 al Abogado Suplente.<\/p>\n<p><span style=\"text-decoration: underline;\"><strong>Principios<\/strong><\/span><\/p>\n<p>Los funcionarios de la Defensoria deben cumplir, en el ejercicio de sus funciones, con los siguientes principios y valores: igualdad, no discriminaci\u00f3n, eficacia.<\/p>\n<p>La Defensor\u00eda del Pueblo debe velar por el cumplimiento de los fines, objetivos y metas propuestos por el ordenamiento jur\u00eddico en un marco de planificaci\u00f3n, evaluaci\u00f3n y rendici\u00f3n de cuentas, a fin de propiciar cambios positivos en el goce de los derechos humanos y en la situaci\u00f3n del denunciante.<\/p>\n<p>La gesti\u00f3n institucional debe estar orientada a la generaci\u00f3n de valor p\u00fablico, entendido como incidencia en el mejoramiento de la gesti\u00f3n p\u00fablica, la protecci\u00f3n y promoci\u00f3n de los derechos, a trav\u00e9s de la \u00f3ptima utilizaci\u00f3n de los recursos asignados, sean estos humanos, materiales, tecnol\u00f3gicos y financieros.) , austeridad, transparencia, probidad (actuar con integridad, rectitud, buena fe y con apego al ordenamiento jur\u00eddico), responsabilidad, imparcialidad, independencia pol\u00edtica.<\/p>\n","protected":false},"excerpt":{"rendered":"La Defensor\u00eda de los Habitantes de la Rep\u00fablica de Costa Rica (DHR) es un \u00f3rgano de control adscrito a la Asamblea Legislativa. Su tarea es proteger y promover los derechos e intereses de los residentes en Costa Rica, procurando que la administraci\u00f3n p\u00fablica opere de conformidad con la moral, la justicia, la Constituci\u00f3n, las leyes, [&hellip;]","protected":false},"author":5,"featured_media":0,"parent":896,"menu_order":0,"comment_status":"closed","ping_status":"closed","template":"","meta":{"footnotes":""},"class_list":["post-891","page","type-page","status-publish","hentry"],"_links":{"self":[{"href":"https:\/\/ambsanjose.esteri.it\/es\/wp-json\/wp\/v2\/pages\/891","targetHints":{"allow":["GET"]}}],"collection":[{"href":"https:\/\/ambsanjose.esteri.it\/es\/wp-json\/wp\/v2\/pages"}],"about":[{"href":"https:\/\/ambsanjose.esteri.it\/es\/wp-json\/wp\/v2\/types\/page"}],"author":[{"embeddable":true,"href":"https:\/\/ambsanjose.esteri.it\/es\/wp-json\/wp\/v2\/users\/5"}],"replies":[{"embeddable":true,"href":"https:\/\/ambsanjose.esteri.it\/es\/wp-json\/wp\/v2\/comments?post=891"}],"version-history":[{"count":2,"href":"https:\/\/ambsanjose.esteri.it\/es\/wp-json\/wp\/v2\/pages\/891\/revisions"}],"predecessor-version":[{"id":9685,"href":"https:\/\/ambsanjose.esteri.it\/es\/wp-json\/wp\/v2\/pages\/891\/revisions\/9685"}],"up":[{"embeddable":true,"href":"https:\/\/ambsanjose.esteri.it\/es\/wp-json\/wp\/v2\/pages\/896"}],"wp:attachment":[{"href":"https:\/\/ambsanjose.esteri.it\/es\/wp-json\/wp\/v2\/media?parent=891"}],"curies":[{"name":"wp","href":"https:\/\/api.w.org\/{rel}","templated":true}]}}