{"id":896,"date":"2023-11-06T08:41:16","date_gmt":"2023-11-06T14:41:16","guid":{"rendered":"https:\/\/ambsanjose.esteri.it\/?page_id=896"},"modified":"2025-10-07T09:17:32","modified_gmt":"2025-10-07T15:17:32","slug":"conozca-las-instituciones-de-costa-rica","status":"publish","type":"page","link":"https:\/\/ambsanjose.esteri.it\/es\/italia-e-costa-rica\/diplomazia-culturale\/conozca-las-instituciones-de-costa-rica\/","title":{"rendered":"Conoce Costa Rica"},"content":{"rendered":"<p><img loading=\"lazy\" decoding=\"async\" class=\"size-full wp-image-9557 img-fluid aligncenter\" src=\"https:\/\/ambsanjose.esteri.it\/wp-content\/uploads\/2025\/07\/CR-_-1x1.66-1.png\" alt=\"\" width=\"240\" height=\"146\" \/><\/p>\n<p>&nbsp;<\/p>\n<p>Esta p\u00e1gina est\u00e1 dedicada a la <strong>historia y las instituciones de Costa Rica<\/strong>. La selecci\u00f3n de art\u00edculos aqu\u00ed publicados ofrece una visi\u00f3n aut\u00e9ntica del pa\u00eds a trav\u00e9s de los ojos de quienes lo viven, con las contribuciones directas de la Embajada, adem\u00e1s de las p\u00e1ginas de informaci\u00f3n detallada adjuntas.<\/p>\n<p>Conoce el pa\u00eds en detalle a trav\u00e9s de nuestros art\u00edculos tem\u00e1ticos:<\/p>\n<ul>\n<li><a href=\"https:\/\/ambsanjose.esteri.it\/es\/italia-e-costa-rica\/diplomazia-culturale\/conozca-las-instituciones-de-costa-rica\/el-futbol-y-costa-rica-economia-cultura-e-identidad-nacional\/\">E<\/a><a href=\"https:\/\/ambsanjose.esteri.it\/es\/italia-e-costa-rica\/diplomazia-culturale\/conozca-las-instituciones-de-costa-rica\/el-futbol-y-costa-rica-economia-cultura-e-identidad-nacional\/\">l f\u00fatbol y Costa Rica: econom\u00eda, cultura e identidad nacional<\/a><\/li>\n<li><a href=\"https:\/\/ambsanjose.esteri.it\/es\/italia-e-costa-rica\/diplomazia-culturale\/conozca-las-instituciones-de-costa-rica\/le-relazioni-diplomatiche-tra-italia-e-costa-rica-160-anni-di-storia-verso-il-futuro\/\">Las relaciones diplom\u00e1ticas entre Italia y Costa Rica: 160 a\u00f1os de historia, hacia el futuro<\/a><\/li>\n<li><a href=\"https:\/\/ambsanjose.esteri.it\/es\/italia-e-costa-rica\/diplomazia-culturale\/conozca-las-instituciones-de-costa-rica\/il-teatro-nacional-de-costa-rica-a-san-jose-monumento-nazionale-di-riferimento\/\">El Teatro Nacional de Costa Rica en San Jos\u00e9: monumento nacional de referencia<\/a><\/li>\n<li><a href=\"https:\/\/ambsanjose.esteri.it\/es\/italia-e-costa-rica\/diplomazia-culturale\/conozca-las-instituciones-de-costa-rica\/la-fiesta-nacional-de-costa-rica-el-valor-del-15-de-septiembre\/\">La fiesta nacional de Costa Rica: el valor del 15 de septiembre<\/a><\/li>\n<li><a href=\"https:\/\/ambsanjose.esteri.it\/es\/italia-e-costa-rica\/diplomazia-culturale\/conozca-las-instituciones-de-costa-rica\/la-geografia-oral-de-costa-rica-el-sistema-de-direcciones-como-patrimonio-cultural\/\">La geograf\u00eda oral de Costa Rica: el sistema de direcciones como patrimonio cultural<\/a><\/li>\n<\/ul>\n<p>o con nuestras p\u00e1ginas de informaci\u00f3n detallada:<\/p>\n<ul>\n<li><a href=\"https:\/\/ambsanjose.esteri.it\/it\/italia-e-costa-rica\/diplomazia-culturale\/conosci-le-istituzioni-del-costa-rica\/costa-rica-breve-panoramica\/\">Costa Rica: breve panor\u00e1mica<\/a><\/li>\n<li><a href=\"https:\/\/ambsanjose.esteri.it\/es\/italia-e-costa-rica\/diplomazia-culturale\/conozca-las-instituciones-de-costa-rica\/la-corte-constitucional-en-costa-rica\/\">La Corte Constitucional de Costa Rica<\/a><\/li>\n<li><a href=\"https:\/\/ambsanjose.esteri.it\/es\/italia-e-costa-rica\/diplomazia-culturale\/conozca-las-instituciones-de-costa-rica\/defensoria-de-los-habitantes\/\">La Defensoria de los Habitantes<\/a><\/li>\n<li><a href=\"https:\/\/ambsanjose.esteri.it\/es\/italia-e-costa-rica\/diplomazia-culturale\/conozca-las-instituciones-de-costa-rica\/come-le-donne-costaricensi-hanno-conquistato-il-diritto-di-voto\/\">C\u00f3mo las mujeres costarricenses conquistaron el derecho al voto<\/a><\/li>\n<\/ul>\n","protected":false},"excerpt":{"rendered":"&nbsp; Esta p\u00e1gina est\u00e1 dedicada a la historia y las instituciones de Costa Rica. La selecci\u00f3n de art\u00edculos aqu\u00ed publicados ofrece una visi\u00f3n aut\u00e9ntica del pa\u00eds a trav\u00e9s de los ojos de quienes lo viven, con las contribuciones directas de la Embajada, adem\u00e1s de las p\u00e1ginas de informaci\u00f3n detallada adjuntas. Conoce el pa\u00eds en detalle [&hellip;]","protected":false},"author":5,"featured_media":0,"parent":161,"menu_order":30,"comment_status":"closed","ping_status":"closed","template":"","meta":{"footnotes":""},"class_list":["post-896","page","type-page","status-publish","hentry"],"_links":{"self":[{"href":"https:\/\/ambsanjose.esteri.it\/es\/wp-json\/wp\/v2\/pages\/896","targetHints":{"allow":["GET"]}}],"collection":[{"href":"https:\/\/ambsanjose.esteri.it\/es\/wp-json\/wp\/v2\/pages"}],"about":[{"href":"https:\/\/ambsanjose.esteri.it\/es\/wp-json\/wp\/v2\/types\/page"}],"author":[{"embeddable":true,"href":"https:\/\/ambsanjose.esteri.it\/es\/wp-json\/wp\/v2\/users\/5"}],"replies":[{"embeddable":true,"href":"https:\/\/ambsanjose.esteri.it\/es\/wp-json\/wp\/v2\/comments?post=896"}],"version-history":[{"count":6,"href":"https:\/\/ambsanjose.esteri.it\/es\/wp-json\/wp\/v2\/pages\/896\/revisions"}],"predecessor-version":[{"id":10222,"href":"https:\/\/ambsanjose.esteri.it\/es\/wp-json\/wp\/v2\/pages\/896\/revisions\/10222"}],"up":[{"embeddable":true,"href":"https:\/\/ambsanjose.esteri.it\/es\/wp-json\/wp\/v2\/pages\/161"}],"wp:attachment":[{"href":"https:\/\/ambsanjose.esteri.it\/es\/wp-json\/wp\/v2\/media?parent=896"}],"curies":[{"name":"wp","href":"https:\/\/api.w.org\/{rel}","templated":true}]}}