{"id":9020,"date":"2025-06-04T16:13:55","date_gmt":"2025-06-04T22:13:55","guid":{"rendered":"https:\/\/ambsanjose.esteri.it\/?page_id=9020"},"modified":"2025-07-27T17:54:40","modified_gmt":"2025-07-27T23:54:40","slug":"giuseppe-corvetti","status":"publish","type":"page","link":"https:\/\/ambsanjose.esteri.it\/es\/italia-e-costa-rica\/diplomazia-culturale\/643-2\/giuseppe-corvetti\/","title":{"rendered":"Giuseppe Corvetti"},"content":{"rendered":"<p>Giuseppe Corvetti naci\u00f3 en Pisa en 1884. A los cuatro a\u00f1os se traslad\u00f3 a Costa Rica con su padre Giulio, donde vivi\u00f3 hasta los diez. Regres\u00f3 de vuelta a Italia, y se dedic\u00f3 a sus estudios.<\/p>\n<p>Curs\u00f3 Medicina en la Universidad de Pisa, una de las m\u00e1s prestigiosas de Italia, gradu\u00e1ndose con las m\u00e1ximas calificaciones por unanimidad y obteniendo los diplomas de cirujano y especialista en oftalmolog\u00eda. Se distingui\u00f3 como el mejor de su clase, gan\u00e1ndose la estima y el reconocimiento.<br \/>\nEntre las tesis que desarroll\u00f3 para su doctorado, recibi\u00f3 elogios especiales por su monograf\u00eda sobre los sarcomas de la coroides.<\/p>\n<p>Aunque la Cl\u00ednica Oftalmol\u00f3gica de Pisa le ofreci\u00f3 un puesto como primer ayudante, su afecto por Costa Rica, donde hab\u00eda Costa Rica, donde hab\u00eda pasado parte de su infancia.<\/p>\n<p>De vuelta a Costa Rica, ingres\u00f3 oficialmente en la Facultad de Medicina de la Rep\u00fablica de Costa Rica en 1909, iniciando as\u00ed su carrera como oftalm\u00f3logo reconocido en el pa\u00eds. Regres\u00f3 brevemente a Italia para luchar en la Primera Guerra Mundial, pero al t\u00e9rmino del conflicto volvi\u00f3 a Costa Rica, donde se dedic\u00f3 con pasi\u00f3n a la profesi\u00f3n de oftalm\u00f3logo.<\/p>\n<p>A pesar de su juventud, el Dr. Corvetti consigui\u00f3 hacerse con una clientela numerosa y distinguida en una de las especialidades m\u00e9dicas m\u00e1s complejas.<\/p>\n<p>Fue presidente del Club Italiano de San Jos\u00e9, representante oficial de la Liga Naval Italiana en Costa Rica y de la Cruz Roja, pero tambi\u00e9n encargado de negocios de la legaci\u00f3n italiana, desempe\u00f1ando as\u00ed un importante papel en la vida de la comunidad italiana en el pa\u00eds. importante papel en la vida de la comunidad italiana en el pa\u00eds.<\/p>\n","protected":false},"excerpt":{"rendered":"Giuseppe Corvetti naci\u00f3 en Pisa en 1884. A los cuatro a\u00f1os se traslad\u00f3 a Costa Rica con su padre Giulio, donde vivi\u00f3 hasta los diez. Regres\u00f3 de vuelta a Italia, y se dedic\u00f3 a sus estudios. Curs\u00f3 Medicina en la Universidad de Pisa, una de las m\u00e1s prestigiosas de Italia, gradu\u00e1ndose con las m\u00e1ximas calificaciones [&hellip;]","protected":false},"author":5,"featured_media":9017,"parent":643,"menu_order":0,"comment_status":"closed","ping_status":"closed","template":"","meta":{"footnotes":""},"class_list":["post-9020","page","type-page","status-publish","has-post-thumbnail","hentry"],"_links":{"self":[{"href":"https:\/\/ambsanjose.esteri.it\/es\/wp-json\/wp\/v2\/pages\/9020","targetHints":{"allow":["GET"]}}],"collection":[{"href":"https:\/\/ambsanjose.esteri.it\/es\/wp-json\/wp\/v2\/pages"}],"about":[{"href":"https:\/\/ambsanjose.esteri.it\/es\/wp-json\/wp\/v2\/types\/page"}],"author":[{"embeddable":true,"href":"https:\/\/ambsanjose.esteri.it\/es\/wp-json\/wp\/v2\/users\/5"}],"replies":[{"embeddable":true,"href":"https:\/\/ambsanjose.esteri.it\/es\/wp-json\/wp\/v2\/comments?post=9020"}],"version-history":[{"count":3,"href":"https:\/\/ambsanjose.esteri.it\/es\/wp-json\/wp\/v2\/pages\/9020\/revisions"}],"predecessor-version":[{"id":9539,"href":"https:\/\/ambsanjose.esteri.it\/es\/wp-json\/wp\/v2\/pages\/9020\/revisions\/9539"}],"up":[{"embeddable":true,"href":"https:\/\/ambsanjose.esteri.it\/es\/wp-json\/wp\/v2\/pages\/643"}],"wp:featuredmedia":[{"embeddable":true,"href":"https:\/\/ambsanjose.esteri.it\/es\/wp-json\/wp\/v2\/media\/9017"}],"wp:attachment":[{"href":"https:\/\/ambsanjose.esteri.it\/es\/wp-json\/wp\/v2\/media?parent=9020"}],"curies":[{"name":"wp","href":"https:\/\/api.w.org\/{rel}","templated":true}]}}