{"id":9032,"date":"2025-06-05T08:09:15","date_gmt":"2025-06-05T14:09:15","guid":{"rendered":"https:\/\/ambsanjose.esteri.it\/?page_id=9032"},"modified":"2025-06-05T08:09:15","modified_gmt":"2025-06-05T14:09:15","slug":"reconocimiento-de-la-ciudadania-iure-sanguinis","status":"publish","type":"page","link":"https:\/\/ambsanjose.esteri.it\/es\/servizi-consolari-e-visti\/servizi-per-il-cittadino-straniero\/cittadinanza\/reconocimiento-de-la-ciudadania-iure-sanguinis\/","title":{"rendered":"Reconocimiento de la ciudadan\u00eda \u201ciure sanguinis\u201d"},"content":{"rendered":"<p align=\"center\"><strong><u>El contenido de la presente p\u00e1gina web se encuentra en proceso de actualizaci\u00f3n<\/u><\/strong><\/p>\n<p align=\"center\"><strong><u>En lo que respecta a las normas actualmente vigentes sobre el reconocimiento de la ciudadan\u00eda \u201ciure sanguinis\u201d, se ruega consultar la normativa publicada en el siguiente\u00a0<a href=\"https:\/\/www.gazzettaufficiale.it\/eli\/id\/2025\/05\/23\/25A03081\/sg\">enlace<\/a>, en el que se encuentra disponible el texto del decreto-ley n. 36 del 28 de marzo de 2025, en coordinaci\u00f3n con la ley de conversi\u00f3n n. 74 del 23 de mayo de 2025, que se recomienda leer atentamente.<\/u><\/strong><\/p>\n<p>&nbsp;<\/p>\n","protected":false},"excerpt":{"rendered":"El contenido de la presente p\u00e1gina web se encuentra en proceso de actualizaci\u00f3n En lo que respecta a las normas actualmente vigentes sobre el reconocimiento de la ciudadan\u00eda \u201ciure sanguinis\u201d, se ruega consultar la normativa publicada en el siguiente\u00a0enlace, en el que se encuentra disponible el texto del decreto-ley n. 36 del 28 de marzo [&hellip;]","protected":false},"author":5,"featured_media":0,"parent":187,"menu_order":0,"comment_status":"closed","ping_status":"closed","template":"","meta":{"footnotes":""},"class_list":["post-9032","page","type-page","status-publish","hentry"],"_links":{"self":[{"href":"https:\/\/ambsanjose.esteri.it\/es\/wp-json\/wp\/v2\/pages\/9032","targetHints":{"allow":["GET"]}}],"collection":[{"href":"https:\/\/ambsanjose.esteri.it\/es\/wp-json\/wp\/v2\/pages"}],"about":[{"href":"https:\/\/ambsanjose.esteri.it\/es\/wp-json\/wp\/v2\/types\/page"}],"author":[{"embeddable":true,"href":"https:\/\/ambsanjose.esteri.it\/es\/wp-json\/wp\/v2\/users\/5"}],"replies":[{"embeddable":true,"href":"https:\/\/ambsanjose.esteri.it\/es\/wp-json\/wp\/v2\/comments?post=9032"}],"version-history":[{"count":1,"href":"https:\/\/ambsanjose.esteri.it\/es\/wp-json\/wp\/v2\/pages\/9032\/revisions"}],"predecessor-version":[{"id":9033,"href":"https:\/\/ambsanjose.esteri.it\/es\/wp-json\/wp\/v2\/pages\/9032\/revisions\/9033"}],"up":[{"embeddable":true,"href":"https:\/\/ambsanjose.esteri.it\/es\/wp-json\/wp\/v2\/pages\/187"}],"wp:attachment":[{"href":"https:\/\/ambsanjose.esteri.it\/es\/wp-json\/wp\/v2\/media?parent=9032"}],"curies":[{"name":"wp","href":"https:\/\/api.w.org\/{rel}","templated":true}]}}