{"id":918,"date":"2023-11-06T09:16:27","date_gmt":"2023-11-06T15:16:27","guid":{"rendered":"https:\/\/ambsanjose.esteri.it\/?page_id=918"},"modified":"2023-11-06T09:17:02","modified_gmt":"2023-11-06T15:17:02","slug":"el-registro-de-las-empresas","status":"publish","type":"page","link":"https:\/\/ambsanjose.esteri.it\/es\/servizi-consolari-e-visti\/servizi-per-il-cittadino-italiano\/mudarse-a-costa-rica\/el-registro-de-las-empresas\/","title":{"rendered":"El registro de las empresas"},"content":{"rendered":"<p>El registro de las empresas en la Direcci\u00f3n General de Migraci\u00f3n y Extranjer\u00eda permite a las empresas que cumplen con los requisitos establecidos de poder disfrutar de beneficios tal como la atenci\u00f3n en la ventanilla preferencial para las empresas, ubicada en la Plataforma de Servicios de Administraci\u00f3n de Negocios Extranjeros y la reducci\u00f3n de los plazos para las solicitudes de residencia temporal de sus empleados.<\/p>\n<p>Hay siete categor\u00edas en que se clasifiquen las empresas, seg\u00fan sus caracter\u00edsticas:<\/p>\n<p>1.\u00a0<strong>Categor\u00eda A:<\/strong>\u00a0empresas que operan o que comenzar\u00e1n a operar con arreglo a reg\u00edmenes especiales de promoci\u00f3n de las exportaciones.\u00a0<a href=\"https:\/\/www.migracion.go.cr\/Documentos%20compartidos\/Categor%c3%ada%20Migratorias%20%28Extranjer%c3%ada%29\/Registro%20de%20Empresas\/Registro%20de%20empresas%20categoria%20A%20version%20web.pdf\"><strong>Requisitos.<\/strong><\/a><\/p>\n<p>2.\u00a0<strong>Categor\u00eda B:<\/strong>\u00a0empresas que no est\u00e9n amparadas por reg\u00edmenes especiales de promoci\u00f3n de las exportaciones y que llevan a cabo actividades de investigaci\u00f3n y desarrollo.\u00a0<strong><a href=\"https:\/\/www.migracion.go.cr\/Documentos%20compartidos\/Categor%c3%ada%20Migratorias%20%28Extranjer%c3%ada%29\/Registro%20de%20Empresas\/Registro%20de%20empresas%20categoria%20B%20version%20web.pdf\">Requisitos.<\/a><\/strong><\/p>\n<p>3.\u00a0<strong>Categor\u00eda C:<\/strong>\u00a0empresas que operan en el sector tur\u00edstico en Costa Rica.\u00a0<a href=\"https:\/\/www.migracion.go.cr\/Documentos%20compartidos\/Categor%c3%ada%20Migratorias%20%28Extranjer%c3%ada%29\/Registro%20de%20Empresas\/Registro%20de%20empresas%20categoria%20C%20version%20web.pdf\"><strong>Requisitos.<\/strong><\/a><\/p>\n<p>4.\u00a0<strong>Categor\u00eda D:<\/strong>\u00a0empresas que operan en el sector financiero en Costa Rica.\u00a0<strong><a href=\"https:\/\/www.migracion.go.cr\/Documentos%20compartidos\/Categor%c3%ada%20Migratorias%20%28Extranjer%c3%ada%29\/Registro%20de%20Empresas\/Registro%20de%20empresas%20categoria%20D%20version%20web.pdf\">Requisitos<\/a>.<\/strong><\/p>\n<p>5.\u00a0<strong>Categor\u00eda E:<\/strong>\u00a0empresas que operan en el sector de telecomunicaciones.\u00a0<a href=\"https:\/\/www.migracion.go.cr\/Documentos%20compartidos\/Categor%c3%ada%20Migratorias%20%28Extranjer%c3%ada%29\/Registro%20de%20Empresas\/Registro%20de%20empresas%20categoria%20E%20version%20web.pdf\"><strong>Requisitos.<\/strong><\/a><\/p>\n<p>6.\u00a0<strong>Categor\u00eda F:<\/strong>\u00a0sucursales de empresas multinacionales.\u00a0<strong><a href=\"https:\/\/www.migracion.go.cr\/Documentos%20compartidos\/Categor%c3%ada%20Migratorias%20%28Extranjer%c3%ada%29\/Registro%20de%20Empresas\/Registro%20de%20empresas%20categoria%20F%20version%20web.pdf\">Requisitos.<\/a><\/strong><\/p>\n<p>7.\u00a0<strong>Categor\u00eda G:<\/strong>\u00a0empresas que operan o que comenzar\u00e1n a operar en Costa Rica y que se adjudiquen contratos p\u00fablicos.\u00a0<a href=\"https:\/\/www.migracion.go.cr\/Documentos%20compartidos\/Categor%c3%ada%20Migratorias%20%28Extranjer%c3%ada%29\/Registro%20de%20Empresas\/Registro%20de%20empresas%20categoria%20G%20version%20web.pdf\"><strong>Requisitos.<\/strong><\/a><\/p>\n","protected":false},"excerpt":{"rendered":"El registro de las empresas en la Direcci\u00f3n General de Migraci\u00f3n y Extranjer\u00eda permite a las empresas que cumplen con los requisitos establecidos de poder disfrutar de beneficios tal como la atenci\u00f3n en la ventanilla preferencial para las empresas, ubicada en la Plataforma de Servicios de Administraci\u00f3n de Negocios Extranjeros y la reducci\u00f3n de los [&hellip;]","protected":false},"author":5,"featured_media":0,"parent":922,"menu_order":0,"comment_status":"closed","ping_status":"closed","template":"","meta":{"footnotes":""},"class_list":["post-918","page","type-page","status-publish","hentry"],"_links":{"self":[{"href":"https:\/\/ambsanjose.esteri.it\/es\/wp-json\/wp\/v2\/pages\/918","targetHints":{"allow":["GET"]}}],"collection":[{"href":"https:\/\/ambsanjose.esteri.it\/es\/wp-json\/wp\/v2\/pages"}],"about":[{"href":"https:\/\/ambsanjose.esteri.it\/es\/wp-json\/wp\/v2\/types\/page"}],"author":[{"embeddable":true,"href":"https:\/\/ambsanjose.esteri.it\/es\/wp-json\/wp\/v2\/users\/5"}],"replies":[{"embeddable":true,"href":"https:\/\/ambsanjose.esteri.it\/es\/wp-json\/wp\/v2\/comments?post=918"}],"version-history":[{"count":1,"href":"https:\/\/ambsanjose.esteri.it\/es\/wp-json\/wp\/v2\/pages\/918\/revisions"}],"predecessor-version":[{"id":920,"href":"https:\/\/ambsanjose.esteri.it\/es\/wp-json\/wp\/v2\/pages\/918\/revisions\/920"}],"up":[{"embeddable":true,"href":"https:\/\/ambsanjose.esteri.it\/es\/wp-json\/wp\/v2\/pages\/922"}],"wp:attachment":[{"href":"https:\/\/ambsanjose.esteri.it\/es\/wp-json\/wp\/v2\/media?parent=918"}],"curies":[{"name":"wp","href":"https:\/\/api.w.org\/{rel}","templated":true}]}}