{"id":9242,"date":"2025-06-30T16:02:31","date_gmt":"2025-06-30T22:02:31","guid":{"rendered":"https:\/\/ambsanjose.esteri.it\/?page_id=9242"},"modified":"2025-10-09T09:15:13","modified_gmt":"2025-10-09T15:15:13","slug":"ciudadania-y-adopcion","status":"publish","type":"page","link":"https:\/\/ambsanjose.esteri.it\/es\/servizi-consolari-e-visti\/servizi-per-il-cittadino-straniero\/ciudadania-y-adopcion\/","title":{"rendered":"Ciudadan\u00eda y Adopci\u00f3n"},"content":{"rendered":"<p>El Decreto-Ley del 28 de marzo de 2025, n.\u00b0 36, fue convertido con modificaciones en la Ley del <strong>23 de mayo de 2025, n.\u00b0 74,<\/strong> con vigencia a partir del 24 de mayo de 2025.<br \/>\nLa ley de conversi\u00f3n reforma la <strong>Ley del 5 de febrero de 1992, n.\u00b0 91<\/strong>, cuyo nuevo texto completo est\u00e1 disponible en el siguiente <a href=\"https:\/\/www.normattiva.it\/uri-res\/N2Ls?urn:nir:stato:legge:1992-02-05;91!vig=\">enlace<\/a>.<\/p>\n<p>Se llama, en particular, la atenci\u00f3n sobre el nuevo <strong>art\u00edculo 3-bis:<\/strong><\/p>\n<p><em>En derogaci\u00f3n de los art\u00edculos 1, 2, 3, 14 y 20 de la presente ley, del art\u00edculo 5 de la Ley del 21 de abril de 1983, n.\u00b0 123, de los art\u00edculos 1, 2, 7, 10, 12 y 19 de la Ley del 13 de junio de 1912, n.\u00b0 555, as\u00ed como de los art\u00edculos 4, 5, 7, 8 y 9 del C\u00f3digo Civil aprobado mediante Real Decreto del 25 de junio de 1865, n.\u00b0 2358, se considera que no ha adquirido nunca la ciudadan\u00eda italiana quien haya nacido en el extranjero, incluso antes de la entrada en vigor del presente art\u00edculo, y posea otra ciudadan\u00eda, salvo que se d\u00e9 una de las siguientes condiciones:<\/em><\/p>\n<ol>\n<li><em>a)<\/em><em> el estado de ciudadano del interesado es reconocido, conforme a la normativa vigente al 27 de marzo de 2025, tras la presentaci\u00f3n de una solicitud acompa\u00f1ada de la documentaci\u00f3n necesaria, ante la oficina consular o el alcalde competente, a m\u00e1s tardar a las 23:59 (hora de Roma) de esa misma fecha;<\/em><\/li>\n<\/ol>\n<p><em>a-bis)<\/em><em> el estado de ciudadano del interesado es reconocido, conforme a la normativa vigente al 27 de marzo de 2025, tras la presentaci\u00f3n de una solicitud acompa\u00f1ada de la documentaci\u00f3n necesaria, ante la oficina consular o el alcalde competente, en la fecha se\u00f1alada por una cita comunicada al interesado por la oficina competente antes de las 23:59 (hora de Roma) del mismo 27 de marzo de 2025;<\/em><\/p>\n<ol>\n<li><em>b)<\/em><em> el estado de ciudadano del interesado es reconocido judicialmente, conforme a la normativa vigente al 27 de marzo de 2025, a trav\u00e9s de una demanda presentada a m\u00e1s tardar a las 23:59 (hora de Roma) de esa misma fecha;<\/em><\/li>\n<li><em>c)<\/em><em> un ascendiente de primer o segundo grado posee o pose\u00eda exclusivamente la ciudadan\u00eda italiana al momento de su fallecimiento;<\/em><\/li>\n<li><em>d)<\/em><em> uno de los padres o adoptantes ha residido en Italia por al menos dos a\u00f1os continuos despu\u00e9s de haber adquirido la ciudadan\u00eda italiana y antes de la fecha de nacimiento o adopci\u00f3n del hijo.<\/em><\/li>\n<\/ol>\n<p>Por lo tanto, de acuerdo con la nueva Ley n.\u00b0 91 de 1992, se reconoce como ciudadano italiano iure sanguinis (desde el nacimiento):<\/p>\n<ul>\n<li>El solicitante <strong>nacido en Italia,<\/strong> sin importar la fecha;<\/li>\n<li>El solicitante que posee \u00fanicamente la ciudadan\u00eda italiana, es decir, <strong>que no tiene ni puede tener otra ciudadan\u00eda;<\/strong><\/li>\n<li>El solicitante que se encuentra <strong>en uno de los casos<\/strong> indicados en las <strong>letras a), a-bis), b), c) y d) del art\u00edculo 3-bis.<\/strong><\/li>\n<\/ul>\n<p>\u2014 \u2014 \u2014<\/p>\n<p><strong>A la luz de la nueva ley se precisa que:<\/strong><\/p>\n<ul>\n<li><strong>Solo las solicitudes presentadas antes del 27 de marzo de 2025 a las 23:59, hora italiana<\/strong><strong>, acompa\u00f1adas de la documentaci\u00f3n requerida, se rigen por la normativa anterior.<\/strong><\/li>\n<\/ul>\n<p>Por &#8220;solicitudes presentadas&#8221; se entiende:<\/p>\n<ul>\n<li>Entregadas en la ventanilla de la Oficina Consular antes de la fecha y hora indicadas;<\/li>\n<li>Enviadas por correo con seguimiento, con fecha y hora anteriores al plazo mencionado;<\/li>\n<li>Enviadas por correo sin seguimiento, y recibidas por la Oficina Consular antes del plazo mencionado;<\/li>\n<li>Recibidas a trav\u00e9s de la plataforma Fast-It antes del plazo mencionado.<\/li>\n<\/ul>\n<p>&nbsp;<\/p>\n<ul>\n<li><strong>Solo las solicitudes, acompa\u00f1adas de la documentaci\u00f3n requerida, presentadas en la Oficina Consular el d\u00eda indicado en una cita confirmada y comunicada al interesado por la Oficina competente antes de las 23:59 (hora de Roma) del 27 de marzo de 2025<\/strong><strong> se rigen por la normativa anterior.<\/strong><\/li>\n<\/ul>\n<p>Por <em>&#8220;cita comunicada al interesado por la Oficina competente&#8221;<\/em> se entiende la confirmaci\u00f3n recibida por el interesado por medio de correo electr\u00f3nico, ya sea a trav\u00e9s del portal Prenot@mi o desde la direcci\u00f3n de correo institucional de la Secci\u00f3n de la Oficina Consular competente para la solicitud.<\/p>\n<ul>\n<li><strong>En cualquier otra circunstancia<\/strong><strong>, las solicitudes estar\u00e1n sujetas a la nueva normativa.<\/strong><\/li>\n<\/ul>\n<p>Las tarifas consulares aplicables est\u00e1n disponibles en esta <a href=\"https:\/\/www.esteri.it\/it\/servizi-consolari-e-visti\/normativa_consolare\/tariffa-consolare\/\">p\u00e1gina<\/a>.<\/p>\n<p>En cuanto a la <strong>documentaci\u00f3n necesaria a presentar,<\/strong> los interesados deber\u00e1n aportar:<\/p>\n<p>Lo previsto por la Circular K.28.1 del 8 de abril de 1991 del Ministerio del Interior, es decir:<\/p>\n<ol>\n<li>Extracto del acta de nacimiento del antepasado italiano emigrado al extranjero, emitido por el Municipio italiano donde naci\u00f3;<\/li>\n<li>Actas de nacimiento, con traducci\u00f3n oficial al italiano, de todos sus descendientes en l\u00ednea recta, incluyendo la de la persona que reclama la ciudadan\u00eda italiana;<\/li>\n<li>Acta de matrimonio del antepasado italiano emigrado al extranjero, con traducci\u00f3n oficial al italiano si fue emitida en el extranjero;<\/li>\n<li>Actas de matrimonio de sus descendientes en l\u00ednea recta, incluyendo la de los padres de la persona que reclama la ciudadan\u00eda italiana;<\/li>\n<li>Certificado emitido por las Autoridades competentes del Estado extranjero de emigraci\u00f3n, con traducci\u00f3n oficial al italiano, que acredite que el antepasado italiano no adquiri\u00f3 la ciudadan\u00eda del pa\u00eds de emigraci\u00f3n antes del nacimiento del ascendiente del solicitante;<\/li>\n<li>Certificado emitido por la Autoridad Consular italiana competente, que acredite que ni los ascendientes en l\u00ednea recta ni el solicitante renunciaron jam\u00e1s a la ciudadan\u00eda italiana, conforme al art\u00edculo 7 de la ley del 13 de junio de 1912, n.\u00b0 555;<\/li>\n<li>Certificado de residencia.Para la aplicaci\u00f3n de la <strong>nueva normativa,<\/strong> tambi\u00e9n se deber\u00e1 presentar:<\/li>\n<\/ol>\n<ul>\n<li>Para demostrar la posesi\u00f3n exclusiva de la ciudadan\u00eda italiana (a modo de ejemplo):\n<ul>\n<li>Certificados negativos de ciudadan\u00eda;<\/li>\n<li>Constancias de renuncia a otra ciudadan\u00eda;<\/li>\n<li>Certificados de no inscripci\u00f3n en los padrones electorales.<\/li>\n<\/ul>\n<\/li>\n<li>Para demostrar residencia en Italia por al menos dos a\u00f1os continuos:<\/li>\n<li style=\"list-style-type: none;\">\n<ul>\n<li>Certificado hist\u00f3rico de ciudadan\u00eda.<\/li>\n<\/ul>\n<\/li>\n<\/ul>\n<p>&nbsp;<\/p>\n<p>\u2014 \u2014 \u2014<\/p>\n<p>A trav\u00e9s de los enlaces a la derecha, es posible acceder a la informaci\u00f3n relacionada con otras modalidades espec\u00edficas para la adquisici\u00f3n de la ciudadan\u00eda italiana:<\/p>\n<ul>\n<li><strong><a href=\"https:\/\/ambsanjose.esteri.it\/es\/servizi-consolari-e-visti\/servizi-per-il-cittadino-straniero\/ciudadania-y-adopcion\/adquisicion-de-la-ciudadania-por-beneficio-de-ley-hijos-menores-nacidos-en-el-extranjero\/\">Adquisici\u00f3n de la ciudadan\u00eda por \u201cbeneficio de ley\u201d (hijos menores)<\/a><\/strong><\/li>\n<li><strong><a href=\"https:\/\/ambsanjose.esteri.it\/es\/servizi-consolari-e-visti\/servizi-per-il-cittadino-straniero\/ciudadania-y-adopcion\/adquisicion-de-la-ciudadania-de-hijos-menores-que-conviven-con-un-padre-no-ciudadano-desde-su-nacimiento\/\">Adquisici\u00f3n de la ciudadan\u00eda de hijos menores que conviven con un padre no ciudadano desde su nacimiento<\/a><\/strong><\/li>\n<li><strong><a href=\"https:\/\/ambsanjose.esteri.it\/es\/servizi-consolari-e-visti\/servizi-per-il-cittadino-straniero\/ciudadania-y-adopcion\/readquisicion-de-la-ciudadania\/\">Readquisici\u00f3n de la ciudadan\u00eda<\/a><\/strong><\/li>\n<li><a href=\"https:\/\/ambsanjose.esteri.it\/it\/servizi-consolari-e-visti\/servizi-per-il-cittadino-straniero\/cittadinanza-e-adozione\/cittadinanza-per-matrimonio-o-unione-civile\/\"><strong>Naturalizaci\u00f3n por matrimonio<\/strong><\/a><\/li>\n<li><strong><a href=\"https:\/\/ambsanjose.esteri.it\/es\/servizi-consolari-e-visti\/servizi-per-il-cittadino-straniero\/ciudadania-y-adopcion\/reconocimiento-en-base-a-leyes-especiales\/\">Reconocimiento basado en leyes especiales<\/a><\/strong><\/li>\n<li><strong><a href=\"https:\/\/ambsanjose.esteri.it\/es\/servizi-consolari-e-visti\/servizi-per-il-cittadino-straniero\/ciudadania-y-adopcion\/certificado-de-no-renuncia\/\">Certificado de \u201cno renuncia\u201d<\/a><\/strong><\/li>\n<\/ul>\n","protected":false},"excerpt":{"rendered":"El Decreto-Ley del 28 de marzo de 2025, n.\u00b0 36, fue convertido con modificaciones en la Ley del 23 de mayo de 2025, n.\u00b0 74, con vigencia a partir del 24 de mayo de 2025. La ley de conversi\u00f3n reforma la Ley del 5 de febrero de 1992, n.\u00b0 91, cuyo nuevo texto completo est\u00e1 [&hellip;]","protected":false},"author":5,"featured_media":0,"parent":185,"menu_order":0,"comment_status":"closed","ping_status":"closed","template":"","meta":{"footnotes":""},"class_list":["post-9242","page","type-page","status-publish","hentry"],"_links":{"self":[{"href":"https:\/\/ambsanjose.esteri.it\/es\/wp-json\/wp\/v2\/pages\/9242","targetHints":{"allow":["GET"]}}],"collection":[{"href":"https:\/\/ambsanjose.esteri.it\/es\/wp-json\/wp\/v2\/pages"}],"about":[{"href":"https:\/\/ambsanjose.esteri.it\/es\/wp-json\/wp\/v2\/types\/page"}],"author":[{"embeddable":true,"href":"https:\/\/ambsanjose.esteri.it\/es\/wp-json\/wp\/v2\/users\/5"}],"replies":[{"embeddable":true,"href":"https:\/\/ambsanjose.esteri.it\/es\/wp-json\/wp\/v2\/comments?post=9242"}],"version-history":[{"count":3,"href":"https:\/\/ambsanjose.esteri.it\/es\/wp-json\/wp\/v2\/pages\/9242\/revisions"}],"predecessor-version":[{"id":10301,"href":"https:\/\/ambsanjose.esteri.it\/es\/wp-json\/wp\/v2\/pages\/9242\/revisions\/10301"}],"up":[{"embeddable":true,"href":"https:\/\/ambsanjose.esteri.it\/es\/wp-json\/wp\/v2\/pages\/185"}],"wp:attachment":[{"href":"https:\/\/ambsanjose.esteri.it\/es\/wp-json\/wp\/v2\/media?parent=9242"}],"curies":[{"name":"wp","href":"https:\/\/api.w.org\/{rel}","templated":true}]}}